{"id":18430,"date":"2023-11-27T20:12:30","date_gmt":"2023-11-27T19:12:30","guid":{"rendered":"https:\/\/globalwindowstrading.com\/?page_id=18430"},"modified":"2023-12-04T23:30:28","modified_gmt":"2023-12-04T22:30:28","slug":"gealan","status":"publish","type":"page","link":"https:\/\/globalwindowstrading.com\/pl\/gealan\/","title":{"rendered":"GEALAN"},"content":{"rendered":"<div data-elementor-type=\"wp-page\" data-elementor-id=\"18430\" class=\"elementor elementor-18430\">\n\t\t\t\t\t\t<section class=\"elementor-section elementor-top-section elementor-element elementor-element-2c994d8 elementor-section-content-space-evenly elementor-section-height-min-height elementor-section-boxed elementor-section-height-default elementor-section-items-middle\" data-id=\"2c994d8\" data-element_type=\"section\" data-e-type=\"section\">\n\t\t\t\t\t\t<div class=\"elementor-container elementor-column-gap-default\">\n\t\t\t\t\t<div class=\"elementor-column elementor-col-33 elementor-top-column elementor-element elementor-element-5946c01\" data-id=\"5946c01\" data-element_type=\"column\" data-e-type=\"column\">\n\t\t\t<div class=\"elementor-widget-wrap elementor-element-populated\">\n\t\t\t\t\t\t<div class=\"elementor-element elementor-element-e011a9a elementor-widget elementor-widget-image\" data-id=\"e011a9a\" data-element_type=\"widget\" data-e-type=\"widget\" data-widget_type=\"image.default\">\n\t\t\t\t<div class=\"elementor-widget-container\">\n\t\t\t\t\t\t\t\t\t\t\t\t\t\t\t<img fetchpriority=\"high\" decoding=\"async\" width=\"960\" height=\"720\" src=\"https:\/\/globalwindowstrading.com\/wp-content\/uploads\/2023\/10\/Gealan-Linear-1-960x720.png\" class=\"attachment-industrium_portfolio_masonry_4_columns size-industrium_portfolio_masonry_4_columns wp-image-18276\" alt=\"\" srcset=\"https:\/\/globalwindowstrading.com\/wp-content\/uploads\/2023\/10\/Gealan-Linear-1-960x720.png 960w, https:\/\/globalwindowstrading.com\/wp-content\/uploads\/2023\/10\/Gealan-Linear-1-1920x1440.png 1920w, https:\/\/globalwindowstrading.com\/wp-content\/uploads\/2023\/10\/Gealan-Linear-1-1280x960.png 1280w, https:\/\/globalwindowstrading.com\/wp-content\/uploads\/2023\/10\/Gealan-Linear-1-768x576.png 768w, https:\/\/globalwindowstrading.com\/wp-content\/uploads\/2023\/10\/Gealan-Linear-1-640x479.png 640w, https:\/\/globalwindowstrading.com\/wp-content\/uploads\/2023\/10\/Gealan-Linear-1-480x359.png 480w, https:\/\/globalwindowstrading.com\/wp-content\/uploads\/2023\/10\/Gealan-Linear-1-384x287.png 384w, https:\/\/globalwindowstrading.com\/wp-content\/uploads\/2023\/10\/Gealan-Linear-1-320x239.png 320w\" sizes=\"(max-width: 960px) 100vw, 960px\" \/>\t\t\t\t\t\t\t\t\t\t\t\t\t\t\t<\/div>\n\t\t\t\t<\/div>\n\t\t\t\t\t<\/div>\n\t\t<\/div>\n\t\t\t\t<div class=\"elementor-column elementor-col-66 elementor-top-column elementor-element elementor-element-3c85777\" data-id=\"3c85777\" data-element_type=\"column\" data-e-type=\"column\">\n\t\t\t<div class=\"elementor-widget-wrap elementor-element-populated\">\n\t\t\t\t\t\t<div class=\"elementor-element elementor-element-31b537f elementor-widget elementor-widget-industrium_tabs\" data-id=\"31b537f\" data-element_type=\"widget\" data-e-type=\"widget\" data-widget_type=\"industrium_tabs.default\">\n\t\t\t\t<div class=\"elementor-widget-container\">\n\t\t\t\t\t\n        <div class=\"industrium_tabs_widget\">\n            <div class=\"industrium_tabs_titles_container\">\n                <div class=\"industrium_tab_title_item\" data-id=\"industrium_tab_id_1\"><a href=\"javascript:void(0)\">GEALAN S8000<\/a><\/div>            <\/div>\n\n            <div class=\"industrium_tabs_content_container\">\n                                    <div class=\"industrium_tab_content_item\" id=\"industrium_tab_id_1\">\n                        <div class=\"industrium_tab_text_container\">\n                            <p>Lorem ipsum dolor sit amet, consectetur adipiscing elit, sed do eiusmod tempor incididunt ut labore et dolore magna aliqua. Ut enim ad minim veniam, quis nostrud exercitation ullamco laboris nisi ut aliquip ex ea commodo consequat. Duis aute irure dolor in reprehenderit in voluptate velit esse cillum dolore eu fugiat nulla pariatur.<\/p>                        <\/div>\n                    <\/div>\n                                <\/div>\n        <\/div>\n        \t\t\t\t<\/div>\n\t\t\t\t<\/div>\n\t\t\t\t<div class=\"elementor-element elementor-element-8d82d22 elementor-widget elementor-widget-text-editor\" data-id=\"8d82d22\" data-element_type=\"widget\" data-e-type=\"widget\" data-widget_type=\"text-editor.default\">\n\t\t\t\t<div class=\"elementor-widget-container\">\n\t\t\t\t\t\t\t\t\t<p>Szeroko\u015b\u0107: 74mm<\/p>\t\t\t\t\t\t\t\t<\/div>\n\t\t\t\t<\/div>\n\t\t\t\t<div class=\"elementor-element elementor-element-4d49b3f elementor-widget-divider--view-line elementor-widget elementor-widget-divider\" data-id=\"4d49b3f\" data-element_type=\"widget\" data-e-type=\"widget\" data-widget_type=\"divider.default\">\n\t\t\t\t<div class=\"elementor-widget-container\">\n\t\t\t\t\t\t\t<div class=\"elementor-divider\">\n\t\t\t<span class=\"elementor-divider-separator\">\n\t\t\t\t\t\t<\/span>\n\t\t<\/div>\n\t\t\t\t\t\t<\/div>\n\t\t\t\t<\/div>\n\t\t\t\t<div class=\"elementor-element elementor-element-d8c861c elementor-widget elementor-widget-text-editor\" data-id=\"d8c861c\" data-element_type=\"widget\" data-e-type=\"widget\" data-widget_type=\"text-editor.default\">\n\t\t\t\t<div class=\"elementor-widget-container\">\n\t\t\t\t\t\t\t\t\t<p>Ilo\u015b\u0107 kom\u00f3r: 6<\/p>\t\t\t\t\t\t\t\t<\/div>\n\t\t\t\t<\/div>\n\t\t\t\t<div class=\"elementor-element elementor-element-3f159c9 elementor-widget-divider--view-line elementor-widget elementor-widget-divider\" data-id=\"3f159c9\" data-element_type=\"widget\" data-e-type=\"widget\" data-widget_type=\"divider.default\">\n\t\t\t\t<div class=\"elementor-widget-container\">\n\t\t\t\t\t\t\t<div class=\"elementor-divider\">\n\t\t\t<span class=\"elementor-divider-separator\">\n\t\t\t\t\t\t<\/span>\n\t\t<\/div>\n\t\t\t\t\t\t<\/div>\n\t\t\t\t<\/div>\n\t\t\t\t<div class=\"elementor-element elementor-element-9b32482 elementor-widget elementor-widget-text-editor\" data-id=\"9b32482\" data-element_type=\"widget\" data-e-type=\"widget\" data-widget_type=\"text-editor.default\">\n\t\t\t\t<div class=\"elementor-widget-container\">\n\t\t\t\t\t\t\t\t\t<p>Ilo\u015b\u0107 uszczelek: 2<\/p>\t\t\t\t\t\t\t\t<\/div>\n\t\t\t\t<\/div>\n\t\t\t\t<div class=\"elementor-element elementor-element-281dc2c elementor-widget-divider--view-line elementor-widget elementor-widget-divider\" data-id=\"281dc2c\" data-element_type=\"widget\" data-e-type=\"widget\" data-widget_type=\"divider.default\">\n\t\t\t\t<div class=\"elementor-widget-container\">\n\t\t\t\t\t\t\t<div class=\"elementor-divider\">\n\t\t\t<span class=\"elementor-divider-separator\">\n\t\t\t\t\t\t<\/span>\n\t\t<\/div>\n\t\t\t\t\t\t<\/div>\n\t\t\t\t<\/div>\n\t\t\t\t<div class=\"elementor-element elementor-element-6c23247 elementor-widget elementor-widget-text-editor\" data-id=\"6c23247\" data-element_type=\"widget\" data-e-type=\"widget\" data-widget_type=\"text-editor.default\">\n\t\t\t\t<div class=\"elementor-widget-container\">\n\t\t\t\t\t\t\t\t\t<p>Ilo\u015b\u0107 uszczelek: 2<\/p>\t\t\t\t\t\t\t\t<\/div>\n\t\t\t\t<\/div>\n\t\t\t\t<div class=\"elementor-element elementor-element-62e29b9 elementor-widget-divider--view-line elementor-widget elementor-widget-divider\" data-id=\"62e29b9\" data-element_type=\"widget\" data-e-type=\"widget\" data-widget_type=\"divider.default\">\n\t\t\t\t<div class=\"elementor-widget-container\">\n\t\t\t\t\t\t\t<div class=\"elementor-divider\">\n\t\t\t<span class=\"elementor-divider-separator\">\n\t\t\t\t\t\t<\/span>\n\t\t<\/div>\n\t\t\t\t\t\t<\/div>\n\t\t\t\t<\/div>\n\t\t\t\t<div class=\"elementor-element elementor-element-8f212e6 elementor-widget elementor-widget-text-editor\" data-id=\"8f212e6\" data-element_type=\"widget\" data-e-type=\"widget\" data-widget_type=\"text-editor.default\">\n\t\t\t\t<div class=\"elementor-widget-container\">\n\t\t\t\t\t\t\t\t\t<p> \nUw okna referencyjnego: 0,77 (W\/m\/K)      \u00a0 | \u00a0 \u00a00,2 Btu\/h\/ft 2 \/F \n<\/p>\t\t\t\t\t\t\t\t<\/div>\n\t\t\t\t<\/div>\n\t\t\t\t<div class=\"elementor-element elementor-element-949ca33 elementor-widget-divider--view-line elementor-widget elementor-widget-divider\" data-id=\"949ca33\" data-element_type=\"widget\" data-e-type=\"widget\" data-widget_type=\"divider.default\">\n\t\t\t\t<div class=\"elementor-widget-container\">\n\t\t\t\t\t\t\t<div class=\"elementor-divider\">\n\t\t\t<span class=\"elementor-divider-separator\">\n\t\t\t\t\t\t<\/span>\n\t\t<\/div>\n\t\t\t\t\t\t<\/div>\n\t\t\t\t<\/div>\n\t\t\t\t<div class=\"elementor-element elementor-element-0d4a2df elementor-widget elementor-widget-text-editor\" data-id=\"0d4a2df\" data-element_type=\"widget\" data-e-type=\"widget\" data-widget_type=\"text-editor.default\">\n\t\t\t\t<div class=\"elementor-widget-container\">\n\t\t\t\t\t\t\t\t\t<p>Uf ramy:\u00a0 0,1 (W\/m\/K)\u00a0 |\u00a0 0,25 Btu\/h\/ft 2 \/F<\/p>\t\t\t\t\t\t\t\t<\/div>\n\t\t\t\t<\/div>\n\t\t\t\t<div class=\"elementor-element elementor-element-3908846 elementor-widget-divider--view-line elementor-widget elementor-widget-divider\" data-id=\"3908846\" data-element_type=\"widget\" data-e-type=\"widget\" data-widget_type=\"divider.default\">\n\t\t\t\t<div class=\"elementor-widget-container\">\n\t\t\t\t\t\t\t<div class=\"elementor-divider\">\n\t\t\t<span class=\"elementor-divider-separator\">\n\t\t\t\t\t\t<\/span>\n\t\t<\/div>\n\t\t\t\t\t\t<\/div>\n\t\t\t\t<\/div>\n\t\t\t\t<div class=\"elementor-element elementor-element-8d6be15 elementor-widget elementor-widget-text-editor\" data-id=\"8d6be15\" data-element_type=\"widget\" data-e-type=\"widget\" data-widget_type=\"text-editor.default\">\n\t\t\t\t<div class=\"elementor-widget-container\">\n\t\t\t\t\t\t\t\t\t<p>Rodzaj drzwi tarasowych: Patio, PSK<\/p>\t\t\t\t\t\t\t\t<\/div>\n\t\t\t\t<\/div>\n\t\t\t\t<div class=\"elementor-element elementor-element-43466c2 elementor-widget-divider--view-line elementor-widget elementor-widget-divider\" data-id=\"43466c2\" data-element_type=\"widget\" data-e-type=\"widget\" data-widget_type=\"divider.default\">\n\t\t\t\t<div class=\"elementor-widget-container\">\n\t\t\t\t\t\t\t<div class=\"elementor-divider\">\n\t\t\t<span class=\"elementor-divider-separator\">\n\t\t\t\t\t\t<\/span>\n\t\t<\/div>\n\t\t\t\t\t\t<\/div>\n\t\t\t\t<\/div>\n\t\t\t\t<div class=\"elementor-element elementor-element-edbb3d2 elementor-widget-widescreen__width-initial elementor-widget elementor-widget-text-editor\" data-id=\"edbb3d2\" data-element_type=\"widget\" data-e-type=\"widget\" data-widget_type=\"text-editor.default\">\n\t\t\t\t<div class=\"elementor-widget-container\">\n\t\t\t\t\t\t\t\t\t<p>Dodatkowe opcje systemowe:<\/p><ul><li>Pow\u0142oka akrylkolor<\/li><li>Szklenie statyczne<\/li><li>Zgrzew V-perfect<br \/><br \/><br \/><br \/><\/li><\/ul>\t\t\t\t\t\t\t\t<\/div>\n\t\t\t\t<\/div>\n\t\t\t\t\t<\/div>\n\t\t<\/div>\n\t\t\t\t\t<\/div>\n\t\t<\/section>\n\t\t\t\t<\/div>","protected":false},"excerpt":{"rendered":"<p>Szeroko\u015b\u0107: 74mm Ilo\u015b\u0107 kom\u00f3r: 6 Ilo\u015b\u0107 uszczelek: 2 Ilo\u015b\u0107 uszczelek: 2 Uw okna referencyjnego: 0,77 (W\/m\/K) \u00a0 | \u00a0 \u00a00,2 Btu\/h\/ft 2 \/F Uf ramy:\u00a0 0,1 (W\/m\/K)\u00a0 |\u00a0 0,25 Btu\/h\/ft 2 \/F Rodzaj drzwi tarasowych: Patio, PSK Dodatkowe opcje systemowe: Pow\u0142oka&#8230;<\/p>","protected":false},"author":1,"featured_media":0,"parent":0,"menu_order":0,"comment_status":"closed","ping_status":"closed","template":"","meta":{"footnotes":""},"class_list":["post-18430","page","type-page","status-publish","hentry"],"_links":{"self":[{"href":"https:\/\/globalwindowstrading.com\/pl\/wp-json\/wp\/v2\/pages\/18430","targetHints":{"allow":["GET"]}}],"collection":[{"href":"https:\/\/globalwindowstrading.com\/pl\/wp-json\/wp\/v2\/pages"}],"about":[{"href":"https:\/\/globalwindowstrading.com\/pl\/wp-json\/wp\/v2\/types\/page"}],"author":[{"embeddable":true,"href":"https:\/\/globalwindowstrading.com\/pl\/wp-json\/wp\/v2\/users\/1"}],"replies":[{"embeddable":true,"href":"https:\/\/globalwindowstrading.com\/pl\/wp-json\/wp\/v2\/comments?post=18430"}],"version-history":[{"count":17,"href":"https:\/\/globalwindowstrading.com\/pl\/wp-json\/wp\/v2\/pages\/18430\/revisions"}],"predecessor-version":[{"id":18483,"href":"https:\/\/globalwindowstrading.com\/pl\/wp-json\/wp\/v2\/pages\/18430\/revisions\/18483"}],"wp:attachment":[{"href":"https:\/\/globalwindowstrading.com\/pl\/wp-json\/wp\/v2\/media?parent=18430"}],"curies":[{"name":"wp","href":"https:\/\/api.w.org\/{rel}","templated":true}]}}