{"id":16450,"date":"2023-08-17T10:19:46","date_gmt":"2023-08-17T10:19:46","guid":{"rendered":"http:\/\/kromek.com.pl\/?page_id=16450"},"modified":"2023-08-31T22:47:06","modified_gmt":"2023-08-31T22:47:06","slug":"miscellaneous","status":"publish","type":"page","link":"https:\/\/globalwindowstrading.com\/pl\/miscellaneous\/","title":{"rendered":"Pozosta\u0142e"},"content":{"rendered":"<div data-elementor-type=\"wp-page\" data-elementor-id=\"16450\" class=\"elementor elementor-16450\">\n\t\t\t\t\t\t<section class=\"elementor-section elementor-top-section elementor-element elementor-element-615170a elementor-section-content-middle elementor-section-stretched elementor-section-boxed elementor-section-height-default elementor-section-height-default elementor-invisible\" data-id=\"615170a\" data-element_type=\"section\" data-e-type=\"section\" data-settings=\"{&quot;background_background&quot;:&quot;classic&quot;,&quot;animation&quot;:&quot;fadeInRight&quot;,&quot;stretch_section&quot;:&quot;section-stretched&quot;}\">\n\t\t\t\t\t\t<div class=\"elementor-container elementor-column-gap-default\">\n\t\t\t\t\t<div class=\"elementor-column elementor-col-50 elementor-top-column elementor-element elementor-element-c9eb1a1\" data-id=\"c9eb1a1\" data-element_type=\"column\" data-e-type=\"column\">\n\t\t\t<div class=\"elementor-widget-wrap elementor-element-populated\">\n\t\t\t\t\t\t<div class=\"elementor-element elementor-element-58386be elementor-widget-widescreen__width-initial elementor-widget elementor-widget-image\" data-id=\"58386be\" data-element_type=\"widget\" data-e-type=\"widget\" data-widget_type=\"image.default\">\n\t\t\t\t<div class=\"elementor-widget-container\">\n\t\t\t\t\t\t\t\t\t\t\t\t\t\t\t<img fetchpriority=\"high\" decoding=\"async\" width=\"1024\" height=\"461\" src=\"https:\/\/globalwindowstrading.com\/wp-content\/uploads\/2023\/08\/20220228_143645-1024x461.jpg\" class=\"attachment-large size-large wp-image-16887\" alt=\"\" srcset=\"https:\/\/globalwindowstrading.com\/wp-content\/uploads\/2023\/08\/20220228_143645-1024x461.jpg 1024w, https:\/\/globalwindowstrading.com\/wp-content\/uploads\/2023\/08\/20220228_143645-300x135.jpg 300w, https:\/\/globalwindowstrading.com\/wp-content\/uploads\/2023\/08\/20220228_143645-768x346.jpg 768w, https:\/\/globalwindowstrading.com\/wp-content\/uploads\/2023\/08\/20220228_143645-1536x692.jpg 1536w, https:\/\/globalwindowstrading.com\/wp-content\/uploads\/2023\/08\/20220228_143645-2048x922.jpg 2048w, https:\/\/globalwindowstrading.com\/wp-content\/uploads\/2023\/08\/20220228_143645-18x8.jpg 18w, https:\/\/globalwindowstrading.com\/wp-content\/uploads\/2023\/08\/20220228_143645-600x270.jpg 600w\" sizes=\"(max-width: 1024px) 100vw, 1024px\" \/>\t\t\t\t\t\t\t\t\t\t\t\t\t\t\t<\/div>\n\t\t\t\t<\/div>\n\t\t\t\t\t<\/div>\n\t\t<\/div>\n\t\t\t\t<div class=\"elementor-column elementor-col-50 elementor-top-column elementor-element elementor-element-2282576\" data-id=\"2282576\" data-element_type=\"column\" data-e-type=\"column\">\n\t\t\t<div class=\"elementor-widget-wrap elementor-element-populated\">\n\t\t\t\t\t\t<div class=\"elementor-element elementor-element-083104e elementor-widget-widescreen__width-initial elementor-widget elementor-widget-text-editor\" data-id=\"083104e\" data-element_type=\"widget\" data-e-type=\"widget\" data-widget_type=\"text-editor.default\">\n\t\t\t\t<div class=\"elementor-widget-container\">\n\t\t\t\t\t\t\t\t\t<p><span style=\"font-weight: 400;\">Potrzebujesz transportu niecodziennych towar\u00f3w za ocean? W Global Windows Trading wiemy, \u017ce nie tylko drzwiami i oknami \u017cyje polski eksport \u2013 ludzie na ca\u0142ym \u015bwiecie doceniaj\u0105 polskie i europejskie produkty z wielu rozmaitych kategorii.\u00a0<\/span><\/p>\t\t\t\t\t\t\t\t<\/div>\n\t\t\t\t<\/div>\n\t\t\t\t<div class=\"elementor-element elementor-element-41b7976 elementor-widget elementor-widget-spacer\" data-id=\"41b7976\" data-element_type=\"widget\" data-e-type=\"widget\" data-widget_type=\"spacer.default\">\n\t\t\t\t<div class=\"elementor-widget-container\">\n\t\t\t\t\t\t\t<div class=\"elementor-spacer\">\n\t\t\t<div class=\"elementor-spacer-inner\"><\/div>\n\t\t<\/div>\n\t\t\t\t\t\t<\/div>\n\t\t\t\t<\/div>\n\t\t\t\t<div class=\"elementor-element elementor-element-7252f19 elementor-widget-widescreen__width-initial elementor-widget elementor-widget-text-editor\" data-id=\"7252f19\" data-element_type=\"widget\" data-e-type=\"widget\" data-widget_type=\"text-editor.default\">\n\t\t\t\t<div class=\"elementor-widget-container\">\n\t\t\t\t\t\t\t\t\t<p><span style=\"font-weight: 400;\">Transportujemy wszystko, co legalne i zajmujemy si\u0119 kompleksow\u0105 dokumentacj\u0105 niezb\u0119dn\u0105 do eksportu z Polski i importu do miejsca docelowego \u2013 w tym do USA, Australii, Kanady.<\/span><\/p>\t\t\t\t\t\t\t\t<\/div>\n\t\t\t\t<\/div>\n\t\t\t\t<div class=\"elementor-element elementor-element-a0197b1 elementor-widget-widescreen__width-initial elementor-widget elementor-widget-text-editor\" data-id=\"a0197b1\" data-element_type=\"widget\" data-e-type=\"widget\" data-widget_type=\"text-editor.default\">\n\t\t\t\t<div class=\"elementor-widget-container\">\n\t\t\t\t\t\t\t\t\t<p><span style=\"font-weight: 400;\">Wiemy, jak bezpiecznie przewie\u017a\u0107 samochody, korzystaj\u0105c z transportu morskiego. Za nami zlecenia, podczas kt\u00f3rych eksportowali\u015bmy maszyny rolnicze i budowlane, rowery z lat dziewi\u0119\u0107dziesi\u0105tych, a nawet stolnice na drugi koniec \u015bwiata. Powiedz nam, co chcesz przewie\u017a\u0107 \u2013 my zorganizujemy bezpieczny transport dla Twojego zam\u00f3wienia i osobi\u015bcie zabezpieczymy cenne dla Ciebie przedmioty, zanim wyrusz\u0105 w podr\u00f3\u017c kontenerowcem lub drobnicowcem.<\/span><\/p>\t\t\t\t\t\t\t\t<\/div>\n\t\t\t\t<\/div>\n\t\t\t\t\t<\/div>\n\t\t<\/div>\n\t\t\t\t\t<\/div>\n\t\t<\/section>\n\t\t\t\t<section class=\"elementor-section elementor-top-section elementor-element elementor-element-0c80f17 elementor-section-stretched elementor-section-boxed elementor-section-height-default elementor-section-height-default\" data-id=\"0c80f17\" data-element_type=\"section\" data-e-type=\"section\" data-settings=\"{&quot;stretch_section&quot;:&quot;section-stretched&quot;,&quot;background_background&quot;:&quot;classic&quot;}\">\n\t\t\t\t\t\t<div class=\"elementor-container elementor-column-gap-default\">\n\t\t\t\t\t<div class=\"elementor-column elementor-col-50 elementor-top-column elementor-element elementor-element-e45c474\" data-id=\"e45c474\" data-element_type=\"column\" data-e-type=\"column\">\n\t\t\t<div class=\"elementor-widget-wrap elementor-element-populated\">\n\t\t\t\t\t\t<div class=\"elementor-element elementor-element-877afb4 elementor-widget elementor-widget-text-editor\" data-id=\"877afb4\" data-element_type=\"widget\" data-e-type=\"widget\" data-widget_type=\"text-editor.default\">\n\t\t\t\t<div class=\"elementor-widget-container\">\n\t\t\t\t\t\t\t\t\t<p><span style=\"font-weight: 400;\">My\u015blisz o transporcie przedmiot\u00f3w, kt\u00f3rych nie widzisz na naszej stronie internetowej? Bez obaw \u2013 podejmujemy wyzwania. Oferujemy us\u0142ug\u0119 samego zabezpieczania produkt\u00f3w, organizacji transportu oraz za\u0142adunku kontenera<\/span><\/p>\t\t\t\t\t\t\t\t<\/div>\n\t\t\t\t<\/div>\n\t\t\t\t\t<\/div>\n\t\t<\/div>\n\t\t\t\t<div class=\"elementor-column elementor-col-50 elementor-top-column elementor-element elementor-element-5079c46\" data-id=\"5079c46\" data-element_type=\"column\" data-e-type=\"column\">\n\t\t\t<div class=\"elementor-widget-wrap elementor-element-populated\">\n\t\t\t\t\t\t<div class=\"elementor-element elementor-element-47e355d elementor-widget elementor-widget-image\" data-id=\"47e355d\" data-element_type=\"widget\" data-e-type=\"widget\" data-widget_type=\"image.default\">\n\t\t\t\t<div class=\"elementor-widget-container\">\n\t\t\t\t\t\t\t\t\t\t\t\t\t\t\t<img decoding=\"async\" width=\"768\" height=\"346\" src=\"https:\/\/globalwindowstrading.com\/wp-content\/uploads\/2023\/08\/WhatsApp-Image-2023-07-14-at-21.10.37-3-768x346.jpg\" class=\"attachment-medium_large size-medium_large wp-image-16892\" alt=\"\" srcset=\"https:\/\/globalwindowstrading.com\/wp-content\/uploads\/2023\/08\/WhatsApp-Image-2023-07-14-at-21.10.37-3-768x346.jpg 768w, https:\/\/globalwindowstrading.com\/wp-content\/uploads\/2023\/08\/WhatsApp-Image-2023-07-14-at-21.10.37-3-300x135.jpg 300w, https:\/\/globalwindowstrading.com\/wp-content\/uploads\/2023\/08\/WhatsApp-Image-2023-07-14-at-21.10.37-3-1024x461.jpg 1024w, https:\/\/globalwindowstrading.com\/wp-content\/uploads\/2023\/08\/WhatsApp-Image-2023-07-14-at-21.10.37-3-1536x691.jpg 1536w, https:\/\/globalwindowstrading.com\/wp-content\/uploads\/2023\/08\/WhatsApp-Image-2023-07-14-at-21.10.37-3-18x8.jpg 18w, https:\/\/globalwindowstrading.com\/wp-content\/uploads\/2023\/08\/WhatsApp-Image-2023-07-14-at-21.10.37-3-600x270.jpg 600w, https:\/\/globalwindowstrading.com\/wp-content\/uploads\/2023\/08\/WhatsApp-Image-2023-07-14-at-21.10.37-3.jpg 1600w\" sizes=\"(max-width: 768px) 100vw, 768px\" \/>\t\t\t\t\t\t\t\t\t\t\t\t\t\t\t<\/div>\n\t\t\t\t<\/div>\n\t\t\t\t\t<\/div>\n\t\t<\/div>\n\t\t\t\t\t<\/div>\n\t\t<\/section>\n\t\t\t\t<\/div>","protected":false},"excerpt":{"rendered":"<p>Need to ship something extraordinary? At Global Windows Trading, we know that it&#8217;s not just doors and windows that may be exported from Poland, as more and more people worldwide appreciate all kinds of goods from Europe.\u00a0 We can ship everything&#8230;<\/p>","protected":false},"author":1,"featured_media":0,"parent":0,"menu_order":0,"comment_status":"closed","ping_status":"closed","template":"","meta":{"footnotes":""},"class_list":["post-16450","page","type-page","status-publish","hentry"],"_links":{"self":[{"href":"https:\/\/globalwindowstrading.com\/pl\/wp-json\/wp\/v2\/pages\/16450","targetHints":{"allow":["GET"]}}],"collection":[{"href":"https:\/\/globalwindowstrading.com\/pl\/wp-json\/wp\/v2\/pages"}],"about":[{"href":"https:\/\/globalwindowstrading.com\/pl\/wp-json\/wp\/v2\/types\/page"}],"author":[{"embeddable":true,"href":"https:\/\/globalwindowstrading.com\/pl\/wp-json\/wp\/v2\/users\/1"}],"replies":[{"embeddable":true,"href":"https:\/\/globalwindowstrading.com\/pl\/wp-json\/wp\/v2\/comments?post=16450"}],"version-history":[{"count":34,"href":"https:\/\/globalwindowstrading.com\/pl\/wp-json\/wp\/v2\/pages\/16450\/revisions"}],"predecessor-version":[{"id":17638,"href":"https:\/\/globalwindowstrading.com\/pl\/wp-json\/wp\/v2\/pages\/16450\/revisions\/17638"}],"wp:attachment":[{"href":"https:\/\/globalwindowstrading.com\/pl\/wp-json\/wp\/v2\/media?parent=16450"}],"curies":[{"name":"wp","href":"https:\/\/api.w.org\/{rel}","templated":true}]}}