{"id":16449,"date":"2023-08-17T10:19:46","date_gmt":"2023-08-17T10:19:46","guid":{"rendered":"http:\/\/kromek.com.pl\/?page_id=16449"},"modified":"2023-10-30T11:16:23","modified_gmt":"2023-10-30T11:16:23","slug":"interior-design-and-fit-out","status":"publish","type":"page","link":"https:\/\/globalwindowstrading.com\/pl\/interior-design-and-fit-out\/","title":{"rendered":"Wyko\u0144czenie wn\u0119trz"},"content":{"rendered":"<div data-elementor-type=\"wp-page\" data-elementor-id=\"16449\" class=\"elementor elementor-16449\">\n\t\t\t\t\t\t<section class=\"elementor-section elementor-top-section elementor-element elementor-element-87353ba elementor-section-stretched elementor-section-boxed elementor-section-height-default elementor-section-height-default\" data-id=\"87353ba\" data-element_type=\"section\" data-e-type=\"section\" data-settings=\"{&quot;stretch_section&quot;:&quot;section-stretched&quot;}\">\n\t\t\t\t\t\t<div class=\"elementor-container elementor-column-gap-wide\">\n\t\t\t\t\t<div class=\"elementor-column elementor-col-50 elementor-top-column elementor-element elementor-element-5335a2c\" data-id=\"5335a2c\" data-element_type=\"column\" data-e-type=\"column\">\n\t\t\t<div class=\"elementor-widget-wrap elementor-element-populated\">\n\t\t\t\t\t\t<div class=\"elementor-element elementor-element-5950104 elementor-widget elementor-widget-heading\" data-id=\"5950104\" data-element_type=\"widget\" data-e-type=\"widget\" data-widget_type=\"heading.default\">\n\t\t\t\t<div class=\"elementor-widget-container\">\n\t\t\t\t\t<h2 class=\"elementor-heading-title elementor-size-default\">Co sprawia, \u017ce czujemy si\u0119 dobrze w jakiej\u015b przestrzeni \u2013 np. w domu czy w biurze? To wyko\u0144czenie wn\u0119trz.<\/h2>\t\t\t\t<\/div>\n\t\t\t\t<\/div>\n\t\t\t\t<div class=\"elementor-element elementor-element-6ddb767 elementor-widget-widescreen__width-initial elementor-widget elementor-widget-text-editor\" data-id=\"6ddb767\" data-element_type=\"widget\" data-e-type=\"widget\" data-widget_type=\"text-editor.default\">\n\t\t\t\t<div class=\"elementor-widget-container\">\n\t\t\t\t\t\t\t\t\t<p>Polskie materia\u0142y wyko\u0144czeniowe s\u0105 wysoko cenione nawet za oceanem, dlatego w Global Windows Trading zajmujemy si\u0119 nie tylko transportem okien i drzwi, ale r\u00f3wnie\u017c eksportem drzwi wewn\u0119trznych, glazury i terakoty, pod\u0142\u00f3g laminowanych i drewnianych, armatury \u0142azienkowej oraz mebli z Polski.<\/p>\t\t\t\t\t\t\t\t<\/div>\n\t\t\t\t<\/div>\n\t\t\t\t\t<\/div>\n\t\t<\/div>\n\t\t\t\t<div class=\"elementor-column elementor-col-50 elementor-top-column elementor-element elementor-element-6d7d68b\" data-id=\"6d7d68b\" data-element_type=\"column\" data-e-type=\"column\">\n\t\t\t<div class=\"elementor-widget-wrap elementor-element-populated\">\n\t\t\t\t\t\t<div class=\"elementor-element elementor-element-bd899f1 elementor-widget-widescreen__width-initial elementor-widget elementor-widget-image\" data-id=\"bd899f1\" data-element_type=\"widget\" data-e-type=\"widget\" data-widget_type=\"image.default\">\n\t\t\t\t<div class=\"elementor-widget-container\">\n\t\t\t\t\t\t\t\t\t\t\t\t\t\t\t<img fetchpriority=\"high\" decoding=\"async\" width=\"1024\" height=\"576\" src=\"https:\/\/globalwindowstrading.com\/wp-content\/uploads\/2023\/10\/AdobeStock_373256725-1024x576.jpeg\" class=\"attachment-large size-large wp-image-18110\" alt=\"\" srcset=\"https:\/\/globalwindowstrading.com\/wp-content\/uploads\/2023\/10\/AdobeStock_373256725-1024x576.jpeg 1024w, https:\/\/globalwindowstrading.com\/wp-content\/uploads\/2023\/10\/AdobeStock_373256725-300x169.jpeg 300w, https:\/\/globalwindowstrading.com\/wp-content\/uploads\/2023\/10\/AdobeStock_373256725-768x432.jpeg 768w, https:\/\/globalwindowstrading.com\/wp-content\/uploads\/2023\/10\/AdobeStock_373256725-1536x864.jpeg 1536w, https:\/\/globalwindowstrading.com\/wp-content\/uploads\/2023\/10\/AdobeStock_373256725-2048x1152.jpeg 2048w, https:\/\/globalwindowstrading.com\/wp-content\/uploads\/2023\/10\/AdobeStock_373256725-18x10.jpeg 18w, https:\/\/globalwindowstrading.com\/wp-content\/uploads\/2023\/10\/AdobeStock_373256725-600x337.jpeg 600w\" sizes=\"(max-width: 1024px) 100vw, 1024px\" \/>\t\t\t\t\t\t\t\t\t\t\t\t\t\t\t<\/div>\n\t\t\t\t<\/div>\n\t\t\t\t\t<\/div>\n\t\t<\/div>\n\t\t\t\t\t<\/div>\n\t\t<\/section>\n\t\t\t\t<section class=\"elementor-section elementor-top-section elementor-element elementor-element-e2c15a9 elementor-section-content-middle elementor-section-stretched elementor-section-boxed elementor-section-height-default elementor-section-height-default\" data-id=\"e2c15a9\" data-element_type=\"section\" data-e-type=\"section\" data-settings=\"{&quot;stretch_section&quot;:&quot;section-stretched&quot;,&quot;background_background&quot;:&quot;classic&quot;}\">\n\t\t\t\t\t\t<div class=\"elementor-container elementor-column-gap-wider\">\n\t\t\t\t\t<div class=\"elementor-column elementor-col-66 elementor-top-column elementor-element elementor-element-8ded80d\" data-id=\"8ded80d\" data-element_type=\"column\" data-e-type=\"column\">\n\t\t\t<div class=\"elementor-widget-wrap elementor-element-populated\">\n\t\t\t\t\t\t<div class=\"elementor-element elementor-element-e4ca323 elementor-widget elementor-widget-text-editor\" data-id=\"e4ca323\" data-element_type=\"widget\" data-e-type=\"widget\" data-widget_type=\"text-editor.default\">\n\t\t\t\t<div class=\"elementor-widget-container\">\n\t\t\t\t\t\t\t\t\t<p><span style=\"font-weight: 400;\">Kafle, zwane te\u017c p\u0142ytkami ceramicznymi, to popularny wyb\u00f3r do wyko\u0144czenia \u015bcian i pod\u0142\u00f3g, zw\u0142aszcza w \u0142azienkach i kuchniach, ale nie tylko. Dost\u0119pne s\u0105 w r\u00f3\u017cnych rozmiarach, kolorach, wzorach i fakturach, co pozwala na tworzenie unikalnych projekt\u00f3w. Kafle europejskich producent\u00f3w wyst\u0119puj\u0105 w naprawd\u0119 rzadko spotykanych gdzie indziej wyko\u0144czeniach. Polecamy kafle polskie, w\u0142oskie, hiszpa\u0144skie \u2013 albo jakiekolwiek inne, kt\u00f3re pasuj\u0105 do projektu klienta<br><br><\/span>Armatura \u0142azienkowa to kluczowy element wyposa\u017cenia ka\u017cdej \u0142azienki. W sk\u0142ad armatury \u0142azienkowej wchodz\u0105 takie elementy jak baterie, umywalki, wanny, kabiny prysznicowe, toalety, a tak\u017ce r\u00f3\u017cnego rodzaju akcesoria. Wyb\u00f3r odpowiedniej armatury wp\u0142ywa na komfort u\u017cytkowania \u0142azienki, ale r\u00f3wnie\u017c na jej wygl\u0105d. Solidna armatura najlepszych marek pozwala na do\u015bwiadczenie wysokiej jako\u015bci w konkurencyjnych cenach.<span style=\"font-weight: 400;\"><br><\/span><\/p>\n<p><span style=\"font-weight: 400;\">Pracujemy z biurem projektowym, kt\u00f3re na podstawie pa\u0144stwa wytycznych zaprorojektuje \u0142azienk\u0119 wraz z wizualizacj\u0105, a ca\u0142o\u015b\u0107 otrzymasz na jednej paleci\/skrzyni.<\/span><\/p>\t\t\t\t\t\t\t\t<\/div>\n\t\t\t\t<\/div>\n\t\t\t\t\t<\/div>\n\t\t<\/div>\n\t\t\t\t<div class=\"elementor-column elementor-col-33 elementor-top-column elementor-element elementor-element-f9b2d3e\" data-id=\"f9b2d3e\" data-element_type=\"column\" data-e-type=\"column\">\n\t\t\t<div class=\"elementor-widget-wrap elementor-element-populated\">\n\t\t\t\t\t\t<div class=\"elementor-element elementor-element-179a65e elementor-widget-widescreen__width-initial elementor-widget elementor-widget-image\" data-id=\"179a65e\" data-element_type=\"widget\" data-e-type=\"widget\" data-widget_type=\"image.default\">\n\t\t\t\t<div class=\"elementor-widget-container\">\n\t\t\t\t\t\t\t\t\t\t\t\t\t\t\t<img decoding=\"async\" width=\"1024\" height=\"870\" src=\"https:\/\/globalwindowstrading.com\/wp-content\/uploads\/2023\/10\/hemant-kanojiya-LSKfjiXsbUU-unsplash-1024x870.jpg\" class=\"attachment-large size-large wp-image-18237\" alt=\"\" srcset=\"https:\/\/globalwindowstrading.com\/wp-content\/uploads\/2023\/10\/hemant-kanojiya-LSKfjiXsbUU-unsplash-1024x870.jpg 1024w, https:\/\/globalwindowstrading.com\/wp-content\/uploads\/2023\/10\/hemant-kanojiya-LSKfjiXsbUU-unsplash-300x255.jpg 300w, https:\/\/globalwindowstrading.com\/wp-content\/uploads\/2023\/10\/hemant-kanojiya-LSKfjiXsbUU-unsplash-768x652.jpg 768w, https:\/\/globalwindowstrading.com\/wp-content\/uploads\/2023\/10\/hemant-kanojiya-LSKfjiXsbUU-unsplash-1536x1304.jpg 1536w, https:\/\/globalwindowstrading.com\/wp-content\/uploads\/2023\/10\/hemant-kanojiya-LSKfjiXsbUU-unsplash-2048x1739.jpg 2048w, https:\/\/globalwindowstrading.com\/wp-content\/uploads\/2023\/10\/hemant-kanojiya-LSKfjiXsbUU-unsplash-14x12.jpg 14w, https:\/\/globalwindowstrading.com\/wp-content\/uploads\/2023\/10\/hemant-kanojiya-LSKfjiXsbUU-unsplash-600x510.jpg 600w\" sizes=\"(max-width: 1024px) 100vw, 1024px\" \/>\t\t\t\t\t\t\t\t\t\t\t\t\t\t\t<\/div>\n\t\t\t\t<\/div>\n\t\t\t\t\t<\/div>\n\t\t<\/div>\n\t\t\t\t\t<\/div>\n\t\t<\/section>\n\t\t\t\t<section class=\"elementor-section elementor-top-section elementor-element elementor-element-892fa7c elementor-section-content-middle elementor-section-stretched elementor-section-boxed elementor-section-height-default elementor-section-height-default\" data-id=\"892fa7c\" data-element_type=\"section\" data-e-type=\"section\" data-settings=\"{&quot;stretch_section&quot;:&quot;section-stretched&quot;}\">\n\t\t\t\t\t\t<div class=\"elementor-container elementor-column-gap-wider\">\n\t\t\t\t\t<div class=\"elementor-column elementor-col-33 elementor-top-column elementor-element elementor-element-18ee1c2\" data-id=\"18ee1c2\" data-element_type=\"column\" data-e-type=\"column\">\n\t\t\t<div class=\"elementor-widget-wrap elementor-element-populated\">\n\t\t\t\t\t\t<div class=\"elementor-element elementor-element-f221137 elementor-widget-widescreen__width-initial elementor-widget elementor-widget-image\" data-id=\"f221137\" data-element_type=\"widget\" data-e-type=\"widget\" data-widget_type=\"image.default\">\n\t\t\t\t<div class=\"elementor-widget-container\">\n\t\t\t\t\t\t\t\t\t\t\t\t\t\t\t<img decoding=\"async\" width=\"600\" height=\"533\" src=\"https:\/\/globalwindowstrading.com\/wp-content\/uploads\/2023\/10\/AdobeStock_391235076-600x533.jpeg\" class=\"attachment-woocommerce_thumbnail size-woocommerce_thumbnail wp-image-18106\" alt=\"\" \/>\t\t\t\t\t\t\t\t\t\t\t\t\t\t\t<\/div>\n\t\t\t\t<\/div>\n\t\t\t\t\t<\/div>\n\t\t<\/div>\n\t\t\t\t<div class=\"elementor-column elementor-col-66 elementor-top-column elementor-element elementor-element-259d51b\" data-id=\"259d51b\" data-element_type=\"column\" data-e-type=\"column\" data-settings=\"{&quot;background_background&quot;:&quot;classic&quot;}\">\n\t\t\t<div class=\"elementor-widget-wrap elementor-element-populated\">\n\t\t\t\t\t<div class=\"elementor-background-overlay\"><\/div>\n\t\t\t\t\t\t<div class=\"elementor-element elementor-element-027de59 elementor-widget-laptop__width-initial elementor-widget-widescreen__width-initial elementor-widget elementor-widget-text-editor\" data-id=\"027de59\" data-element_type=\"widget\" data-e-type=\"widget\" data-widget_type=\"text-editor.default\">\n\t\t\t\t<div class=\"elementor-widget-container\">\n\t\t\t\t\t\t\t\t\t<p><span style=\"font-weight: 400;\">Drzwi wewn\u0119trzne pe\u0142ni\u0105 istotn\u0105 rol\u0119 w przestrzeni domowej, zar\u00f3wno w zakresie funkcjonalno\u015bci, jak i estetyki. Mog\u0105 by\u0107 wykonane z r\u00f3\u017cnych materia\u0142\u00f3w, w tym drewna, stali czy aluminium.<\/span><\/p><p><span style=\"font-weight: 400;\">Oferujemy Pa\u0144stwu drzwi o r\u00f3\u017cnych rozmiarach, dopasowane do grubo\u015bci muru. Proponujemy drzwi jedno- i dwuskrzyd\u0142owe, rozwierne i przesuwne (w tym kieszeniowe, w kt\u00f3rych skrzyd\u0142o wsuwa si\u0119 w \u015bcian\u0119).<\/span><\/p><p><span style=\"font-weight: 400;\">Drzwi mog\u0105 by\u0107 doposa\u017cone w do\u015bwietla. Oferujemy zar\u00f3wno tradycyjne skrzyd\u0142a drzwiowe przylgowe, jak i bezprzylgowe, drzwi z ukryt\u0105 o\u015bcie\u017cnic\u0105. Do ka\u017cdych drzwi mo\u017cna dobra\u0107 zar\u00f3wno klamk\u0119 jak i rodzaj zamka w dowolnie wybranym przez klienta stylu.<\/span><\/p><p>\u00a0<\/p>\t\t\t\t\t\t\t\t<\/div>\n\t\t\t\t<\/div>\n\t\t\t\t\t<\/div>\n\t\t<\/div>\n\t\t\t\t\t<\/div>\n\t\t<\/section>\n\t\t\t\t<section class=\"elementor-section elementor-top-section elementor-element elementor-element-175694d elementor-section-content-middle elementor-section-stretched elementor-section-boxed elementor-section-height-default elementor-section-height-default\" data-id=\"175694d\" data-element_type=\"section\" data-e-type=\"section\" data-settings=\"{&quot;stretch_section&quot;:&quot;section-stretched&quot;,&quot;background_background&quot;:&quot;classic&quot;}\">\n\t\t\t\t\t\t<div class=\"elementor-container elementor-column-gap-wider\">\n\t\t\t\t\t<div class=\"elementor-column elementor-col-33 elementor-top-column elementor-element elementor-element-306393a\" data-id=\"306393a\" data-element_type=\"column\" data-e-type=\"column\">\n\t\t\t<div class=\"elementor-widget-wrap elementor-element-populated\">\n\t\t\t\t\t\t<div class=\"elementor-element elementor-element-e77abec elementor-widget-widescreen__width-initial elementor-widget elementor-widget-text-editor\" data-id=\"e77abec\" data-element_type=\"widget\" data-e-type=\"widget\" data-widget_type=\"text-editor.default\">\n\t\t\t\t<div class=\"elementor-widget-container\">\n\t\t\t\t\t\t\t\t\t<p><span style=\"letter-spacing: 0em;\">Polskie meble kuchenne zdecydowanie wyr\u00f3\u017cniaj\u0105 si\u0119 za granic\u0105. Polscy producenci mebli do kuchni stosuj\u0105 w swoich realizacjach systemy, kt\u00f3re za granic\u0105 s\u0105 albo niespotykane, albo bardzo drogie. Wsz\u0119dzie, gdzie mieszkasz \u2013 r\u00f3wnie\u017c w USA, Kanadzie czy Australii \u2013 mo\u017cesz urz\u0105dzi\u0107 funkcjonaln\u0105 kuchni\u0119. Pomog\u0105 Ci w tym solidne europejskie meble kuchenne \u2013 zar\u00f3wno gotowe, jak i przygotowane na wymiar. Postaw na du\u017c\u0105 przestrze\u0144 robocz\u0105, pojemne szafki i wystarczaj\u0105c\u0105 ilo\u015b\u0107 miejsca na wszystkie sprz\u0119ty niezb\u0119dne do przygotowywania posi\u0142k\u00f3w. Dostosuj rozwi\u0105zania do swojego pomieszczenia i zrealizuj projekt wymarzonej kuchni dzi\u0119ki importowi mebli kuchennych z polski na zam\u00f3wienie. <\/span><span style=\"letter-spacing: 0em;\">w sprowadzeniu europejskich mebli kuchennych, w tym rozwi\u0105za\u0144 kuchennych robionych na zam\u00f3wienie i pod wymiar.<\/span><\/p>\t\t\t\t\t\t\t\t<\/div>\n\t\t\t\t<\/div>\n\t\t\t\t\t<\/div>\n\t\t<\/div>\n\t\t\t\t<div class=\"elementor-column elementor-col-66 elementor-top-column elementor-element elementor-element-6f11304\" data-id=\"6f11304\" data-element_type=\"column\" data-e-type=\"column\">\n\t\t\t<div class=\"elementor-widget-wrap elementor-element-populated\">\n\t\t\t\t\t\t<div class=\"elementor-element elementor-element-ff7943f elementor-widget-widescreen__width-initial elementor-widget elementor-widget-image\" data-id=\"ff7943f\" data-element_type=\"widget\" data-e-type=\"widget\" data-widget_type=\"image.default\">\n\t\t\t\t<div class=\"elementor-widget-container\">\n\t\t\t\t\t\t\t\t\t\t\t\t\t\t\t<img loading=\"lazy\" decoding=\"async\" width=\"1024\" height=\"576\" src=\"https:\/\/globalwindowstrading.com\/wp-content\/uploads\/2023\/10\/AdobeStock_241969398-1024x576.jpeg\" class=\"attachment-large size-large wp-image-18207\" alt=\"\" srcset=\"https:\/\/globalwindowstrading.com\/wp-content\/uploads\/2023\/10\/AdobeStock_241969398-1024x576.jpeg 1024w, https:\/\/globalwindowstrading.com\/wp-content\/uploads\/2023\/10\/AdobeStock_241969398-300x169.jpeg 300w, https:\/\/globalwindowstrading.com\/wp-content\/uploads\/2023\/10\/AdobeStock_241969398-768x432.jpeg 768w, https:\/\/globalwindowstrading.com\/wp-content\/uploads\/2023\/10\/AdobeStock_241969398-1536x864.jpeg 1536w, https:\/\/globalwindowstrading.com\/wp-content\/uploads\/2023\/10\/AdobeStock_241969398-2048x1152.jpeg 2048w, https:\/\/globalwindowstrading.com\/wp-content\/uploads\/2023\/10\/AdobeStock_241969398-18x10.jpeg 18w, https:\/\/globalwindowstrading.com\/wp-content\/uploads\/2023\/10\/AdobeStock_241969398-600x337.jpeg 600w\" sizes=\"(max-width: 1024px) 100vw, 1024px\" \/>\t\t\t\t\t\t\t\t\t\t\t\t\t\t\t<\/div>\n\t\t\t\t<\/div>\n\t\t\t\t\t<\/div>\n\t\t<\/div>\n\t\t\t\t\t<\/div>\n\t\t<\/section>\n\t\t\t\t<section class=\"elementor-section elementor-top-section elementor-element elementor-element-c15d43e elementor-section-content-middle elementor-section-stretched elementor-section-boxed elementor-section-height-default elementor-section-height-default\" data-id=\"c15d43e\" data-element_type=\"section\" data-e-type=\"section\" data-settings=\"{&quot;stretch_section&quot;:&quot;section-stretched&quot;,&quot;background_background&quot;:&quot;classic&quot;}\">\n\t\t\t\t\t\t<div class=\"elementor-container elementor-column-gap-extended\">\n\t\t\t\t\t<div class=\"elementor-column elementor-col-33 elementor-top-column elementor-element elementor-element-d8fe20e\" data-id=\"d8fe20e\" data-element_type=\"column\" data-e-type=\"column\">\n\t\t\t<div class=\"elementor-widget-wrap elementor-element-populated\">\n\t\t\t\t\t\t<div class=\"elementor-element elementor-element-1a0e903 elementor-widget-widescreen__width-initial elementor-widget elementor-widget-image\" data-id=\"1a0e903\" data-element_type=\"widget\" data-e-type=\"widget\" data-widget_type=\"image.default\">\n\t\t\t\t<div class=\"elementor-widget-container\">\n\t\t\t\t\t\t\t\t\t\t\t\t\t\t\t<img loading=\"lazy\" decoding=\"async\" width=\"768\" height=\"432\" src=\"https:\/\/globalwindowstrading.com\/wp-content\/uploads\/2023\/10\/AdobeStock_304947654-768x432.jpeg\" class=\"attachment-medium_large size-medium_large wp-image-18108\" alt=\"\" srcset=\"https:\/\/globalwindowstrading.com\/wp-content\/uploads\/2023\/10\/AdobeStock_304947654-768x432.jpeg 768w, https:\/\/globalwindowstrading.com\/wp-content\/uploads\/2023\/10\/AdobeStock_304947654-300x169.jpeg 300w, https:\/\/globalwindowstrading.com\/wp-content\/uploads\/2023\/10\/AdobeStock_304947654-1024x576.jpeg 1024w, https:\/\/globalwindowstrading.com\/wp-content\/uploads\/2023\/10\/AdobeStock_304947654-1536x864.jpeg 1536w, https:\/\/globalwindowstrading.com\/wp-content\/uploads\/2023\/10\/AdobeStock_304947654-2048x1152.jpeg 2048w, https:\/\/globalwindowstrading.com\/wp-content\/uploads\/2023\/10\/AdobeStock_304947654-18x10.jpeg 18w, https:\/\/globalwindowstrading.com\/wp-content\/uploads\/2023\/10\/AdobeStock_304947654-600x337.jpeg 600w\" sizes=\"(max-width: 768px) 100vw, 768px\" \/>\t\t\t\t\t\t\t\t\t\t\t\t\t\t\t<\/div>\n\t\t\t\t<\/div>\n\t\t\t\t\t<\/div>\n\t\t<\/div>\n\t\t\t\t<div class=\"elementor-column elementor-col-66 elementor-top-column elementor-element elementor-element-f342902\" data-id=\"f342902\" data-element_type=\"column\" data-e-type=\"column\">\n\t\t\t<div class=\"elementor-widget-wrap elementor-element-populated\">\n\t\t\t\t\t\t<div class=\"elementor-element elementor-element-8a770ca elementor-widget-widescreen__width-initial elementor-widget elementor-widget-text-editor\" data-id=\"8a770ca\" data-element_type=\"widget\" data-e-type=\"widget\" data-widget_type=\"text-editor.default\">\n\t\t\t\t<div class=\"elementor-widget-container\">\n\t\t\t\t\t\t\t\t\t<p><span style=\"font-weight: 400;\">Szukasz mebli do swojego domu, a mo\u017ce chcesz przewie\u017a\u0107 te, kt\u00f3re ju\u017c posiadasz b\u0105d\u017a zam\u00f3wi\u0142e\u015b(-a\u015b)? Zapraszamy! Zapewnimy transport Twoich mebli niezale\u017cnie od tego, dok\u0105d chcesz je przewie\u017a\u0107! To do nas b\u0119dzie nale\u017ca\u0142a kwestia transportu \u2013 od zabezpieczenia i zapakowania mebli, po organizacj\u0119 transportu drog\u0105 morsk\u0105. A je\u015bli jeszcze nie masz mebli do przewiezienia, najpierw wska\u017cemy Ci adresy, pod kt\u00f3rymi mo\u017cesz znale\u017a\u0107 i zam\u00f3wi\u0107 dok\u0142adnie to, czego szukasz.<\/span><\/p><p>\u00a0<\/p>\t\t\t\t\t\t\t\t<\/div>\n\t\t\t\t<\/div>\n\t\t\t\t\t<\/div>\n\t\t<\/div>\n\t\t\t\t\t<\/div>\n\t\t<\/section>\n\t\t\t\t<section class=\"elementor-section elementor-top-section elementor-element elementor-element-10a15dd elementor-section-content-middle elementor-section-stretched elementor-section-boxed elementor-section-height-default elementor-section-height-default\" data-id=\"10a15dd\" data-element_type=\"section\" data-e-type=\"section\" data-settings=\"{&quot;stretch_section&quot;:&quot;section-stretched&quot;,&quot;background_background&quot;:&quot;classic&quot;}\">\n\t\t\t\t\t\t<div class=\"elementor-container elementor-column-gap-wider\">\n\t\t\t\t\t<div class=\"elementor-column elementor-col-33 elementor-top-column elementor-element elementor-element-689de45\" data-id=\"689de45\" data-element_type=\"column\" data-e-type=\"column\">\n\t\t\t<div class=\"elementor-widget-wrap elementor-element-populated\">\n\t\t\t\t\t\t<div class=\"elementor-element elementor-element-89398be elementor-widget-widescreen__width-initial elementor-widget elementor-widget-text-editor\" data-id=\"89398be\" data-element_type=\"widget\" data-e-type=\"widget\" data-widget_type=\"text-editor.default\">\n\t\t\t\t<div class=\"elementor-widget-container\">\n\t\t\t\t\t\t\t\t\t<p>W domach w USA i wielu innych krajach wci\u0105\u017c kr\u00f3luj\u0105 wyk\u0142adziny dywanowe \u2013 s\u0105 niedrogie, ale jednocze\u015bnie sprawiaj\u0105 sporo k\u0142opot\u00f3w w utrzymaniu ich w czysto\u015bci. Ludzie coraz bardziej doceniaj\u0105 polskie pod\u0142ogi drewniane za ich jako\u015b\u0107, trwa\u0142o\u015b\u0107, \u0142atwo\u015b\u0107 monta\u017cu i nisk\u0105 jak na USA czy Kanad\u0119 cen\u0119. W naszej ofercie znajdziesz pod\u0142ogi drewniane wykonane z drewna najwy\u017cszej jako\u015bci. Ich ceny s\u0105 niezwykle przyst\u0119pne \u2013 bo w dowolne miejsce na \u015bwiecie sprowadzimy dla Ciebie pod\u0142ogi prosto od producenta.\n\nPod\u0142ogi drewniane, kt\u00f3re oferujemy, wykonywane s\u0105 w rozmaitych wzorach, wybarwieniach i rozmiarach \u2013 mo\u017cemy zam\u00f3wi\u0107 dla Ciebie i przetransportowa\u0107 deski o d\u0142ugo\u015bci nawet 220 cm! Warstwa u\u017cytkowa drewnianej deski pod\u0142ogowej to 6 mm \u2013 ta grubo\u015b\u0107 umo\u017cliwia d\u0142ugotrwa\u0142e u\u017cytkowanie pod\u0142ogi bez utraty na jej funkcjonalno\u015bci czy estetyce. Drewno jest materia\u0142em cenionym w budownictwie i wn\u0119trzarstwie \u2013 pod\u0142ogi drewniane charakteryzuj\u0105 si\u0119 naturalnym urokiem i ciep\u0142ym wyko\u0144czeniem.<\/p><p><br \/>Panele pod\u0142ogowe to alternatywa dla tradycyjnych pod\u0142\u00f3g drewnianych. S\u0105 \u0142atwe w monta\u017cu, trwa\u0142e i dost\u0119pne w szerokim zakresie wzor\u00f3w i kolor\u00f3w, w tym imituj\u0105cych naturalne drewno, kamie\u0144, a nawet beton. Panele mog\u0105 by\u0107 wykonane z laminatu, winylu czy drewna litego, co wp\u0142ywa na ich w\u0142a\u015bciwo\u015bci i spos\u00f3b zastosowania. Panele pod\u0142ogowe to alternatywa dla tradycyjnych pod\u0142\u00f3g drewnianych. S\u0105 \u0142atwe w monta\u017cu, trwa\u0142e i dost\u0119pne w szerokim zakresie wzor\u00f3w i kolor\u00f3w, w tym imituj\u0105cych naturalne drewno, kamie\u0144, a nawet beton. Panele mog\u0105 by\u0107 wykonane z laminatu, winylu czy drewna litego, co wp\u0142ywa na ich w\u0142a\u015bciwo\u015bci i spos\u00f3b zastosowania.<\/p><p>\u00a0<\/p>\t\t\t\t\t\t\t\t<\/div>\n\t\t\t\t<\/div>\n\t\t\t\t\t<\/div>\n\t\t<\/div>\n\t\t\t\t<div class=\"elementor-column elementor-col-66 elementor-top-column elementor-element elementor-element-d326726\" data-id=\"d326726\" data-element_type=\"column\" data-e-type=\"column\">\n\t\t\t<div class=\"elementor-widget-wrap elementor-element-populated\">\n\t\t\t\t\t\t<div class=\"elementor-element elementor-element-07be56b elementor-widget-widescreen__width-initial elementor-widget elementor-widget-image\" data-id=\"07be56b\" data-element_type=\"widget\" data-e-type=\"widget\" data-widget_type=\"image.default\">\n\t\t\t\t<div class=\"elementor-widget-container\">\n\t\t\t\t\t\t\t\t\t\t\t\t\t\t\t<img loading=\"lazy\" decoding=\"async\" width=\"1024\" height=\"683\" src=\"https:\/\/globalwindowstrading.com\/wp-content\/uploads\/2023\/10\/AdobeStock_123955427-1024x683.jpeg\" class=\"attachment-large size-large wp-image-18112\" alt=\"\" srcset=\"https:\/\/globalwindowstrading.com\/wp-content\/uploads\/2023\/10\/AdobeStock_123955427-1024x683.jpeg 1024w, https:\/\/globalwindowstrading.com\/wp-content\/uploads\/2023\/10\/AdobeStock_123955427-300x200.jpeg 300w, https:\/\/globalwindowstrading.com\/wp-content\/uploads\/2023\/10\/AdobeStock_123955427-768x512.jpeg 768w, https:\/\/globalwindowstrading.com\/wp-content\/uploads\/2023\/10\/AdobeStock_123955427-1536x1024.jpeg 1536w, https:\/\/globalwindowstrading.com\/wp-content\/uploads\/2023\/10\/AdobeStock_123955427-2048x1365.jpeg 2048w, https:\/\/globalwindowstrading.com\/wp-content\/uploads\/2023\/10\/AdobeStock_123955427-18x12.jpeg 18w, https:\/\/globalwindowstrading.com\/wp-content\/uploads\/2023\/10\/AdobeStock_123955427-600x400.jpeg 600w\" sizes=\"(max-width: 1024px) 100vw, 1024px\" \/>\t\t\t\t\t\t\t\t\t\t\t\t\t\t\t<\/div>\n\t\t\t\t<\/div>\n\t\t\t\t\t<\/div>\n\t\t<\/div>\n\t\t\t\t\t<\/div>\n\t\t<\/section>\n\t\t\t\t<\/div>","protected":false},"excerpt":{"rendered":"<p>What makes us feel good in a space like a home or office? It is the interior finish. Polish fit-out materials are highly valued here and overseas, so we include them in our offer. At GWT, we provide and ship interior&#8230;<\/p>","protected":false},"author":1,"featured_media":0,"parent":0,"menu_order":0,"comment_status":"closed","ping_status":"closed","template":"","meta":{"footnotes":""},"class_list":["post-16449","page","type-page","status-publish","hentry"],"_links":{"self":[{"href":"https:\/\/globalwindowstrading.com\/pl\/wp-json\/wp\/v2\/pages\/16449","targetHints":{"allow":["GET"]}}],"collection":[{"href":"https:\/\/globalwindowstrading.com\/pl\/wp-json\/wp\/v2\/pages"}],"about":[{"href":"https:\/\/globalwindowstrading.com\/pl\/wp-json\/wp\/v2\/types\/page"}],"author":[{"embeddable":true,"href":"https:\/\/globalwindowstrading.com\/pl\/wp-json\/wp\/v2\/users\/1"}],"replies":[{"embeddable":true,"href":"https:\/\/globalwindowstrading.com\/pl\/wp-json\/wp\/v2\/comments?post=16449"}],"version-history":[{"count":158,"href":"https:\/\/globalwindowstrading.com\/pl\/wp-json\/wp\/v2\/pages\/16449\/revisions"}],"predecessor-version":[{"id":18380,"href":"https:\/\/globalwindowstrading.com\/pl\/wp-json\/wp\/v2\/pages\/16449\/revisions\/18380"}],"wp:attachment":[{"href":"https:\/\/globalwindowstrading.com\/pl\/wp-json\/wp\/v2\/media?parent=16449"}],"curies":[{"name":"wp","href":"https:\/\/api.w.org\/{rel}","templated":true}]}}