{"id":16448,"date":"2023-08-17T10:19:46","date_gmt":"2023-08-17T10:19:46","guid":{"rendered":"http:\/\/kromek.com.pl\/?page_id=16448"},"modified":"2023-10-30T11:34:01","modified_gmt":"2023-10-30T11:34:01","slug":"other-building-materials","status":"publish","type":"page","link":"https:\/\/globalwindowstrading.com\/pl\/other-building-materials\/","title":{"rendered":"Inne materia\u0142y budowlane"},"content":{"rendered":"<div data-elementor-type=\"wp-page\" data-elementor-id=\"16448\" class=\"elementor elementor-16448\">\n\t\t\t\t\t\t<section class=\"elementor-section elementor-top-section elementor-element elementor-element-6c08029 elementor-section-content-middle elementor-section-full_width elementor-section-stretched elementor-section-height-default elementor-section-height-default elementor-invisible\" data-id=\"6c08029\" data-element_type=\"section\" data-e-type=\"section\" data-settings=\"{&quot;background_background&quot;:&quot;classic&quot;,&quot;animation&quot;:&quot;fadeInRight&quot;,&quot;stretch_section&quot;:&quot;section-stretched&quot;}\">\n\t\t\t\t\t\t<div class=\"elementor-container elementor-column-gap-default\">\n\t\t\t\t\t<div class=\"elementor-column elementor-col-50 elementor-top-column elementor-element elementor-element-7415529\" data-id=\"7415529\" data-element_type=\"column\" data-e-type=\"column\">\n\t\t\t<div class=\"elementor-widget-wrap elementor-element-populated\">\n\t\t\t\t\t\t<div class=\"elementor-element elementor-element-63fb765 elementor-widget-widescreen__width-initial elementor-widget elementor-widget-image\" data-id=\"63fb765\" data-element_type=\"widget\" data-e-type=\"widget\" data-widget_type=\"image.default\">\n\t\t\t\t<div class=\"elementor-widget-container\">\n\t\t\t\t\t\t\t\t\t\t\t\t\t\t\t<img fetchpriority=\"high\" decoding=\"async\" width=\"480\" height=\"577\" src=\"https:\/\/globalwindowstrading.com\/wp-content\/uploads\/2023\/10\/Transport-Mebli-Nowa-Zelandia-20ft-3-kopia-480x577.jpg\" class=\"attachment-industrium_service_slider_4_columns size-industrium_service_slider_4_columns wp-image-18059\" alt=\"\" srcset=\"https:\/\/globalwindowstrading.com\/wp-content\/uploads\/2023\/10\/Transport-Mebli-Nowa-Zelandia-20ft-3-kopia-480x577.jpg 480w, https:\/\/globalwindowstrading.com\/wp-content\/uploads\/2023\/10\/Transport-Mebli-Nowa-Zelandia-20ft-3-kopia-9x12.jpg 9w, https:\/\/globalwindowstrading.com\/wp-content\/uploads\/2023\/10\/Transport-Mebli-Nowa-Zelandia-20ft-3-kopia-1200x1440.jpg 1200w, https:\/\/globalwindowstrading.com\/wp-content\/uploads\/2023\/10\/Transport-Mebli-Nowa-Zelandia-20ft-3-kopia-960x1154.jpg 960w, https:\/\/globalwindowstrading.com\/wp-content\/uploads\/2023\/10\/Transport-Mebli-Nowa-Zelandia-20ft-3-kopia-640x770.jpg 640w\" sizes=\"(max-width: 480px) 100vw, 480px\" \/>\t\t\t\t\t\t\t\t\t\t\t\t\t\t\t<\/div>\n\t\t\t\t<\/div>\n\t\t\t\t\t<\/div>\n\t\t<\/div>\n\t\t\t\t<div class=\"elementor-column elementor-col-50 elementor-top-column elementor-element elementor-element-73ef068\" data-id=\"73ef068\" data-element_type=\"column\" data-e-type=\"column\">\n\t\t\t<div class=\"elementor-widget-wrap elementor-element-populated\">\n\t\t\t\t\t\t<div class=\"elementor-element elementor-element-7908889 elementor-widget-widescreen__width-initial elementor-widget elementor-widget-text-editor\" data-id=\"7908889\" data-element_type=\"widget\" data-e-type=\"widget\" data-widget_type=\"text-editor.default\">\n\t\t\t\t<div class=\"elementor-widget-container\">\n\t\t\t\t\t\t\t\t\t<p><span style=\"font-weight: 400;\">Je\u015bli budujesz dom, wi\u0119ksz\u0105 inwestycj\u0119 lub sprzedajesz materia\u0142y budowlane w USA, Kanadzie lub jakimkolwiek innym kraju na \u015bwiecie \u2013 we\u017a pod uwag\u0119 polskie materia\u0142y budowlane. Dlaczego warto zdecydowa\u0107 si\u0119 na import materia\u0142\u00f3w budowlanych z Polski? Poniewa\u017c nasze produkty wyr\u00f3\u017cniaj\u0105 si\u0119 najwy\u017csz\u0105 jako\u015bci\u0105, wszechstronno\u015bci\u0105 wykorzystania i konkurencyjnymi cenami.<\/span><\/p>\t\t\t\t\t\t\t\t<\/div>\n\t\t\t\t<\/div>\n\t\t\t\t<div class=\"elementor-element elementor-element-30f01e7 elementor-widget-widescreen__width-initial elementor-widget elementor-widget-text-editor\" data-id=\"30f01e7\" data-element_type=\"widget\" data-e-type=\"widget\" data-widget_type=\"text-editor.default\">\n\t\t\t\t<div class=\"elementor-widget-container\">\n\t\t\t\t\t\t\t\t\t<p><span style=\"font-weight: 400;\">W Global Windows Trading pomagamy w doborze, zakupie i imporcie materia\u0142\u00f3w budowlanych do miejsca docelowego \u2013 wsz\u0119dzie tam, gdzie mo\u017cliwe jest dostarczenie produkt\u00f3w drog\u0105 transportu morskiego lub lotniczego. Poprzez import materia\u0142\u00f3w budowlanych rozumiemy nie tylko kwestie logistyczne, ale r\u00f3wnie\u017c wszelkie formalno\u015bci niezb\u0119dne do transportu materia\u0142\u00f3w budowlanych do USA, Kanady i innych pa\u0144stw.<\/span><\/p>\t\t\t\t\t\t\t\t<\/div>\n\t\t\t\t<\/div>\n\t\t\t\t\t<\/div>\n\t\t<\/div>\n\t\t\t\t\t<\/div>\n\t\t<\/section>\n\t\t\t\t<section class=\"elementor-section elementor-top-section elementor-element elementor-element-ff419ed elementor-section-stretched elementor-section-boxed elementor-section-height-default elementor-section-height-default\" data-id=\"ff419ed\" data-element_type=\"section\" data-e-type=\"section\" data-settings=\"{&quot;stretch_section&quot;:&quot;section-stretched&quot;,&quot;background_background&quot;:&quot;classic&quot;}\">\n\t\t\t\t\t\t<div class=\"elementor-container elementor-column-gap-default\">\n\t\t\t\t\t<div class=\"elementor-column elementor-col-100 elementor-top-column elementor-element elementor-element-f18ec83\" data-id=\"f18ec83\" data-element_type=\"column\" data-e-type=\"column\">\n\t\t\t<div class=\"elementor-widget-wrap elementor-element-populated\">\n\t\t\t\t\t\t<div class=\"elementor-element elementor-element-7d0ee2e elementor-widget elementor-widget-spacer\" data-id=\"7d0ee2e\" data-element_type=\"widget\" data-e-type=\"widget\" data-widget_type=\"spacer.default\">\n\t\t\t\t<div class=\"elementor-widget-container\">\n\t\t\t\t\t\t\t<div class=\"elementor-spacer\">\n\t\t\t<div class=\"elementor-spacer-inner\"><\/div>\n\t\t<\/div>\n\t\t\t\t\t\t<\/div>\n\t\t\t\t<\/div>\n\t\t\t\t<div class=\"elementor-element elementor-element-5d20a7a elementor-widget elementor-widget-heading\" data-id=\"5d20a7a\" data-element_type=\"widget\" data-e-type=\"widget\" data-widget_type=\"heading.default\">\n\t\t\t\t<div class=\"elementor-widget-container\">\n\t\t\t\t\t<h2 class=\"elementor-heading-title elementor-size-default\">Jakie materia\u0142y oferujemy?<\/h2>\t\t\t\t<\/div>\n\t\t\t\t<\/div>\n\t\t\t\t<div class=\"elementor-element elementor-element-7e06324 elementor-widget elementor-widget-spacer\" data-id=\"7e06324\" data-element_type=\"widget\" data-e-type=\"widget\" data-widget_type=\"spacer.default\">\n\t\t\t\t<div class=\"elementor-widget-container\">\n\t\t\t\t\t\t\t<div class=\"elementor-spacer\">\n\t\t\t<div class=\"elementor-spacer-inner\"><\/div>\n\t\t<\/div>\n\t\t\t\t\t\t<\/div>\n\t\t\t\t<\/div>\n\t\t\t\t\t<\/div>\n\t\t<\/div>\n\t\t\t\t\t<\/div>\n\t\t<\/section>\n\t\t\t\t<section class=\"elementor-section elementor-top-section elementor-element elementor-element-49d960f elementor-section-stretched elementor-section-full_width elementor-section-height-default elementor-section-height-default elementor-invisible\" data-id=\"49d960f\" data-element_type=\"section\" data-e-type=\"section\" data-settings=\"{&quot;stretch_section&quot;:&quot;section-stretched&quot;,&quot;animation&quot;:&quot;slideInRight&quot;,&quot;background_background&quot;:&quot;classic&quot;}\">\n\t\t\t\t\t\t<div class=\"elementor-container elementor-column-gap-default\">\n\t\t\t\t\t<div class=\"elementor-column elementor-col-100 elementor-top-column elementor-element elementor-element-3e9a6b8\" data-id=\"3e9a6b8\" data-element_type=\"column\" data-e-type=\"column\">\n\t\t\t<div class=\"elementor-widget-wrap elementor-element-populated\">\n\t\t\t\t\t\t<div class=\"elementor-element elementor-element-82c5a3e view_style-3 elementor-widget-widescreen__width-initial elementor-widget-mobile__width-auto view_type-1 title-alignment-left elementor-widget elementor-widget-industrium_step_carousel\" data-id=\"82c5a3e\" data-element_type=\"widget\" data-e-type=\"widget\" data-widget_type=\"industrium_step_carousel.default\">\n\t\t\t\t<div class=\"elementor-widget-container\">\n\t\t\t\t\t\n        <div class=\"industrium-step-carousel-widget\">\n            \n            <div class=\"step-carousel-wrapper\">\n\n                <div class=\"steps-slider-container\">\n                    <div class=\"steps-slider owl-carousel owl-theme\" data-slider-options=\"{&quot;items&quot;:1,&quot;nav&quot;:true,&quot;dots&quot;:true,&quot;dotsContainer&quot;:&quot;.owl-dots-82c5a3e&quot;,&quot;dotsContainerMobile&quot;:&quot;.owl-dots-82c5a3e&quot;,&quot;autoplayHoverPause&quot;:true,&quot;autoplay&quot;:true,&quot;autoplaySpeed&quot;:1500,&quot;autoplayTimeout&quot;:6000,&quot;loop&quot;:true,&quot;speed&quot;:600}\">\n                        <div class=\"step-item slider-item\"><div class=\"step-content\"><h3 class=\"step-title\">Ogrodzenia systemowe<\/h3><div class=\"step-description\">Ogrodzenia systemowe wykonane z r\u00f3\u017cnych materia\u0142\u00f3w. Proponujemy Pa\u0144stwu siatki ogrodzeniowe powlekane lub ocynkowane i malowane o r\u00f3\u017cnej wysoko\u015bci i d\u0142ugo\u015bci, panele i prz\u0119s\u0142a ogrodzeniowe o zr\u00f3\u017cnicowanym designie (zar\u00f3wno klasyczne, jak i nowoczesne), prz\u0119s\u0142a ogrodzeniowe, s\u0142upki oraz obejmy w r\u00f3\u017cnorodnych kolorach.<\/div><\/div><\/div><div class=\"step-item slider-item\"><div class=\"step-content\"><h3 class=\"step-title\">Systemy dachowe<\/h3><div class=\"step-description\">Systemy dachowe \u2013 materia\u0142y i akcesoria stosowane do pokrycia dach\u00f3w budynk\u00f3w. \n\nJakie systemy dachowe proponujemy? Dach\u00f3wk\u0119 modu\u0142ow\u0105, panele dachowe, blachy trapezowe, obr\u00f3bki blacharskie, systemy rynnowe, podbitki dachowe. Wszystko w du\u017cym wyborze wzor\u00f3w i kolorystyki.\n\nSystemy dachowe zapewniaj\u0105 ochron\u0119 przed warunkami atmosferycznymi i odpowiadaj\u0105 za szczelno\u015b\u0107 oraz izolacj\u0119 dachu.\n<\/div><\/div><\/div><div class=\"step-item slider-item\"><div class=\"step-content\"><h3 class=\"step-title\">Elewacje budynk\u00f3w<\/h3><div class=\"step-description\">Elewacje budynk\u00f3w (kamienne, deski kompozytowe) \u2013 fasady, czyli zewn\u0119trzne \u015bciany, kt\u00f3re nadaj\u0105 charakter i wygl\u0105d ca\u0142ej konstrukcji. Proponujemy klientom zakup r\u00f3\u017cnych rodzaj\u00f3w elewacji \u2013 np. kamiennych, kt\u00f3re dodaj\u0105 elegancji i solidno\u015bci oraz desek kompozytowych, kt\u00f3re \u0142\u0105cz\u0105 w sobie naturalny wygl\u0105d drewna z trwa\u0142o\u015bci\u0105 materia\u0142\u00f3w kompozytowych.<\/div><\/div><\/div><div class=\"step-item slider-item\"><div class=\"step-content\"><h3 class=\"step-title\">Parapety zewn\u0119trzne i wewn\u0119trzne<\/h3><div class=\"step-description\">Parapety zewn\u0119trzne i wewn\u0119trzne \u2013 wykonane z r\u00f3\u017cnych materia\u0142\u00f3w \u2013 m.in. ze stali, aluminium, PCV, konglomeratu, marmuru. Oferujemy parapety wykonywane na wymiar, o szeroko\u015bci od 10 do 40 cm. Niekt\u00f3re parapety mog\u0105 zosta\u0107 pomalowane na dowolny kolor palety RAL lub oklejone laminatem w kolorystyce stolarki okiennej. Do ka\u017cdego parapetu dodawane jest zako\u0144czenie b\u0105d\u017a \u0142\u0105czenia systemowe.<\/div><\/div><\/div>                    <\/div>                    \n                <\/div>\n                <div class=\"owl-dots owl-dots-82c5a3e\"><\/div>            <\/div>\n        <\/div>\n\n        \t\t\t\t<\/div>\n\t\t\t\t<\/div>\n\t\t\t\t\t<\/div>\n\t\t<\/div>\n\t\t\t\t\t<\/div>\n\t\t<\/section>\n\t\t\t\t<section class=\"elementor-section elementor-top-section elementor-element elementor-element-ead9912 elementor-section-content-middle elementor-section-boxed elementor-section-height-default elementor-section-height-default\" data-id=\"ead9912\" data-element_type=\"section\" data-e-type=\"section\">\n\t\t\t\t\t\t<div class=\"elementor-container elementor-column-gap-default\">\n\t\t\t\t\t<div class=\"elementor-column elementor-col-50 elementor-top-column elementor-element elementor-element-494a3c9\" data-id=\"494a3c9\" data-element_type=\"column\" data-e-type=\"column\">\n\t\t\t<div class=\"elementor-widget-wrap elementor-element-populated\">\n\t\t\t\t\t\t<div class=\"elementor-element elementor-element-dc35a33 elementor-widget elementor-widget-text-editor\" data-id=\"dc35a33\" data-element_type=\"widget\" data-e-type=\"widget\" data-widget_type=\"text-editor.default\">\n\t\t\t\t<div class=\"elementor-widget-container\">\n\t\t\t\t\t\t\t\t\t<p><span style=\"font-weight: 400;\">Budowa domu obfituje w wiele potrzeb i pomys\u0142\u00f3w na wyposa\u017cenie oraz wyko\u0144czenie budynku. Dlatego oferujemy naszym klientom r\u00f3wnie\u017c wiele innych produkt\u00f3w, kt\u00f3re nie znalaz\u0142y si\u0119 na powy\u017cszej li\u015bcie \u2013 m.in. systemy kominowe i wentylacyjne, odwodnienia liniowe, kaloryfery, wk\u0142ady kominkowe i wszelkie inne produkty niezb\u0119dne do budowy domu.<br \/><\/span><\/p><p>Nie znalaz\u0142e\u015b produktu, kt\u00f3rego szukasz?<strong> Zapraszamy do kontaktu!<\/strong><\/p>\t\t\t\t\t\t\t\t<\/div>\n\t\t\t\t<\/div>\n\t\t\t\t\t<\/div>\n\t\t<\/div>\n\t\t\t\t<div class=\"elementor-column elementor-col-50 elementor-top-column elementor-element elementor-element-10ec718\" data-id=\"10ec718\" data-element_type=\"column\" data-e-type=\"column\">\n\t\t\t<div class=\"elementor-widget-wrap elementor-element-populated\">\n\t\t\t\t\t\t<div class=\"elementor-element elementor-element-97cc303 elementor-widget elementor-widget-image\" data-id=\"97cc303\" data-element_type=\"widget\" data-e-type=\"widget\" data-widget_type=\"image.default\">\n\t\t\t\t<div class=\"elementor-widget-container\">\n\t\t\t\t\t\t\t\t\t\t\t\t\t\t\t<img decoding=\"async\" width=\"1024\" height=\"683\" src=\"https:\/\/globalwindowstrading.com\/wp-content\/uploads\/2023\/10\/AdobeStock_188802465-1024x683.jpeg\" class=\"attachment-large size-large wp-image-18061\" alt=\"\" srcset=\"https:\/\/globalwindowstrading.com\/wp-content\/uploads\/2023\/10\/AdobeStock_188802465-1024x683.jpeg 1024w, https:\/\/globalwindowstrading.com\/wp-content\/uploads\/2023\/10\/AdobeStock_188802465-300x200.jpeg 300w, https:\/\/globalwindowstrading.com\/wp-content\/uploads\/2023\/10\/AdobeStock_188802465-768x512.jpeg 768w, https:\/\/globalwindowstrading.com\/wp-content\/uploads\/2023\/10\/AdobeStock_188802465-1536x1024.jpeg 1536w, https:\/\/globalwindowstrading.com\/wp-content\/uploads\/2023\/10\/AdobeStock_188802465-2048x1365.jpeg 2048w, https:\/\/globalwindowstrading.com\/wp-content\/uploads\/2023\/10\/AdobeStock_188802465-18x12.jpeg 18w, https:\/\/globalwindowstrading.com\/wp-content\/uploads\/2023\/10\/AdobeStock_188802465-600x400.jpeg 600w\" sizes=\"(max-width: 1024px) 100vw, 1024px\" \/>\t\t\t\t\t\t\t\t\t\t\t\t\t\t\t<\/div>\n\t\t\t\t<\/div>\n\t\t\t\t\t<\/div>\n\t\t<\/div>\n\t\t\t\t\t<\/div>\n\t\t<\/section>\n\t\t\t\t<\/div>","protected":false},"excerpt":{"rendered":"<p>Whether you are building a house, developing a major project or distributing building materials in the USA, Canada or any other country, remember about European building materials! Why import building materials from Poland? Because our products are distinguished by their top&#8230;<\/p>","protected":false},"author":1,"featured_media":0,"parent":0,"menu_order":0,"comment_status":"closed","ping_status":"closed","template":"","meta":{"footnotes":""},"class_list":["post-16448","page","type-page","status-publish","hentry"],"_links":{"self":[{"href":"https:\/\/globalwindowstrading.com\/pl\/wp-json\/wp\/v2\/pages\/16448","targetHints":{"allow":["GET"]}}],"collection":[{"href":"https:\/\/globalwindowstrading.com\/pl\/wp-json\/wp\/v2\/pages"}],"about":[{"href":"https:\/\/globalwindowstrading.com\/pl\/wp-json\/wp\/v2\/types\/page"}],"author":[{"embeddable":true,"href":"https:\/\/globalwindowstrading.com\/pl\/wp-json\/wp\/v2\/users\/1"}],"replies":[{"embeddable":true,"href":"https:\/\/globalwindowstrading.com\/pl\/wp-json\/wp\/v2\/comments?post=16448"}],"version-history":[{"count":119,"href":"https:\/\/globalwindowstrading.com\/pl\/wp-json\/wp\/v2\/pages\/16448\/revisions"}],"predecessor-version":[{"id":18409,"href":"https:\/\/globalwindowstrading.com\/pl\/wp-json\/wp\/v2\/pages\/16448\/revisions\/18409"}],"wp:attachment":[{"href":"https:\/\/globalwindowstrading.com\/pl\/wp-json\/wp\/v2\/media?parent=16448"}],"curies":[{"name":"wp","href":"https:\/\/api.w.org\/{rel}","templated":true}]}}