{"id":16441,"date":"2023-08-17T10:19:26","date_gmt":"2023-08-17T10:19:26","guid":{"rendered":"http:\/\/kromek.com.pl\/?page_id=16441"},"modified":"2023-10-08T17:55:41","modified_gmt":"2023-10-08T17:55:41","slug":"window-solar-protection","status":"publish","type":"page","link":"https:\/\/globalwindowstrading.com\/pl\/window-solar-protection\/","title":{"rendered":"Os\u0142ony zewn\u0119trzne"},"content":{"rendered":"<div data-elementor-type=\"wp-page\" data-elementor-id=\"16441\" class=\"elementor elementor-16441\">\n\t\t\t\t\t\t<section class=\"elementor-section elementor-top-section elementor-element elementor-element-fbe5929 elementor-section-stretched elementor-section-boxed elementor-section-height-default elementor-section-height-default\" data-id=\"fbe5929\" data-element_type=\"section\" data-e-type=\"section\" data-settings=\"{&quot;stretch_section&quot;:&quot;section-stretched&quot;}\">\n\t\t\t\t\t\t<div class=\"elementor-container elementor-column-gap-default\">\n\t\t\t\t\t<div class=\"elementor-column elementor-col-50 elementor-top-column elementor-element elementor-element-057a311\" data-id=\"057a311\" data-element_type=\"column\" data-e-type=\"column\">\n\t\t\t<div class=\"elementor-widget-wrap elementor-element-populated\">\n\t\t\t\t\t\t<div class=\"elementor-element elementor-element-4bb06a1 elementor-widget elementor-widget-text-editor\" data-id=\"4bb06a1\" data-element_type=\"widget\" data-e-type=\"widget\" data-widget_type=\"text-editor.default\">\n\t\t\t\t<div class=\"elementor-widget-container\">\n\t\t\t\t\t\t\t\t\t<p><strong>Okna PCV, a w\u0142a\u015bciwie okna z PVC, czyli polichlorku winylu, ciesz\u0105 si\u0119 du\u017c\u0105 popularno\u015bci\u0105 ze wzgl\u0119du na swoje doskona\u0142e w\u0142a\u015bciwo\u015bci izolacyjne, trwa\u0142o\u015b\u0107 i konkurencyjne ceny. Ich konstrukcja zapewnia niezwyk\u0142\u0105 wytrzyma\u0142o\u015b\u0107 na dzia\u0142anie czynnik\u00f3w atmosferycznych, takich jak deszcz, wiatr, \u015bnieg i s\u0142o\u0144ce, zapewniaj\u0105c d\u0142ugotrwa\u0142e i bezproblemowe u\u017cytkowanie.<\/strong><\/p><p>Screeny pozwalaj\u0105 unikn\u0105\u0107 mocnych promieni s\u0142o\u0144ca w pomieszczeniu, a zarazem zapewniaj\u0105 prywatno\u015b\u0107 w domu lub w biurze. Coraz cz\u0119\u015bciej w Global Windows Trading eksportujemy screeny dla naszych klient\u00f3w \u2013 wysy\u0142amy przes\u0142ony okienne z Polski do USA, Kanady, a nawet Australii. Co jest ogromn\u0105 zalet\u0105 screen\u00f3w? Mo\u017cliwo\u015b\u0107 monta\u017cu zar\u00f3wno bezpo\u015brednio na oknach, jak i na elementach zewn\u0119trznych, takich jak pergole tarasowe. Dzi\u0119ki temu screeny pe\u0142ni\u0105 podw\u00f3jn\u0105 funkcj\u0119 \u2013 chroni\u0105 nie tylko przed s\u0142o\u0144cem, ale tak\u017ce przed wiatrem. Screeny s\u0105 coraz ch\u0119tniej wybierane przez klient\u00f3w r\u00f3wnie\u017c ze wzgl\u0119du na mo\u017cliwo\u015b\u0107 personalizacji \u2013 mo\u017cna w nich bowiem dopasowa\u0107 do potrzeb kolor tkaniny, przezierno\u015b\u0107 oraz przepuszczalno\u015b\u0107 powietrza.<\/p>\t\t\t\t\t\t\t\t<\/div>\n\t\t\t\t<\/div>\n\t\t\t\t\t<\/div>\n\t\t<\/div>\n\t\t\t\t<div class=\"elementor-column elementor-col-50 elementor-top-column elementor-element elementor-element-7dd7eee\" data-id=\"7dd7eee\" data-element_type=\"column\" data-e-type=\"column\">\n\t\t\t<div class=\"elementor-widget-wrap elementor-element-populated\">\n\t\t\t\t\t\t<div class=\"elementor-element elementor-element-c47e6de elementor-widget elementor-widget-image\" data-id=\"c47e6de\" data-element_type=\"widget\" data-e-type=\"widget\" data-widget_type=\"image.default\">\n\t\t\t\t<div class=\"elementor-widget-container\">\n\t\t\t\t\t\t\t\t\t\t\t\t\t\t\t<img fetchpriority=\"high\" decoding=\"async\" width=\"533\" height=\"355\" src=\"https:\/\/globalwindowstrading.com\/wp-content\/uploads\/2023\/08\/EC_roleta_Comfort_4.jpg\" class=\"attachment-large size-large wp-image-17319\" alt=\"\" srcset=\"https:\/\/globalwindowstrading.com\/wp-content\/uploads\/2023\/08\/EC_roleta_Comfort_4.jpg 533w, https:\/\/globalwindowstrading.com\/wp-content\/uploads\/2023\/08\/EC_roleta_Comfort_4-300x200.jpg 300w, https:\/\/globalwindowstrading.com\/wp-content\/uploads\/2023\/08\/EC_roleta_Comfort_4-18x12.jpg 18w\" sizes=\"(max-width: 533px) 100vw, 533px\" \/>\t\t\t\t\t\t\t\t\t\t\t\t\t\t\t<\/div>\n\t\t\t\t<\/div>\n\t\t\t\t\t<\/div>\n\t\t<\/div>\n\t\t\t\t\t<\/div>\n\t\t<\/section>\n\t\t\t\t<section class=\"elementor-section elementor-top-section elementor-element elementor-element-0445252 elementor-section-content-middle elementor-section-stretched elementor-section-boxed elementor-section-height-default elementor-section-height-default\" data-id=\"0445252\" data-element_type=\"section\" data-e-type=\"section\" data-settings=\"{&quot;stretch_section&quot;:&quot;section-stretched&quot;,&quot;background_background&quot;:&quot;classic&quot;}\">\n\t\t\t\t\t\t<div class=\"elementor-container elementor-column-gap-default\">\n\t\t\t\t\t<div class=\"elementor-column elementor-col-33 elementor-top-column elementor-element elementor-element-2db2ea7\" data-id=\"2db2ea7\" data-element_type=\"column\" data-e-type=\"column\">\n\t\t\t<div class=\"elementor-widget-wrap elementor-element-populated\">\n\t\t\t\t\t\t<div class=\"elementor-element elementor-element-bb46261 elementor-widget elementor-widget-image\" data-id=\"bb46261\" data-element_type=\"widget\" data-e-type=\"widget\" data-widget_type=\"image.default\">\n\t\t\t\t<div class=\"elementor-widget-container\">\n\t\t\t\t\t\t\t\t\t\t\t\t\t\t\t<img decoding=\"async\" width=\"480\" height=\"600\" src=\"https:\/\/globalwindowstrading.com\/wp-content\/uploads\/2023\/08\/STYROTHERM-480x600.jpg\" class=\"attachment-industrium_post_grid_4_columns size-industrium_post_grid_4_columns wp-image-17320\" alt=\"\" srcset=\"https:\/\/globalwindowstrading.com\/wp-content\/uploads\/2023\/08\/STYROTHERM-480x600.jpg 480w, https:\/\/globalwindowstrading.com\/wp-content\/uploads\/2023\/08\/STYROTHERM-9x12.jpg 9w, https:\/\/globalwindowstrading.com\/wp-content\/uploads\/2023\/08\/STYROTHERM-960x1200.jpg 960w, https:\/\/globalwindowstrading.com\/wp-content\/uploads\/2023\/08\/STYROTHERM-640x800.jpg 640w, https:\/\/globalwindowstrading.com\/wp-content\/uploads\/2023\/08\/STYROTHERM-384x480.jpg 384w, https:\/\/globalwindowstrading.com\/wp-content\/uploads\/2023\/08\/STYROTHERM-320x400.jpg 320w\" sizes=\"(max-width: 480px) 100vw, 480px\" \/>\t\t\t\t\t\t\t\t\t\t\t\t\t\t\t<\/div>\n\t\t\t\t<\/div>\n\t\t\t\t\t<\/div>\n\t\t<\/div>\n\t\t\t\t<div class=\"elementor-column elementor-col-66 elementor-top-column elementor-element elementor-element-8d51d70\" data-id=\"8d51d70\" data-element_type=\"column\" data-e-type=\"column\">\n\t\t\t<div class=\"elementor-widget-wrap elementor-element-populated\">\n\t\t\t\t\t\t<div class=\"elementor-element elementor-element-9ea6be2 elementor-widget elementor-widget-text-editor\" data-id=\"9ea6be2\" data-element_type=\"widget\" data-e-type=\"widget\" data-widget_type=\"text-editor.default\">\n\t\t\t\t<div class=\"elementor-widget-container\">\n\t\t\t\t\t\t\t\t\t<ul><li>Screeny okienne pozwalaj\u0105 zacieni\u0107 pomieszczenia, zredukowa\u0107 ilo\u015b\u0107 ciep\u0142a, kt\u00f3re wnika do \u015brodka, a tak\u017ce poprawi\u0107 prywatno\u015b\u0107. Zewn\u0119trzne przes\u0142ony okienne s\u0105 nie tylko praktyczne, ale r\u00f3wnie\u017c estetyczne \u2013 s\u0105 dost\u0119pne w r\u00f3\u017cnych stylach, kolorach i materia\u0142ach, zgodnie z indywidualnymi potrzebami i preferencjami u\u017cytkownik\u00f3w. W tej kategorii mo\u017cna znale\u017a\u0107 modele rolowane, rolety zewn\u0119trzne, \u017caluzje i wiele innych typ\u00f3w screen\u00f3w. Wiele z nich jest teraz dost\u0119pnych w wersjach z nap\u0119dem elektrycznym \u2013 dla dodatkowego komfortu i wygody.<\/li><\/ul>\t\t\t\t\t\t\t\t<\/div>\n\t\t\t\t<\/div>\n\t\t\t\t<div class=\"elementor-element elementor-element-755ebbd elementor-widget elementor-widget-text-editor\" data-id=\"755ebbd\" data-element_type=\"widget\" data-e-type=\"widget\" data-widget_type=\"text-editor.default\">\n\t\t\t\t<div class=\"elementor-widget-container\">\n\t\t\t\t\t\t\t\t\t<ul><li>Systemy os\u0142on okiennych niweluj\u0105 r\u00f3wnie\u017c nagrzewanie si\u0119 szyb. Mog\u0105 by\u0107 podtynkowe i natynkowe (adaptacyjne), tym samym mog\u0105 zosta\u0107 za\u0142o\u017cone do istniej\u0105cych ju\u017c budynk\u00f3w, z opcjonalnym dociepleniem puszki oraz doposa\u017cone w moskitier\u0119 rolowan\u0105. Zwijane moskitiery to niezwykle funkcjonalne rozwi\u0105zanie w przypadku rolet zewn\u0119trznych. Kolejn\u0105 proponowan\u0105 przez nas os\u0142on\u0105 zewn\u0119trzn\u0105 s\u0105 \u017caluzje fasadowe o funkcji zar\u00f3wno ochronnej, jak i estetycznej.<\/li><\/ul>\t\t\t\t\t\t\t\t<\/div>\n\t\t\t\t<\/div>\n\t\t\t\t<div class=\"elementor-element elementor-element-783285f elementor-widget elementor-widget-text-editor\" data-id=\"783285f\" data-element_type=\"widget\" data-e-type=\"widget\" data-widget_type=\"text-editor.default\">\n\t\t\t\t<div class=\"elementor-widget-container\">\n\t\t\t\t\t\t\t\t\t<ul><li>W Global Windows Trading nie tylko pomo\u017cemy w zakupie i legalnym oraz bezpiecznym transporcie screen\u00f3w, \u017caluzji czy rolet zewn\u0119trznych. Z ch\u0119ci\u0105 r\u00f3wnie\u017c doradzimy w wyborze najlepszych polskich przes\u0142on, kt\u00f3re sprawdz\u0105 si\u0119 w Twojej inwestycji lub w domach Twoich klient\u00f3w.<\/li><\/ul>\t\t\t\t\t\t\t\t<\/div>\n\t\t\t\t<\/div>\n\t\t\t\t<div class=\"elementor-element elementor-element-dfde304 elementor-widget elementor-widget-text-editor\" data-id=\"dfde304\" data-element_type=\"widget\" data-e-type=\"widget\" data-widget_type=\"text-editor.default\">\n\t\t\t\t<div class=\"elementor-widget-container\">\n\t\t\t\t\t\t\t\t\t<ul><li><p>Screeny okienne to doskona\u0142e rozwi\u0105zanie dla tych, kt\u00f3rzy szukaj\u0105 praktycznych i eleganckich rozwi\u0105za\u0144 do zarz\u0105dzania \u015bwiat\u0142em i temperatur\u0105 w swoich domach czy biurach.<\/p><\/li><\/ul>\t\t\t\t\t\t\t\t<\/div>\n\t\t\t\t<\/div>\n\t\t\t\t\t<\/div>\n\t\t<\/div>\n\t\t\t\t\t<\/div>\n\t\t<\/section>\n\t\t\t\t<\/div>","protected":false},"excerpt":{"rendered":"<p>People worldwide choose various solutions to protect their privacy and shade their rooms during hot, sunny days. Wherever you live, if you want to use top-quality solar control systems from European suppliers, consider purchasing our roller shutters, solar screens, external and&#8230;<\/p>","protected":false},"author":1,"featured_media":0,"parent":0,"menu_order":0,"comment_status":"closed","ping_status":"closed","template":"","meta":{"footnotes":""},"class_list":["post-16441","page","type-page","status-publish","hentry"],"_links":{"self":[{"href":"https:\/\/globalwindowstrading.com\/pl\/wp-json\/wp\/v2\/pages\/16441","targetHints":{"allow":["GET"]}}],"collection":[{"href":"https:\/\/globalwindowstrading.com\/pl\/wp-json\/wp\/v2\/pages"}],"about":[{"href":"https:\/\/globalwindowstrading.com\/pl\/wp-json\/wp\/v2\/types\/page"}],"author":[{"embeddable":true,"href":"https:\/\/globalwindowstrading.com\/pl\/wp-json\/wp\/v2\/users\/1"}],"replies":[{"embeddable":true,"href":"https:\/\/globalwindowstrading.com\/pl\/wp-json\/wp\/v2\/comments?post=16441"}],"version-history":[{"count":47,"href":"https:\/\/globalwindowstrading.com\/pl\/wp-json\/wp\/v2\/pages\/16441\/revisions"}],"predecessor-version":[{"id":18104,"href":"https:\/\/globalwindowstrading.com\/pl\/wp-json\/wp\/v2\/pages\/16441\/revisions\/18104"}],"wp:attachment":[{"href":"https:\/\/globalwindowstrading.com\/pl\/wp-json\/wp\/v2\/media?parent=16441"}],"curies":[{"name":"wp","href":"https:\/\/api.w.org\/{rel}","templated":true}]}}