{"id":16434,"date":"2023-08-17T10:18:50","date_gmt":"2023-08-17T10:18:50","guid":{"rendered":"http:\/\/kromek.com.pl\/?page_id=16434"},"modified":"2023-10-29T15:58:51","modified_gmt":"2023-10-29T15:58:51","slug":"garage-doors","status":"publish","type":"page","link":"https:\/\/globalwindowstrading.com\/pl\/garage-doors\/","title":{"rendered":"Bramy gara\u017cowe"},"content":{"rendered":"<div data-elementor-type=\"wp-page\" data-elementor-id=\"16434\" class=\"elementor elementor-16434\">\n\t\t\t\t\t\t<section class=\"elementor-section elementor-top-section elementor-element elementor-element-8222b6b elementor-section-stretched elementor-section-boxed elementor-section-height-default elementor-section-height-default\" data-id=\"8222b6b\" data-element_type=\"section\" data-e-type=\"section\" data-settings=\"{&quot;stretch_section&quot;:&quot;section-stretched&quot;,&quot;background_background&quot;:&quot;classic&quot;}\">\n\t\t\t\t\t\t\t<div class=\"elementor-background-overlay\"><\/div>\n\t\t\t\t\t\t\t<div class=\"elementor-container elementor-column-gap-default\">\n\t\t\t\t\t<div class=\"elementor-column elementor-col-100 elementor-top-column elementor-element elementor-element-0eff74e\" data-id=\"0eff74e\" data-element_type=\"column\" data-e-type=\"column\">\n\t\t\t<div class=\"elementor-widget-wrap elementor-element-populated\">\n\t\t\t\t\t\t<section class=\"elementor-section elementor-inner-section elementor-element elementor-element-41ae25e elementor-section-boxed elementor-section-height-default elementor-section-height-default\" data-id=\"41ae25e\" data-element_type=\"section\" data-e-type=\"section\">\n\t\t\t\t\t\t<div class=\"elementor-container elementor-column-gap-default\">\n\t\t\t\t\t<div class=\"elementor-column elementor-col-50 elementor-inner-column elementor-element elementor-element-cb2dbfd\" data-id=\"cb2dbfd\" data-element_type=\"column\" data-e-type=\"column\">\n\t\t\t<div class=\"elementor-widget-wrap elementor-element-populated\">\n\t\t\t\t\t\t<div class=\"elementor-element elementor-element-e7450d0 elementor-widget elementor-widget-text-editor\" data-id=\"e7450d0\" data-element_type=\"widget\" data-e-type=\"widget\" data-widget_type=\"text-editor.default\">\n\t\t\t\t<div class=\"elementor-widget-container\">\n\t\t\t\t\t\t\t\t\t<p><span style=\"font-weight: 400;\">Bramy gara\u017cowe spe\u0142niaj\u0105 funkcje zar\u00f3wno praktyczne, jak i estetyczne. Te systemy wej\u015bciowe s\u0105 zaprojektowane tak, aby zabezpiecza\u0107 pojazdy, sprz\u0119t i inne dobra przechowywane w gara\u017cu, chroni\u0105c je przed z\u0142ymi warunkami pogodowymi, kradzie\u017c\u0105 i uszkodzeniami.<\/span><\/p><p><span style=\"font-weight: 400;\">Bramy gara\u017cowe wyst\u0119puj\u0105 w r\u00f3\u017cnych stylach i konfiguracjach. Mog\u0105 by\u0107 otwierane manualnie lub \u2013 dla wygody u\u017cytkownika \u2013 za pomoc\u0105 elektrycznych nap\u0119d\u00f3w.<\/span><\/p><p><span style=\"font-weight: 400;\">Produkowane s\u0105 w r\u00f3\u017cnych formach. Najpopularniejsze s\u0105 bramy segmentowe, rolowane oraz dwuskrzyd\u0142owe. Ka\u017cdy z tych typ\u00f3w ma swoje unikalne korzy\u015bci i jest odpowiedni dla r\u00f3\u017cnych typ\u00f3w gara\u017cy oraz preferencji u\u017cytkownika.<\/span><\/p><p><span style=\"letter-spacing: 0em;\">Wiele wsp\u00f3\u0142czesnych bram gara\u017cowych jest wyposa\u017conych w dodatkowe funkcje, takie jak systemy bezpiecze\u0144stwa, izolacja termiczna czy automatyczne systemy o\u015bwietlenia. Ponadto istnieje mo\u017cliwo\u015b\u0107 personalizacji koloru i stylu bramy, co pozwala dostosowa\u0107 jej wygl\u0105d do og\u00f3lnego stylu domu.<\/span><\/p>\t\t\t\t\t\t\t\t<\/div>\n\t\t\t\t<\/div>\n\t\t\t\t\t<\/div>\n\t\t<\/div>\n\t\t\t\t<div class=\"elementor-column elementor-col-50 elementor-inner-column elementor-element elementor-element-5eeb5d4\" data-id=\"5eeb5d4\" data-element_type=\"column\" data-e-type=\"column\">\n\t\t\t<div class=\"elementor-widget-wrap elementor-element-populated\">\n\t\t\t\t\t\t<div class=\"elementor-element elementor-element-86e7eae elementor-widget-widescreen__width-initial elementor-widget elementor-widget-image\" data-id=\"86e7eae\" data-element_type=\"widget\" data-e-type=\"widget\" data-widget_type=\"image.default\">\n\t\t\t\t<div class=\"elementor-widget-container\">\n\t\t\t\t\t\t\t\t\t\t\t\t\t\t\t<img decoding=\"async\" src=\"https:\/\/globalwindowstrading.com\/wp-content\/uploads\/elementor\/thumbs\/thumbs-4-qeyozjamvf5yw87yvcgn3kn1a70ozzy47zmxag2rk0.jpg\" title=\"thumbs (4)\" alt=\"thumbs (4)\" loading=\"lazy\" \/>\t\t\t\t\t\t\t\t\t\t\t\t\t\t\t<\/div>\n\t\t\t\t<\/div>\n\t\t\t\t\t<\/div>\n\t\t<\/div>\n\t\t\t\t\t<\/div>\n\t\t<\/section>\n\t\t\t\t<div class=\"elementor-element elementor-element-19b2d0b elementor-widget elementor-widget-text-editor\" data-id=\"19b2d0b\" data-element_type=\"widget\" data-e-type=\"widget\" data-widget_type=\"text-editor.default\">\n\t\t\t\t<div class=\"elementor-widget-container\">\n\t\t\t\t\t\t\t\t\t<p>Bramy gara\u017cowe najcz\u0119\u015bciej s\u0105 wykonywane ze stali, drewna, aluminium, czy PVC. Mo\u017cna je wyposa\u017cy\u0107 w drzwi wej\u015bciowe. Oferujemy te\u017c szeroki wyb\u00f3r przeszkle\u0144 o r\u00f3\u017cnych wymiarach i parametrach przepuszczalno\u015bci \u015bwiat\u0142a. Dobra\u0107 te\u017c mo\u017cna struktur\u0119 paneli (g\u0142adkie, strukturalne, przet\u0142oczenia itp.).<\/p><p>Proponujemy naszym klientom zakup solidnych europejskich bram gara\u017cowych z pomoc\u0105 GWT \u2013 doradzimy, zorganizujemy zakup w imieniu klienta i zajmiemy si\u0119 eksportem bram gara\u017cowych (ju\u017c od jednej sztuki) do dowolnego miejsca na \u015bwiecie. Nie jest dla nas problemem eksport bram gara\u017cowych do USA, Australii czy Kanady \u2013 formalno\u015bci, zabezpieczenie towaru i bezpieczne pakowanie kontener\u00f3w morskich to nasza specjalno\u015b\u0107.<\/p>\t\t\t\t\t\t\t\t<\/div>\n\t\t\t\t<\/div>\n\t\t\t\t\t<\/div>\n\t\t<\/div>\n\t\t\t\t\t<\/div>\n\t\t<\/section>\n\t\t\t\t<section class=\"elementor-section elementor-top-section elementor-element elementor-element-2b4a87d elementor-section-stretched elementor-section-boxed elementor-section-height-default elementor-section-height-default\" data-id=\"2b4a87d\" data-element_type=\"section\" data-e-type=\"section\" data-settings=\"{&quot;stretch_section&quot;:&quot;section-stretched&quot;,&quot;background_background&quot;:&quot;classic&quot;}\">\n\t\t\t\t\t\t<div class=\"elementor-container elementor-column-gap-default\">\n\t\t\t\t\t<div class=\"elementor-column elementor-col-100 elementor-top-column elementor-element elementor-element-b60d4f3\" data-id=\"b60d4f3\" data-element_type=\"column\" data-e-type=\"column\">\n\t\t\t<div class=\"elementor-widget-wrap elementor-element-populated\">\n\t\t\t\t\t\t<div class=\"elementor-element elementor-element-bbc19a3 elementor-widget elementor-widget-heading\" data-id=\"bbc19a3\" data-element_type=\"widget\" data-e-type=\"widget\" data-widget_type=\"heading.default\">\n\t\t\t\t<div class=\"elementor-widget-container\">\n\t\t\t\t\t<h2 class=\"elementor-heading-title elementor-size-default\">Przyk\u0142adowe realizacje<\/h2>\t\t\t\t<\/div>\n\t\t\t\t<\/div>\n\t\t\t\t<div class=\"elementor-element elementor-element-da48d0a view-type-1 title-alignment-left elementor-align-items-center elementor-widget elementor-widget-industrium_image_carousel\" data-id=\"da48d0a\" data-element_type=\"widget\" data-e-type=\"widget\" data-widget_type=\"industrium_image_carousel.default\">\n\t\t\t\t<div class=\"elementor-widget-container\">\n\t\t\t\t\t\n        <div class=\"industrium-image-slider-widget\">\n\n                        <div class=\"slider-wrapper\">\n                                <div class=\"slider-container\">\n                    <div class=\"image-carousel owl-carousel owl-theme\" data-slider-options=\"{&quot;items&quot;:3,&quot;nav&quot;:false,&quot;dots&quot;:true,&quot;dotsContainer&quot;:&quot;.owl-dots-da48d0a&quot;,&quot;dotsContainerMobile&quot;:&quot;.owl-dots-da48d0a&quot;,&quot;autoplayHoverPause&quot;:true,&quot;autoplay&quot;:true,&quot;autoplaySpeed&quot;:800,&quot;autoplayTimeout&quot;:5000,&quot;loop&quot;:true,&quot;speed&quot;:600}\">\n                        <div class=\"slider-item\"><div class=\"slider-item-inner\"><div class=\"slider-item-media\"><img fetchpriority=\"high\" decoding=\"async\" width=\"480\" height=\"577\" src=\"https:\/\/globalwindowstrading.com\/wp-content\/uploads\/2023\/08\/thumbs-4-480x577.jpg\" class=\"attachment-industrium_service_slider_4_columns size-industrium_service_slider_4_columns wp-image-16597\" alt=\"\" srcset=\"https:\/\/globalwindowstrading.com\/wp-content\/uploads\/2023\/08\/thumbs-4-480x577.jpg 480w, https:\/\/globalwindowstrading.com\/wp-content\/uploads\/2023\/08\/thumbs-4-680x817.jpg 680w, https:\/\/globalwindowstrading.com\/wp-content\/uploads\/2023\/08\/thumbs-4-640x770.jpg 640w\" sizes=\"(max-width: 480px) 100vw, 480px\" \/><\/div><\/div><\/div><div class=\"slider-item\"><div class=\"slider-item-inner\"><div class=\"slider-item-media\"><img decoding=\"async\" width=\"480\" height=\"577\" src=\"https:\/\/globalwindowstrading.com\/wp-content\/uploads\/2023\/08\/thumbs-8-1-480x577.jpg\" class=\"attachment-industrium_service_slider_4_columns size-industrium_service_slider_4_columns wp-image-16600\" alt=\"\" srcset=\"https:\/\/globalwindowstrading.com\/wp-content\/uploads\/2023\/08\/thumbs-8-1-480x577.jpg 480w, https:\/\/globalwindowstrading.com\/wp-content\/uploads\/2023\/08\/thumbs-8-1-640x770.jpg 640w\" sizes=\"(max-width: 480px) 100vw, 480px\" \/><\/div><\/div><\/div><div class=\"slider-item\"><div class=\"slider-item-inner\"><div class=\"slider-item-media\"><img decoding=\"async\" width=\"480\" height=\"577\" src=\"https:\/\/globalwindowstrading.com\/wp-content\/uploads\/2023\/08\/thumbs-6-480x577.jpg\" class=\"attachment-industrium_service_slider_4_columns size-industrium_service_slider_4_columns wp-image-16599\" alt=\"\" srcset=\"https:\/\/globalwindowstrading.com\/wp-content\/uploads\/2023\/08\/thumbs-6-480x577.jpg 480w, https:\/\/globalwindowstrading.com\/wp-content\/uploads\/2023\/08\/thumbs-6-960x1154.jpg 960w, https:\/\/globalwindowstrading.com\/wp-content\/uploads\/2023\/08\/thumbs-6-640x770.jpg 640w\" sizes=\"(max-width: 480px) 100vw, 480px\" \/><\/div><\/div><\/div><div class=\"slider-item\"><div class=\"slider-item-inner\"><div class=\"slider-item-media\"><img loading=\"lazy\" decoding=\"async\" width=\"480\" height=\"577\" src=\"https:\/\/globalwindowstrading.com\/wp-content\/uploads\/2023\/08\/thumbs-7-480x577.jpg\" class=\"attachment-industrium_service_slider_4_columns size-industrium_service_slider_4_columns wp-image-16518\" alt=\"\" srcset=\"https:\/\/globalwindowstrading.com\/wp-content\/uploads\/2023\/08\/thumbs-7-480x577.jpg 480w, https:\/\/globalwindowstrading.com\/wp-content\/uploads\/2023\/08\/thumbs-7-640x770.jpg 640w\" sizes=\"(max-width: 480px) 100vw, 480px\" \/><\/div><\/div><\/div><div class=\"slider-item\"><div class=\"slider-item-inner\"><div class=\"slider-item-media\"><img loading=\"lazy\" decoding=\"async\" width=\"480\" height=\"577\" src=\"https:\/\/globalwindowstrading.com\/wp-content\/uploads\/2023\/08\/thumbs-3-1-480x577.jpg\" class=\"attachment-industrium_service_slider_4_columns size-industrium_service_slider_4_columns wp-image-16516\" alt=\"\" srcset=\"https:\/\/globalwindowstrading.com\/wp-content\/uploads\/2023\/08\/thumbs-3-1-480x577.jpg 480w, https:\/\/globalwindowstrading.com\/wp-content\/uploads\/2023\/08\/thumbs-3-1-960x1154.jpg 960w, https:\/\/globalwindowstrading.com\/wp-content\/uploads\/2023\/08\/thumbs-3-1-640x770.jpg 640w\" sizes=\"(max-width: 480px) 100vw, 480px\" \/><\/div><\/div><\/div><div class=\"slider-item\"><div class=\"slider-item-inner\"><div class=\"slider-item-media\"><img loading=\"lazy\" decoding=\"async\" width=\"480\" height=\"577\" src=\"https:\/\/globalwindowstrading.com\/wp-content\/uploads\/2023\/10\/thumbs-2-480x577.jpg\" class=\"attachment-industrium_service_slider_4_columns size-industrium_service_slider_4_columns wp-image-18075\" alt=\"\" srcset=\"https:\/\/globalwindowstrading.com\/wp-content\/uploads\/2023\/10\/thumbs-2-480x577.jpg 480w, https:\/\/globalwindowstrading.com\/wp-content\/uploads\/2023\/10\/thumbs-2-960x1154.jpg 960w, https:\/\/globalwindowstrading.com\/wp-content\/uploads\/2023\/10\/thumbs-2-640x770.jpg 640w\" sizes=\"(max-width: 480px) 100vw, 480px\" \/><\/div><\/div><\/div><div class=\"slider-item\"><div class=\"slider-item-inner\"><div class=\"slider-item-media\"><img loading=\"lazy\" decoding=\"async\" width=\"480\" height=\"577\" src=\"https:\/\/globalwindowstrading.com\/wp-content\/uploads\/2023\/10\/AdobeStock_333194379-480x577.jpeg\" class=\"attachment-industrium_service_slider_4_columns size-industrium_service_slider_4_columns wp-image-18076\" alt=\"\" srcset=\"https:\/\/globalwindowstrading.com\/wp-content\/uploads\/2023\/10\/AdobeStock_333194379-480x577.jpeg 480w, https:\/\/globalwindowstrading.com\/wp-content\/uploads\/2023\/10\/AdobeStock_333194379-960x1154.jpeg 960w, https:\/\/globalwindowstrading.com\/wp-content\/uploads\/2023\/10\/AdobeStock_333194379-640x770.jpeg 640w\" sizes=\"(max-width: 480px) 100vw, 480px\" \/><\/div><\/div><\/div>                    <\/div>\n                <\/div>\n            <\/div>\n\n            <div class=\"owl-dots owl-dots-da48d0a\"><\/div>\n        <\/div>\n        \t\t\t\t<\/div>\n\t\t\t\t<\/div>\n\t\t\t\t\t<\/div>\n\t\t<\/div>\n\t\t\t\t\t<\/div>\n\t\t<\/section>\n\t\t\t\t<\/div>","protected":false},"excerpt":{"rendered":"<p>Garage doors serve both practical and aesthetic functions. These entry systems are designed to secure vehicles, equipment and other goods stored in the garage, protecting them from bad weather, theft and damage Garage doors come in a variety of styles and&#8230;<\/p>","protected":false},"author":1,"featured_media":0,"parent":0,"menu_order":0,"comment_status":"closed","ping_status":"closed","template":"","meta":{"footnotes":""},"class_list":["post-16434","page","type-page","status-publish","hentry"],"_links":{"self":[{"href":"https:\/\/globalwindowstrading.com\/pl\/wp-json\/wp\/v2\/pages\/16434","targetHints":{"allow":["GET"]}}],"collection":[{"href":"https:\/\/globalwindowstrading.com\/pl\/wp-json\/wp\/v2\/pages"}],"about":[{"href":"https:\/\/globalwindowstrading.com\/pl\/wp-json\/wp\/v2\/types\/page"}],"author":[{"embeddable":true,"href":"https:\/\/globalwindowstrading.com\/pl\/wp-json\/wp\/v2\/users\/1"}],"replies":[{"embeddable":true,"href":"https:\/\/globalwindowstrading.com\/pl\/wp-json\/wp\/v2\/comments?post=16434"}],"version-history":[{"count":54,"href":"https:\/\/globalwindowstrading.com\/pl\/wp-json\/wp\/v2\/pages\/16434\/revisions"}],"predecessor-version":[{"id":18337,"href":"https:\/\/globalwindowstrading.com\/pl\/wp-json\/wp\/v2\/pages\/16434\/revisions\/18337"}],"wp:attachment":[{"href":"https:\/\/globalwindowstrading.com\/pl\/wp-json\/wp\/v2\/media?parent=16434"}],"curies":[{"name":"wp","href":"https:\/\/api.w.org\/{rel}","templated":true}]}}