{"id":16433,"date":"2023-08-17T10:18:50","date_gmt":"2023-08-17T10:18:50","guid":{"rendered":"http:\/\/kromek.com.pl\/?page_id=16433"},"modified":"2023-10-29T18:56:24","modified_gmt":"2023-10-29T18:56:24","slug":"front-doors-and-entrance-doors","status":"publish","type":"page","link":"https:\/\/globalwindowstrading.com\/pl\/front-doors-and-entrance-doors\/","title":{"rendered":"Drzwi wej\u015bciowe"},"content":{"rendered":"<div data-elementor-type=\"wp-page\" data-elementor-id=\"16433\" class=\"elementor elementor-16433\">\n\t\t\t\t\t\t<section class=\"elementor-section elementor-top-section elementor-element elementor-element-fddbccd elementor-section-full_width elementor-section-stretched elementor-section-height-default elementor-section-height-default elementor-invisible\" data-id=\"fddbccd\" data-element_type=\"section\" data-e-type=\"section\" data-settings=\"{&quot;stretch_section&quot;:&quot;section-stretched&quot;,&quot;background_background&quot;:&quot;classic&quot;,&quot;animation&quot;:&quot;slideInLeft&quot;}\">\n\t\t\t\t\t\t<div class=\"elementor-container elementor-column-gap-default\">\n\t\t\t\t\t<div class=\"elementor-column elementor-col-50 elementor-top-column elementor-element elementor-element-9adaf65\" data-id=\"9adaf65\" data-element_type=\"column\" data-e-type=\"column\">\n\t\t\t<div class=\"elementor-widget-wrap elementor-element-populated\">\n\t\t\t\t\t\t<div class=\"elementor-element elementor-element-4e9de94 elementor-widget elementor-widget-spacer\" data-id=\"4e9de94\" data-element_type=\"widget\" data-e-type=\"widget\" data-widget_type=\"spacer.default\">\n\t\t\t\t<div class=\"elementor-widget-container\">\n\t\t\t\t\t\t\t<div class=\"elementor-spacer\">\n\t\t\t<div class=\"elementor-spacer-inner\"><\/div>\n\t\t<\/div>\n\t\t\t\t\t\t<\/div>\n\t\t\t\t<\/div>\n\t\t\t\t<div class=\"elementor-element elementor-element-6ac6898 elementor-widget elementor-widget-image\" data-id=\"6ac6898\" data-element_type=\"widget\" data-e-type=\"widget\" data-widget_type=\"image.default\">\n\t\t\t\t<div class=\"elementor-widget-container\">\n\t\t\t\t\t\t\t\t\t\t\t\t\t\t\t<img fetchpriority=\"high\" decoding=\"async\" width=\"564\" height=\"400\" src=\"https:\/\/globalwindowstrading.com\/wp-content\/uploads\/2023\/08\/drzwi_wejsciowe-7.png\" class=\"attachment-industrium_portfolio_grid_2_columns size-industrium_portfolio_grid_2_columns wp-image-16499\" alt=\"\" srcset=\"https:\/\/globalwindowstrading.com\/wp-content\/uploads\/2023\/08\/drzwi_wejsciowe-7.png 564w, https:\/\/globalwindowstrading.com\/wp-content\/uploads\/2023\/08\/drzwi_wejsciowe-7-300x213.png 300w, https:\/\/globalwindowstrading.com\/wp-content\/uploads\/2023\/08\/drzwi_wejsciowe-7-18x12.png 18w\" sizes=\"(max-width: 564px) 100vw, 564px\" \/>\t\t\t\t\t\t\t\t\t\t\t\t\t\t\t<\/div>\n\t\t\t\t<\/div>\n\t\t\t\t\t<\/div>\n\t\t<\/div>\n\t\t\t\t<div class=\"elementor-column elementor-col-50 elementor-top-column elementor-element elementor-element-cd3225f\" data-id=\"cd3225f\" data-element_type=\"column\" data-e-type=\"column\">\n\t\t\t<div class=\"elementor-widget-wrap elementor-element-populated\">\n\t\t\t\t\t\t<div class=\"elementor-element elementor-element-68c9ff6 elementor-widget elementor-widget-spacer\" data-id=\"68c9ff6\" data-element_type=\"widget\" data-e-type=\"widget\" data-widget_type=\"spacer.default\">\n\t\t\t\t<div class=\"elementor-widget-container\">\n\t\t\t\t\t\t\t<div class=\"elementor-spacer\">\n\t\t\t<div class=\"elementor-spacer-inner\"><\/div>\n\t\t<\/div>\n\t\t\t\t\t\t<\/div>\n\t\t\t\t<\/div>\n\t\t\t\t<div class=\"elementor-element elementor-element-115e942 elementor-widget elementor-widget-text-editor\" data-id=\"115e942\" data-element_type=\"widget\" data-e-type=\"widget\" data-widget_type=\"text-editor.default\">\n\t\t\t\t<div class=\"elementor-widget-container\">\n\t\t\t\t\t\t\t\t\t<p><strong>Drzwi wej\u015bciowe powinny charakteryzowa\u0107 si\u0119 przede wszystkim solidno\u015bci\u0105, bezpiecze\u0144stwem, ale r\u00f3wnie\u017c estetycznym wygl\u0105dem. Za granic\u0105 wysokiej jako\u015bci drzwi wej\u015bciowe s\u0105 du\u017co dro\u017csze, dlatego coraz wi\u0119cej os\u00f3b decyduje si\u0119 na import polskich drzwi wej\u015bciowych do USA, Kanady czy Australii.<\/strong><\/p><p><span style=\"font-weight: 400;\">W GWT zajmujemy si\u0119 eksportem drzwi wej\u015bciowych z Polski zar\u00f3wno dla klient\u00f3w indywidualnych, jak i dla firm. Mo\u017cesz zam\u00f3wi\u0107 polskie drzwi do dowolnego miejsca na \u015bwiecie \u2013 my zajmiemy si\u0119 zakupem w Twoim imieniu, zabezpieczeniem towaru, obs\u0142ug\u0105 wszelkich formalno\u015bci. Zadbamy o dokumentacj\u0119 i zorganizujemy transport drzwi tam, gdzie ich potrzebujesz \u2013 bezpo\u015brednio do Twojego klienta, Twojej firmy, b\u0105dz w dowolnie wskazany przez Ciebie adres.<\/span><\/p><p><span style=\"font-weight: 400;\">Pomo\u017cemy Ci wybra\u0107 najlepsze drzwi wej\u015bciowe od polskich producent\u00f3w, kt\u00f3rzy w swojej ofercie maj\u0105 mi\u0119dzy innymi:<\/span><\/p><p><span style=\"font-weight: 400;\">\u00a0<\/span><\/p>\t\t\t\t\t\t\t\t<\/div>\n\t\t\t\t<\/div>\n\t\t\t\t\t<\/div>\n\t\t<\/div>\n\t\t\t\t\t<\/div>\n\t\t<\/section>\n\t\t\t\t<section class=\"elementor-section elementor-top-section elementor-element elementor-element-7d08d7b elementor-section-stretched elementor-section-full_width elementor-section-height-default elementor-section-height-default elementor-invisible\" data-id=\"7d08d7b\" data-element_type=\"section\" data-e-type=\"section\" data-settings=\"{&quot;stretch_section&quot;:&quot;section-stretched&quot;,&quot;animation&quot;:&quot;slideInRight&quot;}\">\n\t\t\t\t\t\t<div class=\"elementor-container elementor-column-gap-default\">\n\t\t\t\t\t<div class=\"elementor-column elementor-col-100 elementor-top-column elementor-element elementor-element-c9248db\" data-id=\"c9248db\" data-element_type=\"column\" data-e-type=\"column\">\n\t\t\t<div class=\"elementor-widget-wrap elementor-element-populated\">\n\t\t\t\t\t\t<div class=\"elementor-element elementor-element-81bec0c view_style-3 elementor-widget-laptop__width-initial view_type-1 elementor-widget elementor-widget-industrium_step_carousel\" data-id=\"81bec0c\" data-element_type=\"widget\" data-e-type=\"widget\" data-widget_type=\"industrium_step_carousel.default\">\n\t\t\t\t<div class=\"elementor-widget-container\">\n\t\t\t\t\t\n        <div class=\"industrium-step-carousel-widget\">\n            \n            <div class=\"step-carousel-wrapper\">\n\n                <div class=\"steps-slider-container\">\n                    <div class=\"steps-slider owl-carousel owl-theme\" data-slider-options=\"{&quot;items&quot;:1,&quot;nav&quot;:true,&quot;dots&quot;:true,&quot;dotsContainer&quot;:&quot;.owl-dots-81bec0c&quot;,&quot;dotsContainerMobile&quot;:&quot;.owl-dots-81bec0c&quot;,&quot;autoplayHoverPause&quot;:true,&quot;autoplay&quot;:true,&quot;autoplaySpeed&quot;:1500,&quot;autoplayTimeout&quot;:6000,&quot;loop&quot;:true,&quot;speed&quot;:600}\">\n                        <div class=\"step-item slider-item\"><div class=\"step-bg-number\">01<\/div><div class=\"step-number\">01<\/div><div class=\"step-content\"><h3 class=\"step-title\">Stalowe drzwi<\/h3><div class=\"step-description\">Znane s\u0105 z wytrzyma\u0142o\u015bci i bezpiecze\u0144stwa. Cz\u0119sto stosowane w domach, biurach i innych budynkach komercyjnych. Drzwi stalowe s\u0105 odporne na warunki atmosferyczne i dzia\u0142anie czasu, co czyni je wyborem wielu dla d\u0142ugotrwa\u0142ego u\u017cytkowania.<\/div><\/div><\/div><div class=\"step-item slider-item\"><div class=\"step-bg-number\">02<\/div><div class=\"step-number\">02<\/div><div class=\"step-content\"><h3 class=\"step-title\">Drzwi kompozytowe<\/h3><div class=\"step-description\">\u0141\u0105cz\u0105 zalety wielu r\u00f3\u017cnych materia\u0142\u00f3w, takich jak drewno, PVC i stal, aby zapewni\u0107 najlepsz\u0105 wydajno\u015b\u0107. S\u0105 one trwa\u0142e, energooszcz\u0119dne, \u0142atwe w utrzymaniu i dost\u0119pne w r\u00f3\u017cnych stylach i wyko\u0144czeniach. S\u0105 produktem premium, gdy\u017c osi\u0105gaj\u0105 najlepsze parametry termiczne i wytrzyma\u0142o\u015bciowe wzgl\u0119dem innych rodzaj\u00f3w drzwi. Istnieje mo\u017cliwo\u015b\u0107 wyposa\u017cenia drzwi w witra\u017ce wed\u0142ug projektu klienta lub pokrycia lakierem z dodatkiem per\u0142y lub pomalowane w spos\u00f3b kt\u00f3ry wygl\u0105dem i struktur\u0105 imituje drewno. Wysoko\u015b\u0107 drzwi kompozytowych mo\u017ce si\u0119ga\u0107 nawet do 2450 mm. \n<\/div><\/div><\/div><div class=\"step-item slider-item\"><div class=\"step-bg-number\">03<\/div><div class=\"step-number\">03<\/div><div class=\"step-content\"><h3 class=\"step-title\">Drzwi wej\u015bciowe PCV  <\/h3><div class=\"step-description\">Wyb\u00f3r dla tych, kt\u00f3rzy ceni\u0105 sobie energooszcz\u0119dno\u015b\u0107 i niskie koszty utrzymania. S\u0105 odporne na r\u00f3\u017cne warunki pogodowe, nie wymagaj\u0105 malowania i s\u0105 dost\u0119pne w wielu kolorach i stylach. Drzwi PCV oferujemy z panelami wsadowymi.<\/div><\/div><\/div><div class=\"step-item slider-item\"><div class=\"step-bg-number\">04<\/div><div class=\"step-number\">04<\/div><div class=\"step-content\"><h3 class=\"step-title\">Aluminiowe drzwi<\/h3><div class=\"step-description\">Nowoczesne, eleganckie i niezwykle trwa\u0142e rozwi\u0105zanie. S\u0105 lekkie, \u0142atwe w utrzymaniu, a jednocze\u015bnie odporne na warunki atmosferyczne. Dzi\u0119ki mo\u017cliwo\u015bci personalizacji wyko\u0144czenia, mog\u0105 pasowa\u0107 do domu w ka\u017cdym stylu. Ich lekko\u015b\u0107 pozwala na wyprodukowanie ich w wi\u0119kszych rozmiarach wzgl\u0119dem pozosta\u0142ych rodzaj\u00f3w drzwi wej\u015bciowych. Drzwi aluminiowe dost\u0119pne s\u0105 z panelami zar\u00f3wno wsadowymi jak i jedno i dwustronnie nak\u0142adkowymi.<\/div><\/div><\/div><div class=\"step-item slider-item\"><div class=\"step-bg-number\">05<\/div><div class=\"step-number\">05<\/div><div class=\"step-content\"><h3 class=\"step-title\">Drewniane drzwi<\/h3><div class=\"step-description\">Czyli klasyka, kt\u00f3ra nigdy nie wychodzi z mody. Dodaj\u0105 ciep\u0142a i elegancji do ka\u017cdego domu, a ponadto s\u0105 trwa\u0142e i oferuj\u0105 doskona\u0142e w\u0142a\u015bciwo\u015bci izolacyjne. Dost\u0119pne s\u0105 w r\u00f3\u017cnych rodzajach drewna, kolorach i stylach.<\/div><\/div><\/div><div class=\"step-item slider-item\"><div class=\"step-bg-number\">06<\/div><div class=\"step-number\">06<\/div><div class=\"step-content\"><h3 class=\"step-title\">Pivot doors <\/h3><div class=\"step-description\">Nowoczesne rozwi\u0105zanie dla tych, kt\u00f3rzy szukaj\u0105 czego\u015b innego. Dzia\u0142aj\u0105 na specjalnych zawiasach, kt\u00f3re obracaj\u0105 drzwi wok\u00f3\u0142 punktu, zamiast tradycyjnego otwierania. S\u0105 one dost\u0119pne w r\u00f3\u017cnych materia\u0142ach i mog\u0105 stanowi\u0107 imponuj\u0105ce wej\u015bcie do ka\u017cdego domu. Wykonywane s\u0105 g\u0142\u00f3wnie z aluminium lub drewna, mog\u0105 osi\u0105ga\u0107 do 3000 mm wysoko\u015bci. <\/div><\/div><\/div>                    <\/div>                    \n                <\/div>\n                <div class=\"owl-dots owl-dots-81bec0c\"><\/div>            <\/div>\n        <\/div>\n\n        \t\t\t\t<\/div>\n\t\t\t\t<\/div>\n\t\t\t\t\t<\/div>\n\t\t<\/div>\n\t\t\t\t\t<\/div>\n\t\t<\/section>\n\t\t\t\t<section class=\"elementor-section elementor-top-section elementor-element elementor-element-98ba149 elementor-section-boxed elementor-section-height-default elementor-section-height-default\" data-id=\"98ba149\" data-element_type=\"section\" data-e-type=\"section\">\n\t\t\t\t\t\t<div class=\"elementor-container elementor-column-gap-default\">\n\t\t\t\t\t<div class=\"elementor-column elementor-col-100 elementor-top-column elementor-element elementor-element-05186a3\" data-id=\"05186a3\" data-element_type=\"column\" data-e-type=\"column\">\n\t\t\t<div class=\"elementor-widget-wrap elementor-element-populated\">\n\t\t\t\t\t\t<div class=\"elementor-element elementor-element-48f0e53 elementor-widget-widescreen__width-initial elementor-widget elementor-widget-heading\" data-id=\"48f0e53\" data-element_type=\"widget\" data-e-type=\"widget\" data-widget_type=\"heading.default\">\n\t\t\t\t<div class=\"elementor-widget-container\">\n\t\t\t\t\t<h2 class=\"elementor-heading-title elementor-size-default\">Bezpiecze\u0144stwo to podstawa. Dlatego oferujemy mo\u017cliwo\u015b\u0107 doposa\u017cenia drzwi w takie elementy, jak:<\/h2>\t\t\t\t<\/div>\n\t\t\t\t<\/div>\n\t\t\t\t\t<\/div>\n\t\t<\/div>\n\t\t\t\t\t<\/div>\n\t\t<\/section>\n\t\t\t\t<section class=\"elementor-section elementor-top-section elementor-element elementor-element-b175138 elementor-section-content-middle elementor-section-boxed elementor-section-height-default elementor-section-height-default\" data-id=\"b175138\" data-element_type=\"section\" data-e-type=\"section\">\n\t\t\t\t\t\t<div class=\"elementor-container elementor-column-gap-default\">\n\t\t\t\t\t<div class=\"elementor-column elementor-col-100 elementor-top-column elementor-element elementor-element-dd8153a\" data-id=\"dd8153a\" data-element_type=\"column\" data-e-type=\"column\">\n\t\t\t<div class=\"elementor-widget-wrap elementor-element-populated\">\n\t\t\t\t\t\t<div class=\"elementor-element elementor-element-f0f5f3d elementor-widget-widescreen__width-initial elementor-widget-laptop__width-initial elementor-widget elementor-widget-text-editor\" data-id=\"f0f5f3d\" data-element_type=\"widget\" data-e-type=\"widget\" data-widget_type=\"text-editor.default\">\n\t\t\t\t<div class=\"elementor-widget-container\">\n\t\t\t\t\t\t\t\t\t<ul><li style=\"font-weight: 400;\" aria-level=\"1\"><span style=\"font-weight: 400;\">antaby<\/span><\/li><li style=\"font-weight: 400;\" aria-level=\"1\"><span style=\"font-weight: 400;\">zamki wielopunktowe oraz elektro-zamki<\/span><\/li><li style=\"font-weight: 400;\" aria-level=\"1\"><span style=\"font-weight: 400;\">systemy inteligentnego otwierania drzwi (systemy na Bluetooth, odciski palca, klawiatury)<\/span><\/li><li style=\"font-weight: 400;\" aria-level=\"1\"><span style=\"font-weight: 400;\">szyby PRIVA-Lite \u2013 elektrycznie regulowana przezierno\u015b\u0107 przeszkle\u0144 zapewniaj\u0105ca prywatno\u015b\u0107, gdy tego potrzebujesz<\/span><\/li><li style=\"font-weight: 400;\" aria-level=\"1\"><span style=\"font-weight: 400;\">r\u00f3\u017cne konfiguracje do\u015bwietle\u0144 bocznych i g\u00f3rnych<\/span><\/li><\/ul>\t\t\t\t\t\t\t\t<\/div>\n\t\t\t\t<\/div>\n\t\t\t\t\t<\/div>\n\t\t<\/div>\n\t\t\t\t\t<\/div>\n\t\t<\/section>\n\t\t\t\t<section class=\"elementor-section elementor-top-section elementor-element elementor-element-0a2d007 elementor-section-stretched elementor-section-boxed elementor-section-height-default elementor-section-height-default\" data-id=\"0a2d007\" data-element_type=\"section\" data-e-type=\"section\" data-settings=\"{&quot;stretch_section&quot;:&quot;section-stretched&quot;,&quot;background_background&quot;:&quot;classic&quot;}\">\n\t\t\t\t\t\t<div class=\"elementor-container elementor-column-gap-default\">\n\t\t\t\t\t<div class=\"elementor-column elementor-col-100 elementor-top-column elementor-element elementor-element-4d46567\" data-id=\"4d46567\" data-element_type=\"column\" data-e-type=\"column\">\n\t\t\t<div class=\"elementor-widget-wrap elementor-element-populated\">\n\t\t\t\t\t\t<div class=\"elementor-element elementor-element-3ae44e7 view-type-1 title-alignment-left elementor-align-items-center elementor-widget elementor-widget-industrium_image_carousel\" data-id=\"3ae44e7\" data-element_type=\"widget\" data-e-type=\"widget\" data-widget_type=\"industrium_image_carousel.default\">\n\t\t\t\t<div class=\"elementor-widget-container\">\n\t\t\t\t\t\n        <div class=\"industrium-image-slider-widget\">\n\n                        <div class=\"slider-wrapper\">\n                                <div class=\"slider-container\">\n                    <div class=\"image-carousel owl-carousel owl-theme\" data-slider-options=\"{&quot;items&quot;:3,&quot;nav&quot;:false,&quot;dots&quot;:true,&quot;dotsContainer&quot;:&quot;.owl-dots-3ae44e7&quot;,&quot;dotsContainerMobile&quot;:&quot;.owl-dots-3ae44e7&quot;,&quot;autoplayHoverPause&quot;:true,&quot;autoplay&quot;:true,&quot;autoplaySpeed&quot;:800,&quot;autoplayTimeout&quot;:5000,&quot;loop&quot;:true,&quot;speed&quot;:600}\">\n                        <div class=\"slider-item\"><div class=\"slider-item-inner\"><div class=\"slider-item-media\"><img decoding=\"async\" width=\"427\" height=\"500\" src=\"https:\/\/globalwindowstrading.com\/wp-content\/uploads\/2023\/10\/klamki-2.png\" class=\"attachment-industrium_service_slider_4_columns size-industrium_service_slider_4_columns wp-image-18219\" alt=\"\" srcset=\"https:\/\/globalwindowstrading.com\/wp-content\/uploads\/2023\/10\/klamki-2.png 427w, https:\/\/globalwindowstrading.com\/wp-content\/uploads\/2023\/10\/klamki-2-256x300.png 256w, https:\/\/globalwindowstrading.com\/wp-content\/uploads\/2023\/10\/klamki-2-10x12.png 10w\" sizes=\"(max-width: 427px) 100vw, 427px\" \/><\/div><\/div><\/div><div class=\"slider-item\"><div class=\"slider-item-inner\"><div class=\"slider-item-media\"><img decoding=\"async\" width=\"480\" height=\"577\" src=\"https:\/\/globalwindowstrading.com\/wp-content\/uploads\/2023\/08\/Arctic_Plus_03-480x577.png\" class=\"attachment-industrium_service_slider_4_columns size-industrium_service_slider_4_columns wp-image-17526\" alt=\"\" \/><\/div><\/div><\/div><div class=\"slider-item\"><div class=\"slider-item-inner\"><div class=\"slider-item-media\"><img loading=\"lazy\" decoding=\"async\" width=\"462\" height=\"500\" src=\"https:\/\/globalwindowstrading.com\/wp-content\/uploads\/2023\/10\/klamki-1.png\" class=\"attachment-industrium_service_slider_4_columns size-industrium_service_slider_4_columns wp-image-18218\" alt=\"\" srcset=\"https:\/\/globalwindowstrading.com\/wp-content\/uploads\/2023\/10\/klamki-1.png 462w, https:\/\/globalwindowstrading.com\/wp-content\/uploads\/2023\/10\/klamki-1-277x300.png 277w, https:\/\/globalwindowstrading.com\/wp-content\/uploads\/2023\/10\/klamki-1-11x12.png 11w\" sizes=\"(max-width: 462px) 100vw, 462px\" \/><\/div><\/div><\/div><div class=\"slider-item\"><div class=\"slider-item-inner\"><div class=\"slider-item-media\"><img loading=\"lazy\" decoding=\"async\" width=\"400\" height=\"420\" src=\"https:\/\/globalwindowstrading.com\/wp-content\/uploads\/2023\/08\/TPS_850.png\" class=\"attachment-industrium_service_slider_4_columns size-industrium_service_slider_4_columns wp-image-16575\" alt=\"\" srcset=\"https:\/\/globalwindowstrading.com\/wp-content\/uploads\/2023\/08\/TPS_850.png 400w, https:\/\/globalwindowstrading.com\/wp-content\/uploads\/2023\/08\/TPS_850-286x300.png 286w, https:\/\/globalwindowstrading.com\/wp-content\/uploads\/2023\/08\/TPS_850-11x12.png 11w\" sizes=\"(max-width: 400px) 100vw, 400px\" \/><\/div><\/div><\/div><div class=\"slider-item\"><div class=\"slider-item-inner\"><div class=\"slider-item-media\"><img loading=\"lazy\" decoding=\"async\" width=\"480\" height=\"577\" src=\"https:\/\/globalwindowstrading.com\/wp-content\/uploads\/2023\/08\/EC_Slim-480x577.jpg\" class=\"attachment-industrium_service_slider_4_columns size-industrium_service_slider_4_columns wp-image-16568\" alt=\"\" srcset=\"https:\/\/globalwindowstrading.com\/wp-content\/uploads\/2023\/08\/EC_Slim-480x577.jpg 480w, https:\/\/globalwindowstrading.com\/wp-content\/uploads\/2023\/08\/EC_Slim-800x960.jpg 800w, https:\/\/globalwindowstrading.com\/wp-content\/uploads\/2023\/08\/EC_Slim-640x770.jpg 640w\" sizes=\"(max-width: 480px) 100vw, 480px\" \/><\/div><\/div><\/div>                    <\/div>\n                <\/div>\n            <\/div>\n\n            <div class=\"owl-dots owl-dots-3ae44e7\"><\/div>\n        <\/div>\n        \t\t\t\t<\/div>\n\t\t\t\t<\/div>\n\t\t\t\t\t<\/div>\n\t\t<\/div>\n\t\t\t\t\t<\/div>\n\t\t<\/section>\n\t\t\t\t<\/div>","protected":false},"excerpt":{"rendered":"<p>The primary qualities of a front door are robustness, reliability and safety, followed by a neat and stylish look. In most countries, for example, in America or Australia, top-quality entrance doors are costly, so many people decide to import doors from&#8230;<\/p>","protected":false},"author":1,"featured_media":0,"parent":0,"menu_order":0,"comment_status":"closed","ping_status":"closed","template":"","meta":{"footnotes":""},"class_list":["post-16433","page","type-page","status-publish","hentry"],"_links":{"self":[{"href":"https:\/\/globalwindowstrading.com\/pl\/wp-json\/wp\/v2\/pages\/16433","targetHints":{"allow":["GET"]}}],"collection":[{"href":"https:\/\/globalwindowstrading.com\/pl\/wp-json\/wp\/v2\/pages"}],"about":[{"href":"https:\/\/globalwindowstrading.com\/pl\/wp-json\/wp\/v2\/types\/page"}],"author":[{"embeddable":true,"href":"https:\/\/globalwindowstrading.com\/pl\/wp-json\/wp\/v2\/users\/1"}],"replies":[{"embeddable":true,"href":"https:\/\/globalwindowstrading.com\/pl\/wp-json\/wp\/v2\/comments?post=16433"}],"version-history":[{"count":92,"href":"https:\/\/globalwindowstrading.com\/pl\/wp-json\/wp\/v2\/pages\/16433\/revisions"}],"predecessor-version":[{"id":18370,"href":"https:\/\/globalwindowstrading.com\/pl\/wp-json\/wp\/v2\/pages\/16433\/revisions\/18370"}],"wp:attachment":[{"href":"https:\/\/globalwindowstrading.com\/pl\/wp-json\/wp\/v2\/media?parent=16433"}],"curies":[{"name":"wp","href":"https:\/\/api.w.org\/{rel}","templated":true}]}}