{"id":16431,"date":"2023-08-17T10:18:50","date_gmt":"2023-08-17T10:18:50","guid":{"rendered":"http:\/\/kromek.com.pl\/?page_id=16431"},"modified":"2023-10-12T12:06:47","modified_gmt":"2023-10-12T12:06:47","slug":"terrace-and-balcony-doors","status":"publish","type":"page","link":"https:\/\/globalwindowstrading.com\/pl\/terrace-and-balcony-doors\/","title":{"rendered":"Drzwi tarasowe"},"content":{"rendered":"<div data-elementor-type=\"wp-page\" data-elementor-id=\"16431\" class=\"elementor elementor-16431\">\n\t\t\t\t\t\t<section class=\"elementor-section elementor-top-section elementor-element elementor-element-fd4f3fd elementor-section-full_width elementor-section-stretched elementor-section-height-default elementor-section-height-default elementor-invisible\" data-id=\"fd4f3fd\" data-element_type=\"section\" data-e-type=\"section\" data-settings=\"{&quot;stretch_section&quot;:&quot;section-stretched&quot;,&quot;background_background&quot;:&quot;classic&quot;,&quot;animation&quot;:&quot;slideInLeft&quot;}\">\n\t\t\t\t\t\t<div class=\"elementor-container elementor-column-gap-no\">\n\t\t\t\t\t<div class=\"elementor-column elementor-col-100 elementor-top-column elementor-element elementor-element-e27bebb\" data-id=\"e27bebb\" data-element_type=\"column\" data-e-type=\"column\">\n\t\t\t<div class=\"elementor-widget-wrap elementor-element-populated\">\n\t\t\t\t\t\t<div class=\"elementor-element elementor-element-6122a62 elementor-absolute elementor-hidden-tablet elementor-hidden-mobile_extra elementor-hidden-mobile animated-fast decoration-type-1 elementor-invisible elementor-widget elementor-widget-industrium_decoration\" data-id=\"6122a62\" data-element_type=\"widget\" data-e-type=\"widget\" data-settings=\"{&quot;_position&quot;:&quot;absolute&quot;,&quot;_animation&quot;:&quot;industrium_decoration&quot;,&quot;_animation_tablet_extra&quot;:&quot;none&quot;,&quot;_animation_delay&quot;:300}\" data-widget_type=\"industrium_decoration.default\">\n\t\t\t\t<div class=\"elementor-widget-container\">\n\t\t\t\t\t        <div class=\"decoration-widget\">\n            <div class=\"decoration-container\">\n                <div class=\"industrium-decoration\">\n                    <div><\/div><div><\/div><div><\/div>\n                <\/div>\n            <\/div>\n        <\/div>\n        \t\t\t\t<\/div>\n\t\t\t\t<\/div>\n\t\t\t\t<section class=\"elementor-section elementor-inner-section elementor-element elementor-element-84f154a elementor-section-boxed elementor-section-height-default elementor-section-height-default\" data-id=\"84f154a\" data-element_type=\"section\" data-e-type=\"section\">\n\t\t\t\t\t\t<div class=\"elementor-container elementor-column-gap-wide\">\n\t\t\t\t\t<div class=\"elementor-column elementor-col-50 elementor-inner-column elementor-element elementor-element-6d4f47d\" data-id=\"6d4f47d\" data-element_type=\"column\" data-e-type=\"column\">\n\t\t\t<div class=\"elementor-widget-wrap elementor-element-populated\">\n\t\t\t\t\t\t<div class=\"elementor-element elementor-element-70723f3 elementor-widget elementor-widget-industrium_heading\" data-id=\"70723f3\" data-element_type=\"widget\" data-e-type=\"widget\" data-widget_type=\"industrium_heading.default\">\n\t\t\t\t<div class=\"elementor-widget-container\">\n\t\t\t\t\t<div class=\"industrium-heading-widget\"><h2 class=\"industrium-heading\"><span class=\"industrium-heading-content\"><strong>Drzwi tarasowe<\/strong><\/span><\/h2><\/div>\t\t\t\t<\/div>\n\t\t\t\t<\/div>\n\t\t\t\t<div class=\"elementor-element elementor-element-f40811d elementor-widget elementor-widget-text-editor\" data-id=\"f40811d\" data-element_type=\"widget\" data-e-type=\"widget\" data-widget_type=\"text-editor.default\">\n\t\t\t\t<div class=\"elementor-widget-container\">\n\t\t\t\t\t\t\t\t\t<p><span style=\"font-weight: 400;\">Europejskie drzwi tarasowe \u0142\u0105cz\u0105 w sobie funkcjonalno\u015b\u0107, estetyk\u0119 oraz doskona\u0142\u0105 izolacj\u0119 termiczn\u0105 i akustyczn\u0105.<\/span><\/p><p><span style=\"font-weight: 400;\">Drzwi tarasowe stanowi\u0105 wa\u017cny element ka\u017cdego domu \u2013 \u0142\u0105cz\u0105 przestrze\u0144 wewn\u0119trzn\u0105 z tarasem, balkonem lub ogrodem. Wprowadzaj\u0105 do wn\u0119trza du\u017co naturalnego \u015bwiat\u0142a, co przyczynia si\u0119 do poprawy samopoczucia mieszka\u0144c\u00f3w i sprawia, \u017ce pomieszczenia wydaj\u0105 si\u0119 wi\u0119ksze.<\/span><\/p>\t\t\t\t\t\t\t\t<\/div>\n\t\t\t\t<\/div>\n\t\t\t\t\t<\/div>\n\t\t<\/div>\n\t\t\t\t<div class=\"elementor-column elementor-col-50 elementor-inner-column elementor-element elementor-element-8341827\" data-id=\"8341827\" data-element_type=\"column\" data-e-type=\"column\">\n\t\t\t<div class=\"elementor-widget-wrap elementor-element-populated\">\n\t\t\t\t\t\t<div class=\"elementor-element elementor-element-1f1ad32 elementor-widget elementor-widget-image\" data-id=\"1f1ad32\" data-element_type=\"widget\" data-e-type=\"widget\" data-widget_type=\"image.default\">\n\t\t\t\t<div class=\"elementor-widget-container\">\n\t\t\t\t\t\t\t\t\t\t\t\t\t\t\t<img fetchpriority=\"high\" decoding=\"async\" width=\"768\" height=\"576\" src=\"https:\/\/globalwindowstrading.com\/wp-content\/uploads\/2023\/08\/EC_drzwi_HS_PSK_1-768x576.jpg\" class=\"attachment-industrium_portfolio_masonry_5_columns size-industrium_portfolio_masonry_5_columns wp-image-16460\" alt=\"\" srcset=\"https:\/\/globalwindowstrading.com\/wp-content\/uploads\/2023\/08\/EC_drzwi_HS_PSK_1-768x576.jpg 768w, https:\/\/globalwindowstrading.com\/wp-content\/uploads\/2023\/08\/EC_drzwi_HS_PSK_1-960x720.jpg 960w, https:\/\/globalwindowstrading.com\/wp-content\/uploads\/2023\/08\/EC_drzwi_HS_PSK_1-640x479.jpg 640w, https:\/\/globalwindowstrading.com\/wp-content\/uploads\/2023\/08\/EC_drzwi_HS_PSK_1-480x359.jpg 480w, https:\/\/globalwindowstrading.com\/wp-content\/uploads\/2023\/08\/EC_drzwi_HS_PSK_1-384x287.jpg 384w, https:\/\/globalwindowstrading.com\/wp-content\/uploads\/2023\/08\/EC_drzwi_HS_PSK_1-320x239.jpg 320w\" sizes=\"(max-width: 768px) 100vw, 768px\" \/>\t\t\t\t\t\t\t\t\t\t\t\t\t\t\t<\/div>\n\t\t\t\t<\/div>\n\t\t\t\t\t<\/div>\n\t\t<\/div>\n\t\t\t\t\t<\/div>\n\t\t<\/section>\n\t\t\t\t\t<\/div>\n\t\t<\/div>\n\t\t\t\t\t<\/div>\n\t\t<\/section>\n\t\t\t\t<section class=\"elementor-section elementor-top-section elementor-element elementor-element-658ab19 elementor-section-content-middle elementor-section-boxed elementor-section-height-default elementor-section-height-default elementor-invisible\" data-id=\"658ab19\" data-element_type=\"section\" data-e-type=\"section\" data-settings=\"{&quot;animation&quot;:&quot;slideInRight&quot;}\">\n\t\t\t\t\t\t<div class=\"elementor-container elementor-column-gap-default\">\n\t\t\t\t\t<div class=\"elementor-column elementor-col-100 elementor-top-column elementor-element elementor-element-82834b9\" data-id=\"82834b9\" data-element_type=\"column\" data-e-type=\"column\">\n\t\t\t<div class=\"elementor-widget-wrap elementor-element-populated\">\n\t\t\t\t\t\t<div class=\"elementor-element elementor-element-d8e2cf0 elementor-widget elementor-widget-industrium_heading\" data-id=\"d8e2cf0\" data-element_type=\"widget\" data-e-type=\"widget\" data-widget_type=\"industrium_heading.default\">\n\t\t\t\t<div class=\"elementor-widget-container\">\n\t\t\t\t\t<div class=\"industrium-heading-widget\"><h2 class=\"industrium-heading\"><span class=\"industrium-heading-content\">Import drzwi tarasowych z Polski<\/span><\/h2><\/div>\t\t\t\t<\/div>\n\t\t\t\t<\/div>\n\t\t\t\t<div class=\"elementor-element elementor-element-e4833cd elementor-widget elementor-widget-spacer\" data-id=\"e4833cd\" data-element_type=\"widget\" data-e-type=\"widget\" data-widget_type=\"spacer.default\">\n\t\t\t\t<div class=\"elementor-widget-container\">\n\t\t\t\t\t\t\t<div class=\"elementor-spacer\">\n\t\t\t<div class=\"elementor-spacer-inner\"><\/div>\n\t\t<\/div>\n\t\t\t\t\t\t<\/div>\n\t\t\t\t<\/div>\n\t\t\t\t<div class=\"elementor-element elementor-element-9215542 elementor-widget-widescreen__width-initial elementor-widget elementor-widget-text-editor\" data-id=\"9215542\" data-element_type=\"widget\" data-e-type=\"widget\" data-widget_type=\"text-editor.default\">\n\t\t\t\t<div class=\"elementor-widget-container\">\n\t\t\t\t\t\t\t\t\t<p><span style=\"font-weight: 400;\">Gama drzwi tarasowych od polskich i europejskich producent\u00f3w obejmuje wiele styl\u00f3w i rozmiar\u00f3w, aby sprosta\u0107 r\u00f3\u017cnym potrzebom i oczekiwaniom. Klienci z ca\u0142ego \u015bwiata, chc\u0105cy zaopatrzy\u0107 si\u0119 w sprawdzone rozwi\u0105zania, mog\u0105 zdecydowa\u0107 si\u0119 na drzwi tarasowe:<\/span><\/p>\t\t\t\t\t\t\t\t<\/div>\n\t\t\t\t<\/div>\n\t\t\t\t\t<\/div>\n\t\t<\/div>\n\t\t\t\t\t<\/div>\n\t\t<\/section>\n\t\t\t\t<section class=\"elementor-section elementor-top-section elementor-element elementor-element-d1f8ac5 elementor-section-content-middle elementor-section-full_width elementor-section-height-default elementor-section-height-default\" data-id=\"d1f8ac5\" data-element_type=\"section\" data-e-type=\"section\">\n\t\t\t\t\t\t<div class=\"elementor-container elementor-column-gap-default\">\n\t\t\t\t\t<div class=\"elementor-column elementor-col-100 elementor-top-column elementor-element elementor-element-6110226\" data-id=\"6110226\" data-element_type=\"column\" data-e-type=\"column\">\n\t\t\t<div class=\"elementor-widget-wrap elementor-element-populated\">\n\t\t\t\t\t\t<div class=\"elementor-element elementor-element-fe7fa89 view-type-1 title-alignment-left elementor-align-items-center elementor-widget elementor-widget-industrium_image_carousel\" data-id=\"fe7fa89\" data-element_type=\"widget\" data-e-type=\"widget\" data-widget_type=\"industrium_image_carousel.default\">\n\t\t\t\t<div class=\"elementor-widget-container\">\n\t\t\t\t\t\n        <div class=\"industrium-image-slider-widget\">\n\n                        <div class=\"slider-wrapper\">\n                                        <div class=\"cursor_drag\">\n                            <div class=\"cursor-bg\"><\/div>\n                            <span><\/span>\n                        <\/div>\n                                    <div class=\"slider-container\">\n                    <div class=\"image-carousel owl-carousel owl-theme\" data-slider-options=\"{&quot;items&quot;:3,&quot;nav&quot;:false,&quot;dots&quot;:true,&quot;dotsContainer&quot;:&quot;.owl-dots-fe7fa89&quot;,&quot;dotsContainerMobile&quot;:&quot;.owl-dots-fe7fa89&quot;,&quot;autoplayHoverPause&quot;:true,&quot;autoplay&quot;:true,&quot;autoplaySpeed&quot;:1000,&quot;autoplayTimeout&quot;:5000,&quot;loop&quot;:true,&quot;speed&quot;:500}\">\n                        <div class=\"slider-item\"><div class=\"slider-item-inner\"><div class=\"slider-item-media\"><img decoding=\"async\" width=\"768\" height=\"432\" src=\"https:\/\/globalwindowstrading.com\/wp-content\/uploads\/2023\/08\/Gealan-HST2-768x432.png\" class=\"attachment-medium_large size-medium_large wp-image-16471\" alt=\"\" srcset=\"https:\/\/globalwindowstrading.com\/wp-content\/uploads\/2023\/08\/Gealan-HST2-768x432.png 768w, https:\/\/globalwindowstrading.com\/wp-content\/uploads\/2023\/08\/Gealan-HST2-300x169.png 300w, https:\/\/globalwindowstrading.com\/wp-content\/uploads\/2023\/08\/Gealan-HST2-1024x576.png 1024w, https:\/\/globalwindowstrading.com\/wp-content\/uploads\/2023\/08\/Gealan-HST2-1536x864.png 1536w, https:\/\/globalwindowstrading.com\/wp-content\/uploads\/2023\/08\/Gealan-HST2-2048x1152.png 2048w, https:\/\/globalwindowstrading.com\/wp-content\/uploads\/2023\/08\/Gealan-HST2-18x10.png 18w, https:\/\/globalwindowstrading.com\/wp-content\/uploads\/2023\/08\/Gealan-HST2-600x338.png 600w\" sizes=\"(max-width: 768px) 100vw, 768px\" \/><\/div><div class=\"slider-item-title\">Lift-and-slide door<\/div><\/div><\/div><div class=\"slider-item\"><div class=\"slider-item-inner\"><div class=\"slider-item-media\"><img decoding=\"async\" width=\"300\" height=\"217\" src=\"https:\/\/globalwindowstrading.com\/wp-content\/uploads\/2023\/10\/alumore_drzwi_przesuwne-1-300x217.png\" class=\"attachment-medium size-medium wp-image-18278\" alt=\"\" srcset=\"https:\/\/globalwindowstrading.com\/wp-content\/uploads\/2023\/10\/alumore_drzwi_przesuwne-1-300x217.png 300w, https:\/\/globalwindowstrading.com\/wp-content\/uploads\/2023\/10\/alumore_drzwi_przesuwne-1-1024x739.png 1024w, https:\/\/globalwindowstrading.com\/wp-content\/uploads\/2023\/10\/alumore_drzwi_przesuwne-1-768x555.png 768w, https:\/\/globalwindowstrading.com\/wp-content\/uploads\/2023\/10\/alumore_drzwi_przesuwne-1-18x12.png 18w, https:\/\/globalwindowstrading.com\/wp-content\/uploads\/2023\/10\/alumore_drzwi_przesuwne-1-600x433.png 600w, https:\/\/globalwindowstrading.com\/wp-content\/uploads\/2023\/10\/alumore_drzwi_przesuwne-1.png 1108w\" sizes=\"(max-width: 300px) 100vw, 300px\" \/><\/div><div class=\"slider-item-title\">Sliding doors<\/div><\/div><\/div><div class=\"slider-item\"><div class=\"slider-item-inner\"><div class=\"slider-item-media\"><img loading=\"lazy\" decoding=\"async\" width=\"300\" height=\"255\" src=\"https:\/\/globalwindowstrading.com\/wp-content\/uploads\/2023\/10\/PSK_CMYK__-scaled-e1697112348653-300x255.jpg\" class=\"attachment-medium size-medium wp-image-18226\" alt=\"\" srcset=\"https:\/\/globalwindowstrading.com\/wp-content\/uploads\/2023\/10\/PSK_CMYK__-scaled-e1697112348653-300x255.jpg 300w, https:\/\/globalwindowstrading.com\/wp-content\/uploads\/2023\/10\/PSK_CMYK__-scaled-e1697112348653-1024x871.jpg 1024w, https:\/\/globalwindowstrading.com\/wp-content\/uploads\/2023\/10\/PSK_CMYK__-scaled-e1697112348653-768x653.jpg 768w, https:\/\/globalwindowstrading.com\/wp-content\/uploads\/2023\/10\/PSK_CMYK__-scaled-e1697112348653-1536x1307.jpg 1536w, https:\/\/globalwindowstrading.com\/wp-content\/uploads\/2023\/10\/PSK_CMYK__-scaled-e1697112348653-2048x1742.jpg 2048w, https:\/\/globalwindowstrading.com\/wp-content\/uploads\/2023\/10\/PSK_CMYK__-scaled-e1697112348653-14x12.jpg 14w, https:\/\/globalwindowstrading.com\/wp-content\/uploads\/2023\/10\/PSK_CMYK__-scaled-e1697112348653-600x510.jpg 600w\" sizes=\"(max-width: 300px) 100vw, 300px\" \/><\/div><div class=\"slider-item-title\">PSK<\/div><\/div><\/div><div class=\"slider-item\"><div class=\"slider-item-inner\"><div class=\"slider-item-media\"><img loading=\"lazy\" decoding=\"async\" width=\"225\" height=\"300\" src=\"https:\/\/globalwindowstrading.com\/wp-content\/uploads\/2023\/10\/IMG_20190322_112851_BURST002-225x300.jpg\" class=\"attachment-medium size-medium wp-image-18285\" alt=\"\" srcset=\"https:\/\/globalwindowstrading.com\/wp-content\/uploads\/2023\/10\/IMG_20190322_112851_BURST002-225x300.jpg 225w, https:\/\/globalwindowstrading.com\/wp-content\/uploads\/2023\/10\/IMG_20190322_112851_BURST002-768x1024.jpg 768w, https:\/\/globalwindowstrading.com\/wp-content\/uploads\/2023\/10\/IMG_20190322_112851_BURST002-1152x1536.jpg 1152w, https:\/\/globalwindowstrading.com\/wp-content\/uploads\/2023\/10\/IMG_20190322_112851_BURST002-1536x2048.jpg 1536w, https:\/\/globalwindowstrading.com\/wp-content\/uploads\/2023\/10\/IMG_20190322_112851_BURST002-9x12.jpg 9w, https:\/\/globalwindowstrading.com\/wp-content\/uploads\/2023\/10\/IMG_20190322_112851_BURST002-600x800.jpg 600w, https:\/\/globalwindowstrading.com\/wp-content\/uploads\/2023\/10\/IMG_20190322_112851_BURST002-scaled.jpg 1920w\" sizes=\"(max-width: 225px) 100vw, 225px\" \/><\/div><div class=\"slider-item-title\">Patio doors<\/div><\/div><\/div>                    <\/div>\n                <\/div>\n            <\/div>\n\n            <div class=\"owl-dots owl-dots-fe7fa89\"><\/div>\n        <\/div>\n        \t\t\t\t<\/div>\n\t\t\t\t<\/div>\n\t\t\t\t\t<\/div>\n\t\t<\/div>\n\t\t\t\t\t<\/div>\n\t\t<\/section>\n\t\t\t\t<section class=\"elementor-section elementor-top-section elementor-element elementor-element-8fa46ac elementor-section-content-middle elementor-section-boxed elementor-section-height-default elementor-section-height-default elementor-invisible\" data-id=\"8fa46ac\" data-element_type=\"section\" data-e-type=\"section\" data-settings=\"{&quot;background_background&quot;:&quot;classic&quot;,&quot;animation&quot;:&quot;fadeInRight&quot;}\">\n\t\t\t\t\t\t<div class=\"elementor-container elementor-column-gap-default\">\n\t\t\t\t\t<div class=\"elementor-column elementor-col-50 elementor-top-column elementor-element elementor-element-2d09f7a\" data-id=\"2d09f7a\" data-element_type=\"column\" data-e-type=\"column\">\n\t\t\t<div class=\"elementor-widget-wrap elementor-element-populated\">\n\t\t\t\t\t\t<div class=\"elementor-element elementor-element-14711b8 elementor-widget elementor-widget-image\" data-id=\"14711b8\" data-element_type=\"widget\" data-e-type=\"widget\" data-widget_type=\"image.default\">\n\t\t\t\t<div class=\"elementor-widget-container\">\n\t\t\t\t\t\t\t\t\t\t\t\t\t\t\t<img loading=\"lazy\" decoding=\"async\" width=\"1024\" height=\"1024\" src=\"https:\/\/globalwindowstrading.com\/wp-content\/uploads\/2023\/08\/PSK_side-1024x1024.png\" class=\"attachment-large size-large wp-image-16533\" alt=\"\" srcset=\"https:\/\/globalwindowstrading.com\/wp-content\/uploads\/2023\/08\/PSK_side-1024x1024.png 1024w, https:\/\/globalwindowstrading.com\/wp-content\/uploads\/2023\/08\/PSK_side-300x300.png 300w, https:\/\/globalwindowstrading.com\/wp-content\/uploads\/2023\/08\/PSK_side-150x150.png 150w, https:\/\/globalwindowstrading.com\/wp-content\/uploads\/2023\/08\/PSK_side-768x768.png 768w, https:\/\/globalwindowstrading.com\/wp-content\/uploads\/2023\/08\/PSK_side-1536x1536.png 1536w, https:\/\/globalwindowstrading.com\/wp-content\/uploads\/2023\/08\/PSK_side-2048x2048.png 2048w, https:\/\/globalwindowstrading.com\/wp-content\/uploads\/2023\/08\/PSK_side-12x12.png 12w, https:\/\/globalwindowstrading.com\/wp-content\/uploads\/2023\/08\/PSK_side-600x600.png 600w\" sizes=\"(max-width: 1024px) 100vw, 1024px\" \/>\t\t\t\t\t\t\t\t\t\t\t\t\t\t\t<\/div>\n\t\t\t\t<\/div>\n\t\t\t\t\t<\/div>\n\t\t<\/div>\n\t\t\t\t<div class=\"elementor-column elementor-col-50 elementor-top-column elementor-element elementor-element-4c8221e\" data-id=\"4c8221e\" data-element_type=\"column\" data-e-type=\"column\">\n\t\t\t<div class=\"elementor-widget-wrap elementor-element-populated\">\n\t\t\t\t\t\t<div class=\"elementor-element elementor-element-6e5ac1b elementor-widget-widescreen__width-initial elementor-widget elementor-widget-text-editor\" data-id=\"6e5ac1b\" data-element_type=\"widget\" data-e-type=\"widget\" data-widget_type=\"text-editor.default\">\n\t\t\t\t<div class=\"elementor-widget-container\">\n\t\t\t\t\t\t\t\t\t<p><strong>W Global Windows Trading zapewniamy kompleksowe wsparcie podczas zakupu, pakowania i wysy\u0142ki drzwi tarasowych z Polski do Kanady, USA, Australii lub innego miejsca na \u015bwiecie. Organizujemy transport morski polskiej stolarki okiennej i drzwiowej oraz materia\u0142\u00f3w budowlanych. Zam\u00f3w z nasz\u0105 pomoc\u0105 drzwi tarasowe z polskich fabryk \u2013 my zadbamy o ca\u0142\u0105 dokumentacj\u0119 zwi\u0105zan\u0105 z eksportem i importem, bezpieczne magazynowanie, pakowanie kontener\u00f3w morskich i wysy\u0142k\u0119 do miejsca docelowego.<\/strong><\/p><p>Oferujemy drzwi tarasowe wykonane z PCV, aluminium oraz drewna (r\u00f3wnie\u017c z nak\u0142adkami aluminiowymi). Tym samym zaspokoimy potrzeby ka\u017cdego klienta w ka\u017cdym bud\u017cecie.<\/p><p><span style=\"font-weight: 400;\">Zach\u0119camy do zapoznania si\u0119 z ofert\u0105 drzwi tarasowych z Polski. Proponujemy Pa\u0144stwu rozwi\u0105zania o najwy\u017cszej jako\u015bci i w konkurencyjnych cenach. W razie k\u0142opot\u00f3w z wyborem najlepszych drzwi tarasowych, s\u0142u\u017cymy pomoc\u0105.<\/span><\/p>\t\t\t\t\t\t\t\t<\/div>\n\t\t\t\t<\/div>\n\t\t\t\t\t<\/div>\n\t\t<\/div>\n\t\t\t\t\t<\/div>\n\t\t<\/section>\n\t\t\t\t<\/div>","protected":false},"excerpt":{"rendered":"<p>European balcony and terrace doors are highly functional, aesthetically designed and have excellent thermal and acoustic insulation properties. Balcony doors are essential to any residence &#8211; they connect the interior space with the terrace, balcony, patio or garden and let daylight&#8230;<\/p>","protected":false},"author":1,"featured_media":0,"parent":0,"menu_order":0,"comment_status":"closed","ping_status":"closed","template":"","meta":{"footnotes":""},"class_list":["post-16431","page","type-page","status-publish","hentry"],"_links":{"self":[{"href":"https:\/\/globalwindowstrading.com\/pl\/wp-json\/wp\/v2\/pages\/16431","targetHints":{"allow":["GET"]}}],"collection":[{"href":"https:\/\/globalwindowstrading.com\/pl\/wp-json\/wp\/v2\/pages"}],"about":[{"href":"https:\/\/globalwindowstrading.com\/pl\/wp-json\/wp\/v2\/types\/page"}],"author":[{"embeddable":true,"href":"https:\/\/globalwindowstrading.com\/pl\/wp-json\/wp\/v2\/users\/1"}],"replies":[{"embeddable":true,"href":"https:\/\/globalwindowstrading.com\/pl\/wp-json\/wp\/v2\/comments?post=16431"}],"version-history":[{"count":69,"href":"https:\/\/globalwindowstrading.com\/pl\/wp-json\/wp\/v2\/pages\/16431\/revisions"}],"predecessor-version":[{"id":18289,"href":"https:\/\/globalwindowstrading.com\/pl\/wp-json\/wp\/v2\/pages\/16431\/revisions\/18289"}],"wp:attachment":[{"href":"https:\/\/globalwindowstrading.com\/pl\/wp-json\/wp\/v2\/media?parent=16431"}],"curies":[{"name":"wp","href":"https:\/\/api.w.org\/{rel}","templated":true}]}}