{"id":16425,"date":"2023-08-17T10:18:11","date_gmt":"2023-08-17T10:18:11","guid":{"rendered":"http:\/\/kromek.com.pl\/?page_id=16425"},"modified":"2023-10-29T16:20:08","modified_gmt":"2023-10-29T16:20:08","slug":"passive-windows","status":"publish","type":"page","link":"https:\/\/globalwindowstrading.com\/pl\/passive-windows\/","title":{"rendered":"Okna pasywne"},"content":{"rendered":"<div data-elementor-type=\"wp-page\" data-elementor-id=\"16425\" class=\"elementor elementor-16425\">\n\t\t\t\t\t\t<section class=\"elementor-section elementor-top-section elementor-element elementor-element-7947668 elementor-section-content-middle elementor-section-full_width elementor-section-stretched elementor-section-height-default elementor-section-height-default elementor-invisible\" data-id=\"7947668\" data-element_type=\"section\" data-e-type=\"section\" data-settings=\"{&quot;background_background&quot;:&quot;classic&quot;,&quot;animation&quot;:&quot;fadeInRight&quot;,&quot;stretch_section&quot;:&quot;section-stretched&quot;}\">\n\t\t\t\t\t\t<div class=\"elementor-container elementor-column-gap-default\">\n\t\t\t\t\t<div class=\"elementor-column elementor-col-50 elementor-top-column elementor-element elementor-element-11e639b\" data-id=\"11e639b\" data-element_type=\"column\" data-e-type=\"column\">\n\t\t\t<div class=\"elementor-widget-wrap elementor-element-populated\">\n\t\t\t\t\t\t<div class=\"elementor-element elementor-element-6c91060 elementor-widget-widescreen__width-initial elementor-widget elementor-widget-image\" data-id=\"6c91060\" data-element_type=\"widget\" data-e-type=\"widget\" data-widget_type=\"image.default\">\n\t\t\t\t<div class=\"elementor-widget-container\">\n\t\t\t\t\t\t\t\t\t\t\t\t\t\t\t<img fetchpriority=\"high\" decoding=\"async\" width=\"480\" height=\"600\" src=\"https:\/\/globalwindowstrading.com\/wp-content\/uploads\/2023\/10\/Gealan-Kubus-3-480x600.png\" class=\"attachment-industrium_post_grid_4_columns size-industrium_post_grid_4_columns wp-image-18339\" alt=\"\" srcset=\"https:\/\/globalwindowstrading.com\/wp-content\/uploads\/2023\/10\/Gealan-Kubus-3-480x600.png 480w, https:\/\/globalwindowstrading.com\/wp-content\/uploads\/2023\/10\/Gealan-Kubus-3-960x1200.png 960w, https:\/\/globalwindowstrading.com\/wp-content\/uploads\/2023\/10\/Gealan-Kubus-3-640x800.png 640w, https:\/\/globalwindowstrading.com\/wp-content\/uploads\/2023\/10\/Gealan-Kubus-3-384x480.png 384w, https:\/\/globalwindowstrading.com\/wp-content\/uploads\/2023\/10\/Gealan-Kubus-3-320x400.png 320w\" sizes=\"(max-width: 480px) 100vw, 480px\" \/>\t\t\t\t\t\t\t\t\t\t\t\t\t\t\t<\/div>\n\t\t\t\t<\/div>\n\t\t\t\t\t<\/div>\n\t\t<\/div>\n\t\t\t\t<div class=\"elementor-column elementor-col-50 elementor-top-column elementor-element elementor-element-7fcc200\" data-id=\"7fcc200\" data-element_type=\"column\" data-e-type=\"column\">\n\t\t\t<div class=\"elementor-widget-wrap elementor-element-populated\">\n\t\t\t\t\t\t<div class=\"elementor-element elementor-element-78f908d elementor-widget-widescreen__width-initial elementor-widget elementor-widget-text-editor\" data-id=\"78f908d\" data-element_type=\"widget\" data-e-type=\"widget\" data-widget_type=\"text-editor.default\">\n\t\t\t\t<div class=\"elementor-widget-container\">\n\t\t\t\t\t\t\t\t\t<p><strong>Okna pasywne s\u0105 tworzone z my\u015bl\u0105 o najnowszych standardach energooszcz\u0119dno\u015bci. Te innowacyjne rozwi\u0105zania okna stanowi\u0105 doskona\u0142e rozwi\u0105zanie dla os\u00f3b pragn\u0105cych zmniejszy\u0107 sw\u00f3j \u015blad w\u0119glowy i obni\u017cy\u0107 rachunki za energi\u0119.<\/strong><\/p><p>Okna pasywne s\u0105 zaprojektowane w taki spos\u00f3b, aby minimalizowa\u0107 straty ciep\u0142a w budynku, a jednocze\u015bnie maksymalizowa\u0107 zyski energii, kt\u00f3re mo\u017cna uzyska\u0107 dzi\u0119ki s\u0142o\u0144cu. Okna te charakteryzuj\u0105 si\u0119 wysok\u0105 izolacyjno\u015bci\u0105 termiczn\u0105 i doskona\u0142ym wpuszczaniem \u015bwiat\u0142a, co przek\u0142ada si\u0119 na znacz\u0105ce oszcz\u0119dno\u015bci energii. W Polsce coraz wi\u0119cej producent\u00f3w okien decyduje si\u0119 na wprowadzenie do oferty okien pasywnych, a jako\u015b\u0107 polskiej stolarki okiennej jest ceniona na ca\u0142ym \u015bwiecie. Dlatego proponujemy naszym klientom eksport polskich okien pasywnych za granic\u0119 \u2013 wsz\u0119dzie tam, gdzie mo\u017cna zorganizowa\u0107 transport morski lub lotniczy.<\/p><p>W asortymencie polskich producent\u00f3w znale\u017a\u0107 mo\u017cna r\u00f3\u017cne rodzaje okien pasywnych, kt\u00f3re spe\u0142ni\u0105 oczekiwania nawet najbardziej wymagaj\u0105cych klient\u00f3w.<\/p>\t\t\t\t\t\t\t\t<\/div>\n\t\t\t\t<\/div>\n\t\t\t\t<div class=\"elementor-element elementor-element-8f8972b elementor-widget elementor-widget-text-editor\" data-id=\"8f8972b\" data-element_type=\"widget\" data-e-type=\"widget\" data-widget_type=\"text-editor.default\">\n\t\t\t\t<div class=\"elementor-widget-container\">\n\t\t\t\t\t\t\t\t\t<p><strong>Okna pasywne charakteryzuj\u0105 si\u0119:<\/strong><\/p><ul><li style=\"font-weight: 400;\" aria-level=\"1\">wysok\u0105 izolacj\u0105 termiczn\u0105<\/li><li style=\"font-weight: 400;\" aria-level=\"1\">bardzo niskie wsp\u00f3\u0142czynniki przenikania ciep\u0142a<\/li><li style=\"font-weight: 400;\" aria-level=\"1\"><span style=\"font-weight: 400;\">doskona\u0142ym przepuszczaniem \u015bwiat\u0142a<\/span><\/li><li style=\"font-weight: 400;\" aria-level=\"1\"><span style=\"font-weight: 400;\">wysok\u0105 wydajno\u015bci\u0105 energetyczn\u0105.<\/span><\/li><\/ul>\t\t\t\t\t\t\t\t<\/div>\n\t\t\t\t<\/div>\n\t\t\t\t\t<\/div>\n\t\t<\/div>\n\t\t\t\t\t<\/div>\n\t\t<\/section>\n\t\t\t\t<section class=\"elementor-section elementor-top-section elementor-element elementor-element-8c1f1ba elementor-section-full_width elementor-section-stretched elementor-section-height-default elementor-section-height-default elementor-invisible\" data-id=\"8c1f1ba\" data-element_type=\"section\" data-e-type=\"section\" data-settings=\"{&quot;stretch_section&quot;:&quot;section-stretched&quot;,&quot;background_background&quot;:&quot;classic&quot;,&quot;animation&quot;:&quot;slideInLeft&quot;}\">\n\t\t\t\t\t\t<div class=\"elementor-container elementor-column-gap-no\">\n\t\t\t\t\t<div class=\"elementor-column elementor-col-100 elementor-top-column elementor-element elementor-element-5b0d93f\" data-id=\"5b0d93f\" data-element_type=\"column\" data-e-type=\"column\">\n\t\t\t<div class=\"elementor-widget-wrap elementor-element-populated\">\n\t\t\t\t\t\t<div class=\"elementor-element elementor-element-124462f elementor-absolute elementor-hidden-tablet elementor-hidden-mobile_extra elementor-hidden-mobile animated-fast decoration-type-1 elementor-invisible elementor-widget elementor-widget-industrium_decoration\" data-id=\"124462f\" data-element_type=\"widget\" data-e-type=\"widget\" data-settings=\"{&quot;_position&quot;:&quot;absolute&quot;,&quot;_animation&quot;:&quot;industrium_decoration&quot;,&quot;_animation_tablet_extra&quot;:&quot;none&quot;,&quot;_animation_delay&quot;:300}\" data-widget_type=\"industrium_decoration.default\">\n\t\t\t\t<div class=\"elementor-widget-container\">\n\t\t\t\t\t        <div class=\"decoration-widget\">\n            <div class=\"decoration-container\">\n                <div class=\"industrium-decoration\">\n                    <div><\/div><div><\/div><div><\/div>\n                <\/div>\n            <\/div>\n        <\/div>\n        \t\t\t\t<\/div>\n\t\t\t\t<\/div>\n\t\t\t\t<section class=\"elementor-section elementor-inner-section elementor-element elementor-element-7b6b1eb elementor-section-boxed elementor-section-height-default elementor-section-height-default\" data-id=\"7b6b1eb\" data-element_type=\"section\" data-e-type=\"section\">\n\t\t\t\t\t\t<div class=\"elementor-container elementor-column-gap-wide\">\n\t\t\t\t\t<div class=\"elementor-column elementor-col-50 elementor-inner-column elementor-element elementor-element-2358b09\" data-id=\"2358b09\" data-element_type=\"column\" data-e-type=\"column\">\n\t\t\t<div class=\"elementor-widget-wrap elementor-element-populated\">\n\t\t\t\t\t\t<div class=\"elementor-element elementor-element-c4e3213 elementor-widget elementor-widget-industrium_heading\" data-id=\"c4e3213\" data-element_type=\"widget\" data-e-type=\"widget\" data-widget_type=\"industrium_heading.default\">\n\t\t\t\t<div class=\"elementor-widget-container\">\n\t\t\t\t\t<div class=\"industrium-heading-widget\"><h2 class=\"industrium-heading\"><span class=\"industrium-heading-content\">Zach\u0119camy klient\u00f3w z ca\u0142ego \u015bwiata do zakupu okien pasywnych:\u00a0<\/span><\/h2><\/div>\t\t\t\t<\/div>\n\t\t\t\t<\/div>\n\t\t\t\t<div class=\"elementor-element elementor-element-4acdcd5 elementor-widget elementor-widget-text-editor\" data-id=\"4acdcd5\" data-element_type=\"widget\" data-e-type=\"widget\" data-widget_type=\"text-editor.default\">\n\t\t\t\t<div class=\"elementor-widget-container\">\n\t\t\t\t\t\t\t\t\t<p>W Global Windows Trading uzyskasz wszystkie niezb\u0119dne informacje na temat zakupu i transportu polskich okien pasywnych do USA, Kanady, Australii lub dowolnego miejsca na \u015bwiecie. W GWT przejmujemy od klient\u00f3w wszelkie formalno\u015bci zwi\u0105zane z eksportem okien z Polski oraz ich importem do miejsca docelowego. Kompleksowo zajmujemy si\u0119 logistyk\u0105 ca\u0142ego przedsi\u0119wzi\u0119cia, oferuj\u0105c klientom zakup, magazynowanie, zabezpieczanie produkt\u00f3w, pakowanie kontener\u00f3w morskich oraz organizacj\u0119 transportu drog\u0105 morsk\u0105. <br \/>Oferujemy okna pasywne takie jak <strong>Gealan Kubus, Rehau Geneo,\u00a0Aluprof MB104 Passive.<\/strong><\/p>\t\t\t\t\t\t\t\t<\/div>\n\t\t\t\t<\/div>\n\t\t\t\t\t<\/div>\n\t\t<\/div>\n\t\t\t\t<div class=\"elementor-column elementor-col-50 elementor-inner-column elementor-element elementor-element-3071477\" data-id=\"3071477\" data-element_type=\"column\" data-e-type=\"column\">\n\t\t\t<div class=\"elementor-widget-wrap elementor-element-populated\">\n\t\t\t\t\t\t<div class=\"elementor-element elementor-element-b54f419 elementor-widget elementor-widget-image\" data-id=\"b54f419\" data-element_type=\"widget\" data-e-type=\"widget\" data-widget_type=\"image.default\">\n\t\t\t\t<div class=\"elementor-widget-container\">\n\t\t\t\t\t\t\t\t\t\t\t\t\t\t\t<img decoding=\"async\" width=\"960\" height=\"831\" src=\"https:\/\/globalwindowstrading.com\/wp-content\/uploads\/2023\/10\/Gealan-S8000-960x831.png\" class=\"attachment-industrium_portfolio_grid_2_columns size-industrium_portfolio_grid_2_columns wp-image-18275\" alt=\"\" srcset=\"https:\/\/globalwindowstrading.com\/wp-content\/uploads\/2023\/10\/Gealan-S8000-960x831.png 960w, https:\/\/globalwindowstrading.com\/wp-content\/uploads\/2023\/10\/Gealan-S8000-1340x1160.png 1340w, https:\/\/globalwindowstrading.com\/wp-content\/uploads\/2023\/10\/Gealan-S8000-640x554.png 640w, https:\/\/globalwindowstrading.com\/wp-content\/uploads\/2023\/10\/Gealan-S8000-480x416.png 480w, https:\/\/globalwindowstrading.com\/wp-content\/uploads\/2023\/10\/Gealan-S8000-384x333.png 384w, https:\/\/globalwindowstrading.com\/wp-content\/uploads\/2023\/10\/Gealan-S8000-320x277.png 320w\" sizes=\"(max-width: 960px) 100vw, 960px\" \/>\t\t\t\t\t\t\t\t\t\t\t\t\t\t\t<\/div>\n\t\t\t\t<\/div>\n\t\t\t\t<div class=\"elementor-element elementor-element-621ce33 elementor-widget-laptop__width-initial elementor-widget elementor-widget-text-editor\" data-id=\"621ce33\" data-element_type=\"widget\" data-e-type=\"widget\" data-widget_type=\"text-editor.default\">\n\t\t\t\t<div class=\"elementor-widget-container\">\n\t\t\t\t\t\t\t\t\t<p><strong>Gealan Kubus<br \/>Rehau Geneo<br \/>Aluprof MB104 Passive<\/strong><\/p>\t\t\t\t\t\t\t\t<\/div>\n\t\t\t\t<\/div>\n\t\t\t\t\t<\/div>\n\t\t<\/div>\n\t\t\t\t\t<\/div>\n\t\t<\/section>\n\t\t\t\t\t<\/div>\n\t\t<\/div>\n\t\t\t\t\t<\/div>\n\t\t<\/section>\n\t\t\t\t<\/div>","protected":false},"excerpt":{"rendered":"<p>Passive windows are designed in line with state-of-the-art energy efficiency standards. These innovative solutions are ideal for people looking to reduce their carbon footprint and lower their energy bills. Passive windows are designed to minimize heat loss in a building while&#8230;<\/p>","protected":false},"author":1,"featured_media":0,"parent":0,"menu_order":0,"comment_status":"closed","ping_status":"closed","template":"","meta":{"footnotes":""},"class_list":["post-16425","page","type-page","status-publish","hentry"],"_links":{"self":[{"href":"https:\/\/globalwindowstrading.com\/pl\/wp-json\/wp\/v2\/pages\/16425","targetHints":{"allow":["GET"]}}],"collection":[{"href":"https:\/\/globalwindowstrading.com\/pl\/wp-json\/wp\/v2\/pages"}],"about":[{"href":"https:\/\/globalwindowstrading.com\/pl\/wp-json\/wp\/v2\/types\/page"}],"author":[{"embeddable":true,"href":"https:\/\/globalwindowstrading.com\/pl\/wp-json\/wp\/v2\/users\/1"}],"replies":[{"embeddable":true,"href":"https:\/\/globalwindowstrading.com\/pl\/wp-json\/wp\/v2\/comments?post=16425"}],"version-history":[{"count":74,"href":"https:\/\/globalwindowstrading.com\/pl\/wp-json\/wp\/v2\/pages\/16425\/revisions"}],"predecessor-version":[{"id":18342,"href":"https:\/\/globalwindowstrading.com\/pl\/wp-json\/wp\/v2\/pages\/16425\/revisions\/18342"}],"wp:attachment":[{"href":"https:\/\/globalwindowstrading.com\/pl\/wp-json\/wp\/v2\/media?parent=16425"}],"curies":[{"name":"wp","href":"https:\/\/api.w.org\/{rel}","templated":true}]}}