{"id":16424,"date":"2023-08-17T10:18:11","date_gmt":"2023-08-17T10:18:11","guid":{"rendered":"http:\/\/kromek.com.pl\/?page_id=16424"},"modified":"2023-10-09T09:19:40","modified_gmt":"2023-10-09T09:19:40","slug":"aluminum-windows","status":"publish","type":"page","link":"https:\/\/globalwindowstrading.com\/pl\/aluminum-windows\/","title":{"rendered":"Aluminum windows"},"content":{"rendered":"<div data-elementor-type=\"wp-page\" data-elementor-id=\"16424\" class=\"elementor elementor-16424\">\n\t\t\t\t\t\t<section class=\"elementor-section elementor-top-section elementor-element elementor-element-98022bd elementor-section-stretched elementor-section-content-middle elementor-section-boxed elementor-section-height-default elementor-section-height-default\" data-id=\"98022bd\" data-element_type=\"section\" data-e-type=\"section\" data-settings=\"{&quot;stretch_section&quot;:&quot;section-stretched&quot;}\">\n\t\t\t\t\t\t<div class=\"elementor-container elementor-column-gap-wide\">\n\t\t\t\t\t<div class=\"elementor-column elementor-col-50 elementor-top-column elementor-element elementor-element-99e1aff\" data-id=\"99e1aff\" data-element_type=\"column\" data-e-type=\"column\">\n\t\t\t<div class=\"elementor-widget-wrap elementor-element-populated\">\n\t\t\t\t\t\t<div class=\"elementor-element elementor-element-7c6772e elementor-widget elementor-widget-image\" data-id=\"7c6772e\" data-element_type=\"widget\" data-e-type=\"widget\" data-widget_type=\"image.default\">\n\t\t\t\t<div class=\"elementor-widget-container\">\n\t\t\t\t\t\t\t\t\t\t\t\t\t\t\t<img fetchpriority=\"high\" decoding=\"async\" width=\"480\" height=\"577\" src=\"https:\/\/globalwindowstrading.com\/wp-content\/uploads\/2023\/10\/Scena_13_004_0141-480x577.jpg\" class=\"attachment-industrium_service_slider_4_columns size-industrium_service_slider_4_columns wp-image-18154\" alt=\"\" srcset=\"https:\/\/globalwindowstrading.com\/wp-content\/uploads\/2023\/10\/Scena_13_004_0141-480x577.jpg 480w, https:\/\/globalwindowstrading.com\/wp-content\/uploads\/2023\/10\/Scena_13_004_0141-640x770.jpg 640w\" sizes=\"(max-width: 480px) 100vw, 480px\" \/>\t\t\t\t\t\t\t\t\t\t\t\t\t\t\t<\/div>\n\t\t\t\t<\/div>\n\t\t\t\t\t<\/div>\n\t\t<\/div>\n\t\t\t\t<div class=\"elementor-column elementor-col-50 elementor-top-column elementor-element elementor-element-39de9c0\" data-id=\"39de9c0\" data-element_type=\"column\" data-e-type=\"column\">\n\t\t\t<div class=\"elementor-widget-wrap elementor-element-populated\">\n\t\t\t\t\t\t<div class=\"elementor-element elementor-element-3c543d4 elementor-widget elementor-widget-industrium_heading\" data-id=\"3c543d4\" data-element_type=\"widget\" data-e-type=\"widget\" data-widget_type=\"industrium_heading.default\">\n\t\t\t\t<div class=\"elementor-widget-container\">\n\t\t\t\t\t<div class=\"industrium-heading-widget\"><h2 class=\"industrium-heading\"><span class=\"industrium-heading-content\">Polskie okna aluminiowe\u00a0<\/span><\/h2><\/div>\t\t\t\t<\/div>\n\t\t\t\t<\/div>\n\t\t\t\t<div class=\"elementor-element elementor-element-731aea7 elementor-widget elementor-widget-text-editor\" data-id=\"731aea7\" data-element_type=\"widget\" data-e-type=\"widget\" data-widget_type=\"text-editor.default\">\n\t\t\t\t<div class=\"elementor-widget-container\">\n\t\t\t\t\t\t\t\t\t<p><strong>Dlaczego warto zainwestowa\u0107 w okna aluminiowe?<\/strong><\/p><p class=\"translation-block\">Okna aluminiowe to wyb\u00f3r, kt\u00f3ry zapewnia doskona\u0142\u0105 trwa\u0142o\u015b\u0107 i wytrzyma\u0142o\u015b\u0107, a jednocze\u015bnie minimalizuje konieczno\u015b\u0107 konserwacji. Aluminium pozwala na stworzenie smuk\u0142ych ram okiennych, kt\u00f3re maksymalizuj\u0105 widoki z okien, a tym samym przep\u0142yw \u015bwiat\u0142a naturalnego. Opr\u00f3cz wytrzyma\u0142o\u015bci, okna aluminiowe wyr\u00f3\u017cniaj\u0105 si\u0119 doskona\u0142\u0105 izolacj\u0105 termiczn\u0105 i d\u017awi\u0119kow\u0105.\n\nOferujemy systemy do u\u017cytku wewn\u0119trznego i zewn\u0119trznego, ogrody zimowe oraz systemy fasadowe.\n\nParametry mechaniczne aluminium pozwalaj\u0105 osi\u0105gn\u0105\u0107 znacznie wi\u0119ksze rozmiary konstrukcji od PCV lub drewna. Rozw\u00f3j technologii pozwoli\u0142 na stworzenie system\u00f3w dopasowanych do potrzeb klienta z ca\u0142ego \u015bwiata: u os\u00f3b mieszkaj\u0105cych w ciep\u0142ym klimacie aluminium sprawdzi si\u0119 \u015bwietnie, poniewa\u017c nie ulegnie odkszta\u0142ceniu z powodu wysokich temperatur. Systemy ocieplane mog\u0105 za\u015b z powodzeniem znale\u017a\u0107 zastosowanie w domach energooszcz\u0119dnych, a nawet pasywnych.<\/p>\t\t\t\t\t\t\t\t<\/div>\n\t\t\t\t<\/div>\n\t\t\t\t<div class=\"elementor-element elementor-element-4a5e799 elementor-widget elementor-widget-text-editor\" data-id=\"4a5e799\" data-element_type=\"widget\" data-e-type=\"widget\" data-widget_type=\"text-editor.default\">\n\t\t\t\t<div class=\"elementor-widget-container\">\n\t\t\t\t\t\t\t\t\t<p>\u00a0<\/p><p>Klientom z zagranicy proponujemy europejskie okna aluminiowe \u2013 Global Windows Trading b\u0119dzie po\u015bredniczy\u0142 w zakupie od producenta. Pomo\u017cemy wynegocjowa\u0107 najlepsz\u0105 cen\u0119, zorganizujemy transport i wysy\u0142k\u0119 drog\u0105 transportu morskiego. Zorganizujemy wszystkie formalno\u015bci zwi\u0105zane z eksportem i importem okien do Australii, Kanady, USA lub innego kraju.<\/p>\t\t\t\t\t\t\t\t<\/div>\n\t\t\t\t<\/div>\n\t\t\t\t\t<\/div>\n\t\t<\/div>\n\t\t\t\t\t<\/div>\n\t\t<\/section>\n\t\t\t\t<section class=\"elementor-section elementor-top-section elementor-element elementor-element-5bbdde2 elementor-section-full_width elementor-section-stretched elementor-section-content-middle elementor-section-height-min-height elementor-section-height-default elementor-section-items-middle\" data-id=\"5bbdde2\" data-element_type=\"section\" data-e-type=\"section\" data-settings=\"{&quot;stretch_section&quot;:&quot;section-stretched&quot;,&quot;background_background&quot;:&quot;classic&quot;}\">\n\t\t\t\t\t\t<div class=\"elementor-container elementor-column-gap-default\">\n\t\t\t\t\t<div class=\"elementor-column elementor-col-100 elementor-top-column elementor-element elementor-element-59693e5\" data-id=\"59693e5\" data-element_type=\"column\" data-e-type=\"column\">\n\t\t\t<div class=\"elementor-widget-wrap elementor-element-populated\">\n\t\t\t\t\t\t<div class=\"elementor-element elementor-element-93efdb6 elementor-widget-widescreen__width-initial elementor-widget elementor-widget-industrium_heading\" data-id=\"93efdb6\" data-element_type=\"widget\" data-e-type=\"widget\" data-widget_type=\"industrium_heading.default\">\n\t\t\t\t<div class=\"elementor-widget-container\">\n\t\t\t\t\t<div class=\"industrium-heading-widget\"><h2 class=\"industrium-heading\"><span class=\"industrium-heading-content\">Polecamy naszym klientom okna aluminiowe najwy\u017cszej jako\u015bci, kt\u00f3re sprawdzaj\u0105 si\u0119 od lat w wielu polskich domach i budynkach komercyjnych:\u00a0<\/span><\/h2><\/div>\t\t\t\t<\/div>\n\t\t\t\t<\/div>\n\t\t\t\t\t<\/div>\n\t\t<\/div>\n\t\t\t\t\t<\/div>\n\t\t<\/section>\n\t\t\t\t<section class=\"elementor-section elementor-top-section elementor-element elementor-element-58b9e60 elementor-section-stretched elementor-section-boxed elementor-section-height-default elementor-section-height-default\" data-id=\"58b9e60\" data-element_type=\"section\" data-e-type=\"section\" data-settings=\"{&quot;stretch_section&quot;:&quot;section-stretched&quot;}\">\n\t\t\t\t\t\t<div class=\"elementor-container elementor-column-gap-default\">\n\t\t\t\t\t<div class=\"elementor-column elementor-col-50 elementor-top-column elementor-element elementor-element-2f9a347\" data-id=\"2f9a347\" data-element_type=\"column\" data-e-type=\"column\">\n\t\t\t<div class=\"elementor-widget-wrap elementor-element-populated\">\n\t\t\t\t\t\t<div class=\"elementor-element elementor-element-2154d78 elementor-widget elementor-widget-image\" data-id=\"2154d78\" data-element_type=\"widget\" data-e-type=\"widget\" data-widget_type=\"image.default\">\n\t\t\t\t<div class=\"elementor-widget-container\">\n\t\t\t\t\t\t\t\t\t\t\t\t\t\t\t<img decoding=\"async\" width=\"750\" height=\"750\" src=\"https:\/\/globalwindowstrading.com\/wp-content\/uploads\/2023\/08\/win_03.png\" class=\"attachment-large size-large wp-image-17520\" alt=\"\" srcset=\"https:\/\/globalwindowstrading.com\/wp-content\/uploads\/2023\/08\/win_03.png 750w, https:\/\/globalwindowstrading.com\/wp-content\/uploads\/2023\/08\/win_03-300x300.png 300w, https:\/\/globalwindowstrading.com\/wp-content\/uploads\/2023\/08\/win_03-150x150.png 150w, https:\/\/globalwindowstrading.com\/wp-content\/uploads\/2023\/08\/win_03-12x12.png 12w, https:\/\/globalwindowstrading.com\/wp-content\/uploads\/2023\/08\/win_03-600x600.png 600w\" sizes=\"(max-width: 750px) 100vw, 750px\" \/>\t\t\t\t\t\t\t\t\t\t\t\t\t\t\t<\/div>\n\t\t\t\t<\/div>\n\t\t\t\t\t<\/div>\n\t\t<\/div>\n\t\t\t\t<div class=\"elementor-column elementor-col-50 elementor-top-column elementor-element elementor-element-775a51a\" data-id=\"775a51a\" data-element_type=\"column\" data-e-type=\"column\">\n\t\t\t<div class=\"elementor-widget-wrap elementor-element-populated\">\n\t\t\t\t\t\t<div class=\"elementor-element elementor-element-8356731 elementor-widget elementor-widget-image\" data-id=\"8356731\" data-element_type=\"widget\" data-e-type=\"widget\" data-widget_type=\"image.default\">\n\t\t\t\t<div class=\"elementor-widget-container\">\n\t\t\t\t\t\t\t\t\t\t\t\t\t\t\t<img decoding=\"async\" width=\"365\" height=\"330\" src=\"https:\/\/globalwindowstrading.com\/wp-content\/uploads\/2023\/10\/Genesis-75.png\" class=\"attachment-industrium_service_slider_4_columns size-industrium_service_slider_4_columns wp-image-18162\" alt=\"\" srcset=\"https:\/\/globalwindowstrading.com\/wp-content\/uploads\/2023\/10\/Genesis-75.png 365w, https:\/\/globalwindowstrading.com\/wp-content\/uploads\/2023\/10\/Genesis-75-300x271.png 300w, https:\/\/globalwindowstrading.com\/wp-content\/uploads\/2023\/10\/Genesis-75-13x12.png 13w, https:\/\/globalwindowstrading.com\/wp-content\/uploads\/2023\/10\/Genesis-75-150x135.png 150w\" sizes=\"(max-width: 365px) 100vw, 365px\" \/>\t\t\t\t\t\t\t\t\t\t\t\t\t\t\t<\/div>\n\t\t\t\t<\/div>\n\t\t\t\t\t<\/div>\n\t\t<\/div>\n\t\t\t\t\t<\/div>\n\t\t<\/section>\n\t\t\t\t<section class=\"elementor-section elementor-top-section elementor-element elementor-element-e6806c6 elementor-section-content-middle elementor-section-boxed elementor-section-height-default elementor-section-height-default\" data-id=\"e6806c6\" data-element_type=\"section\" data-e-type=\"section\">\n\t\t\t\t\t\t<div class=\"elementor-container elementor-column-gap-default\">\n\t\t\t\t\t<div class=\"elementor-column elementor-col-50 elementor-top-column elementor-element elementor-element-f6dc88c\" data-id=\"f6dc88c\" data-element_type=\"column\" data-e-type=\"column\">\n\t\t\t<div class=\"elementor-widget-wrap elementor-element-populated\">\n\t\t\t\t\t\t<div class=\"elementor-element elementor-element-8aa8e76 elementor-widget elementor-widget-heading\" data-id=\"8aa8e76\" data-element_type=\"widget\" data-e-type=\"widget\" data-widget_type=\"heading.default\">\n\t\t\t\t<div class=\"elementor-widget-container\">\n\t\t\t\t\t<h2 class=\"elementor-heading-title elementor-size-large\">Ponzio<\/h2>\t\t\t\t<\/div>\n\t\t\t\t<\/div>\n\t\t\t\t\t<\/div>\n\t\t<\/div>\n\t\t\t\t<div class=\"elementor-column elementor-col-50 elementor-top-column elementor-element elementor-element-513ff09\" data-id=\"513ff09\" data-element_type=\"column\" data-e-type=\"column\">\n\t\t\t<div class=\"elementor-widget-wrap elementor-element-populated\">\n\t\t\t\t\t\t<div class=\"elementor-element elementor-element-778ca2c elementor-widget elementor-widget-heading\" data-id=\"778ca2c\" data-element_type=\"widget\" data-e-type=\"widget\" data-widget_type=\"heading.default\">\n\t\t\t\t<div class=\"elementor-widget-container\">\n\t\t\t\t\t<h2 class=\"elementor-heading-title elementor-size-large\"><a href=\"http:\/\/Veka\">Aliplast<\/a><\/h2>\t\t\t\t<\/div>\n\t\t\t\t<\/div>\n\t\t\t\t\t<\/div>\n\t\t<\/div>\n\t\t\t\t\t<\/div>\n\t\t<\/section>\n\t\t\t\t<\/div>","protected":false},"excerpt":{"rendered":"<p>Why are aluminum windows worth investing in? Aluminum windows provide excellent durability and strength with a minimum level of maintenance. Our offer includes indoor and outdoor solutions, winter gardens and fa\u00e7ade systems. Due to the mechanical properties of aluminum, the constructions&#8230;<\/p>","protected":false},"author":1,"featured_media":0,"parent":0,"menu_order":0,"comment_status":"closed","ping_status":"closed","template":"","meta":{"footnotes":""},"class_list":["post-16424","page","type-page","status-publish","hentry"],"_links":{"self":[{"href":"https:\/\/globalwindowstrading.com\/pl\/wp-json\/wp\/v2\/pages\/16424","targetHints":{"allow":["GET"]}}],"collection":[{"href":"https:\/\/globalwindowstrading.com\/pl\/wp-json\/wp\/v2\/pages"}],"about":[{"href":"https:\/\/globalwindowstrading.com\/pl\/wp-json\/wp\/v2\/types\/page"}],"author":[{"embeddable":true,"href":"https:\/\/globalwindowstrading.com\/pl\/wp-json\/wp\/v2\/users\/1"}],"replies":[{"embeddable":true,"href":"https:\/\/globalwindowstrading.com\/pl\/wp-json\/wp\/v2\/comments?post=16424"}],"version-history":[{"count":99,"href":"https:\/\/globalwindowstrading.com\/pl\/wp-json\/wp\/v2\/pages\/16424\/revisions"}],"predecessor-version":[{"id":18165,"href":"https:\/\/globalwindowstrading.com\/pl\/wp-json\/wp\/v2\/pages\/16424\/revisions\/18165"}],"wp:attachment":[{"href":"https:\/\/globalwindowstrading.com\/pl\/wp-json\/wp\/v2\/media?parent=16424"}],"curies":[{"name":"wp","href":"https:\/\/api.w.org\/{rel}","templated":true}]}}