{"id":16420,"date":"2023-08-17T10:17:50","date_gmt":"2023-08-17T10:17:50","guid":{"rendered":"http:\/\/kromek.com.pl\/?page_id=16420"},"modified":"2023-10-29T18:39:08","modified_gmt":"2023-10-29T18:39:08","slug":"wooden-windows","status":"publish","type":"page","link":"https:\/\/globalwindowstrading.com\/pl\/wooden-windows\/","title":{"rendered":"Okna drewniane"},"content":{"rendered":"<div data-elementor-type=\"wp-page\" data-elementor-id=\"16420\" class=\"elementor elementor-16420\">\n\t\t\t\t\t\t<section class=\"elementor-section elementor-top-section elementor-element elementor-element-4ef5b20 elementor-section-stretched elementor-section-content-middle elementor-section-boxed elementor-section-height-default elementor-section-height-default elementor-invisible\" data-id=\"4ef5b20\" data-element_type=\"section\" data-e-type=\"section\" data-settings=\"{&quot;stretch_section&quot;:&quot;section-stretched&quot;,&quot;background_background&quot;:&quot;classic&quot;,&quot;animation&quot;:&quot;slideInLeft&quot;}\">\n\t\t\t\t\t\t<div class=\"elementor-container elementor-column-gap-default\">\n\t\t\t\t\t<div class=\"elementor-column elementor-col-50 elementor-top-column elementor-element elementor-element-d5994be\" data-id=\"d5994be\" data-element_type=\"column\" data-e-type=\"column\">\n\t\t\t<div class=\"elementor-widget-wrap elementor-element-populated\">\n\t\t\t\t\t\t<div class=\"elementor-element elementor-element-f065cbd elementor-widget-widescreen__width-initial elementor-widget elementor-widget-image\" data-id=\"f065cbd\" data-element_type=\"widget\" data-e-type=\"widget\" data-widget_type=\"image.default\">\n\t\t\t\t<div class=\"elementor-widget-container\">\n\t\t\t\t\t\t\t\t\t\t\t\t\t\t\t<img fetchpriority=\"high\" decoding=\"async\" width=\"480\" height=\"577\" src=\"https:\/\/globalwindowstrading.com\/wp-content\/uploads\/2023\/10\/S3O3-480x577.jpg\" class=\"attachment-industrium_service_slider_4_columns size-industrium_service_slider_4_columns wp-image-18208\" alt=\"\" srcset=\"https:\/\/globalwindowstrading.com\/wp-content\/uploads\/2023\/10\/S3O3-480x577.jpg 480w, https:\/\/globalwindowstrading.com\/wp-content\/uploads\/2023\/10\/S3O3-9x12.jpg 9w, https:\/\/globalwindowstrading.com\/wp-content\/uploads\/2023\/10\/S3O3-960x1154.jpg 960w, https:\/\/globalwindowstrading.com\/wp-content\/uploads\/2023\/10\/S3O3-640x770.jpg 640w\" sizes=\"(max-width: 480px) 100vw, 480px\" \/>\t\t\t\t\t\t\t\t\t\t\t\t\t\t\t<\/div>\n\t\t\t\t<\/div>\n\t\t\t\t\t<\/div>\n\t\t<\/div>\n\t\t\t\t<div class=\"elementor-column elementor-col-50 elementor-top-column elementor-element elementor-element-a8b5892\" data-id=\"a8b5892\" data-element_type=\"column\" data-e-type=\"column\">\n\t\t\t<div class=\"elementor-widget-wrap elementor-element-populated\">\n\t\t\t\t\t\t<div class=\"elementor-element elementor-element-843721b elementor-widget elementor-widget-spacer\" data-id=\"843721b\" data-element_type=\"widget\" data-e-type=\"widget\" data-widget_type=\"spacer.default\">\n\t\t\t\t<div class=\"elementor-widget-container\">\n\t\t\t\t\t\t\t<div class=\"elementor-spacer\">\n\t\t\t<div class=\"elementor-spacer-inner\"><\/div>\n\t\t<\/div>\n\t\t\t\t\t\t<\/div>\n\t\t\t\t<\/div>\n\t\t\t\t<div class=\"elementor-element elementor-element-e56d219 elementor-widget-widescreen__width-initial elementor-widget elementor-widget-text-editor\" data-id=\"e56d219\" data-element_type=\"widget\" data-e-type=\"widget\" data-widget_type=\"text-editor.default\">\n\t\t\t\t<div class=\"elementor-widget-container\">\n\t\t\t\t\t\t\t\t\t<p><strong>Naturalne pi\u0119kno, klasyczna elegancja i doskona\u0142e w\u0142a\u015bciwo\u015bci izolacyjne \u2013 to g\u0142\u00f3wne zalety polskich okien drewnianych. Polecamy naszym klientom zapoznanie si\u0119 z ofert\u0105 polskich producent\u00f3w okien, by pozna\u0107 nowoczesne rozwi\u0105zania wykorzystuj\u0105ce naturalne materia\u0142y.<\/strong><\/p>\n<p><span style=\"font-weight: 400;\">W Global Windows Trading pomo\u017cemy Ci dokona\u0107 zakupu polskich okien i zorganizujemy ich transport do dowolnego miejsca na \u015bwiecie, dbaj\u0105c o ka\u017cdy detal \u2013 od doradztwa, przez wszystkie niezb\u0119dne do eksportu i importu formalno\u015bci, a\u017c po magazynowanie i zabezpieczenie okien do wysy\u0142ki w kontenerach morskich. <\/span><\/p>\n<p><span style=\"font-weight: 400;\">Okna drewniane to synonim trwa\u0142o\u015bci, komfortu i stylu. Drewno zapewnia doskona\u0142\u0105 izolacj\u0119 termiczn\u0105 i akustyczn\u0105, a tak\u017ce tworzy ciep\u0142\u0105 i przytuln\u0105 atmosfer\u0119 we wn\u0119trzu. W\u0142a\u015bciwo\u015bci estetyczne drewna s\u0105 niezr\u00f3wnane, a szeroka paleta dost\u0119pnych wyko\u0144cze\u0144 pozwala na stworzenie okien idealnie pasuj\u0105cych do charakteru ka\u017cdego domu.<\/span><\/p>\n<p><span style=\"font-weight: 400;\">&nbsp;<\/span><\/p>\t\t\t\t\t\t\t\t<\/div>\n\t\t\t\t<\/div>\n\t\t\t\t\t<\/div>\n\t\t<\/div>\n\t\t\t\t\t<\/div>\n\t\t<\/section>\n\t\t\t\t<section class=\"elementor-section elementor-top-section elementor-element elementor-element-dd6f457 elementor-section-boxed elementor-section-height-default elementor-section-height-default\" data-id=\"dd6f457\" data-element_type=\"section\" data-e-type=\"section\">\n\t\t\t\t\t\t<div class=\"elementor-container elementor-column-gap-default\">\n\t\t\t\t\t<div class=\"elementor-column elementor-col-100 elementor-top-column elementor-element elementor-element-c2ee69d\" data-id=\"c2ee69d\" data-element_type=\"column\" data-e-type=\"column\">\n\t\t\t<div class=\"elementor-widget-wrap elementor-element-populated\">\n\t\t\t\t\t\t<div class=\"elementor-element elementor-element-fa82391 elementor-widget elementor-widget-spacer\" data-id=\"fa82391\" data-element_type=\"widget\" data-e-type=\"widget\" data-widget_type=\"spacer.default\">\n\t\t\t\t<div class=\"elementor-widget-container\">\n\t\t\t\t\t\t\t<div class=\"elementor-spacer\">\n\t\t\t<div class=\"elementor-spacer-inner\"><\/div>\n\t\t<\/div>\n\t\t\t\t\t\t<\/div>\n\t\t\t\t<\/div>\n\t\t\t\t<div class=\"elementor-element elementor-element-ed2256c elementor-widget elementor-widget-heading\" data-id=\"ed2256c\" data-element_type=\"widget\" data-e-type=\"widget\" data-widget_type=\"heading.default\">\n\t\t\t\t<div class=\"elementor-widget-container\">\n\t\t\t\t\t<h2 class=\"elementor-heading-title elementor-size-default\">Proponujemy naszym klientom zakup polskich okien drewnianych w wybranym stylu:<\/h2>\t\t\t\t<\/div>\n\t\t\t\t<\/div>\n\t\t\t\t<div class=\"elementor-element elementor-element-0ce7ae2 elementor-widget-widescreen__width-initial elementor-widget-laptop__width-initial elementor-widget elementor-widget-text-editor\" data-id=\"0ce7ae2\" data-element_type=\"widget\" data-e-type=\"widget\" data-widget_type=\"text-editor.default\">\n\t\t\t\t<div class=\"elementor-widget-container\">\n\t\t\t\t\t\t\t\t\t<ul>\n<li aria-level=\"1\"><b>Okna drewniane<\/b><span style=\"font-weight: 400;\"> \u2013 klasyczne i solidne. Produkowane z r\u00f3\u017cnorodnych gatunk\u00f3w drewna \u2013 d\u0119bowego, sosnowego, meranti, modrzewia oraz \u015bwierku. Okna drewniane wyr\u00f3\u017cniaj\u0105 si\u0119 ponadczasow\u0105 jako\u015bci\u0105 i estetyk\u0105. Jednym z kluczowych atut\u00f3w jest mo\u017cliwo\u015b\u0107 indywidualnego dopasowania koloru okna do projektu klienta, co pozwala na pe\u0142n\u0105 personalizacj\u0119. Klienci maj\u0105 do wyboru trzy grubo\u015bci profilu ramy: 68 mm, 78 mm oraz 92 mm, co pozwala na idealne dopasowanie okna do wymaga\u0144 technicznych budynku. W ofercie okien drewnianych znajduj\u0105 si\u0119 r\u00f3\u017cne style wyko\u0144czenia okien, pocz\u0105wszy od stylu retro, kt\u00f3ry, przez ponadczasowe klasyczne okna, a\u017c po okna nowoczesne i minimalistyczne, wyr\u00f3\u017cniaj\u0105ce si\u0119 prostymi liniami i designem. Dzi\u0119ki tak szerokiej ofercie, ka\u017cdy klient znajdzie co\u015b dla siebie, niezale\u017cnie od swojego gustu i wymaga\u0144 estetycznych.<\/span><\/li>\n<\/ul>\n<ul>\n<li aria-level=\"1\"><b>Okna drewniane z krytym skrzyd\u0142em<\/b> nowatorski rodzaj okien, kt\u00f3ry pozwala po\u0142\u0105czy\u0107 nowoczesny wygl\u0105d z funkcjonalno\u015bci\u0105. Okna te zosta\u0142y stworzone z my\u015bl\u0105 o nowoczesnym budownictwie. S\u0105 ekologiczne dzi\u0119ki wykorzystaniu drewna z zr\u00f3wnowa\u017conej gospodarki le\u015bnej, a ponadto charakteryzuj\u0105 si\u0119 du\u017c\u0105 trwa\u0142o\u015bci\u0105. Jednym z g\u0142\u00f3wnych atut\u00f3w okien jest ukryte skrzyd\u0142o, kt\u00f3re nadaje im lekko\u015bci i pozwala na maksymalizacj\u0119 ilo\u015bci \u015bwiat\u0142a zewn\u0119trznego docieraj\u0105cego do wn\u0119trza. W ofercie dost\u0119pne s\u0105 r\u00f3\u017cne modele \u2013 poza klasycznymi oknami z ukrytym skrzyd\u0142em warto zwr\u00f3ci\u0107 uwag\u0119 na modele wyposa\u017cone w potr\u00f3jny system uszczelnienia i tzw. ciep\u0142\u0105 ramk\u0119 mi\u0119dzyszybow\u0105, co znacznie zwi\u0119ksza parametry cieplne. Grubo\u015b\u0107 profilu drewna dla tych modeli wynosi odpowiednio 68 mm dla skrzyd\u0142a i 80 mm dla o\u015bcie\u017cnicy.<\/li>\n<\/ul>\n<ul>\n<li aria-level=\"1\"><b>Okna drewniane z nak\u0142adk\u0105 aluminiow\u0105 <\/b><span style=\"font-weight: 400;\">najcz\u0119\u015bciej wybierane przez naszych klient\u00f3w! \u0141\u0105cz\u0105 w sobie zalety stolarki drewnianej i aluminiowej, \u0142\u0105cz\u0105c pi\u0119kno i trwa\u0142o\u015b\u0107. Wewn\u0119trzne ramy wykonane s\u0105 z drewna \u2013 naturalnego materia\u0142u, kt\u00f3ry nadaje wn\u0119trzu ciep\u0142a, stylu i niepowtarzalnego charakteru. Zewn\u0119trzne ramy s\u0105 za\u015b wykonane z profili aluminiowych, montowanych na stolarce w formie nak\u0142adek. Dzi\u0119ki temu okna s\u0105 odporne na niekorzystne warunki pogodowe oraz r\u00f3\u017cnego rodzaju uszkodzenia mechaniczne. Nak\u0142adki aluminiowe nadaj\u0105 oknom nowoczesno\u015bci, zwi\u0119kszaj\u0105c jednocze\u015bnie ich odporno\u015b\u0107 na czynniki zewn\u0119trzne. W ofercie dost\u0119pne s\u0105 trzy grubo\u015bci profilu: 68 mm, 78 mm oraz 92 mm. Dodatkowo oferujemy okna drewniane z nak\u0142adk\u0105 aluminiow\u0105 w wersji z krytym skrzyd\u0142em, co stanowi dodatkowy atut dla os\u00f3b ceni\u0105cych sobie nie tylko funkcjonalno\u015b\u0107, ale i estetyk\u0119 \u2013 kryte skrzyd\u0142o podwy\u017csza parametry cieplne, pozwala wpada\u0107 do wn\u0119trza wi\u0119kszej ilo\u015bci \u015bwiat\u0142a, a do tego wygl\u0105da nowocze\u015bnie.<\/span><\/li>\n<\/ul>\t\t\t\t\t\t\t\t<\/div>\n\t\t\t\t<\/div>\n\t\t\t\t\t<\/div>\n\t\t<\/div>\n\t\t\t\t\t<\/div>\n\t\t<\/section>\n\t\t\t\t<\/div>","protected":false},"excerpt":{"rendered":"<p>Natural look, classic elegance and excellent insulation properties are the main qualities of European wooden windows. Please, look at the offer of Polish and European window manufacturers to learn about modern solutions utilizing natural materials. In Global Windows Trading, we help&#8230;<\/p>","protected":false},"author":1,"featured_media":0,"parent":0,"menu_order":0,"comment_status":"closed","ping_status":"closed","template":"","meta":{"footnotes":""},"class_list":["post-16420","page","type-page","status-publish","hentry"],"_links":{"self":[{"href":"https:\/\/globalwindowstrading.com\/pl\/wp-json\/wp\/v2\/pages\/16420","targetHints":{"allow":["GET"]}}],"collection":[{"href":"https:\/\/globalwindowstrading.com\/pl\/wp-json\/wp\/v2\/pages"}],"about":[{"href":"https:\/\/globalwindowstrading.com\/pl\/wp-json\/wp\/v2\/types\/page"}],"author":[{"embeddable":true,"href":"https:\/\/globalwindowstrading.com\/pl\/wp-json\/wp\/v2\/users\/1"}],"replies":[{"embeddable":true,"href":"https:\/\/globalwindowstrading.com\/pl\/wp-json\/wp\/v2\/comments?post=16420"}],"version-history":[{"count":75,"href":"https:\/\/globalwindowstrading.com\/pl\/wp-json\/wp\/v2\/pages\/16420\/revisions"}],"predecessor-version":[{"id":18355,"href":"https:\/\/globalwindowstrading.com\/pl\/wp-json\/wp\/v2\/pages\/16420\/revisions\/18355"}],"wp:attachment":[{"href":"https:\/\/globalwindowstrading.com\/pl\/wp-json\/wp\/v2\/media?parent=16420"}],"curies":[{"name":"wp","href":"https:\/\/api.w.org\/{rel}","templated":true}]}}