{"id":16415,"date":"2023-08-17T10:14:49","date_gmt":"2023-08-17T10:14:49","guid":{"rendered":"http:\/\/kromek.com.pl\/?page_id=16415"},"modified":"2023-10-29T18:52:22","modified_gmt":"2023-10-29T18:52:22","slug":"pcv-windows","status":"publish","type":"page","link":"https:\/\/globalwindowstrading.com\/pl\/pcv-windows\/","title":{"rendered":"Okna PCV"},"content":{"rendered":"<div data-elementor-type=\"wp-page\" data-elementor-id=\"16415\" class=\"elementor elementor-16415\">\n\t\t\t\t\t\t<section class=\"elementor-section elementor-top-section elementor-element elementor-element-b351542 elementor-section-stretched elementor-section-content-middle elementor-section-boxed elementor-section-height-default elementor-section-height-default\" data-id=\"b351542\" data-element_type=\"section\" data-e-type=\"section\" data-settings=\"{&quot;stretch_section&quot;:&quot;section-stretched&quot;}\">\n\t\t\t\t\t\t<div class=\"elementor-container elementor-column-gap-wide\">\n\t\t\t\t\t<div class=\"elementor-column elementor-col-50 elementor-top-column elementor-element elementor-element-7195624\" data-id=\"7195624\" data-element_type=\"column\" data-e-type=\"column\">\n\t\t\t<div class=\"elementor-widget-wrap elementor-element-populated\">\n\t\t\t\t\t\t<div class=\"elementor-element elementor-element-311f6a2 elementor-widget__width-auto elementor-widget elementor-widget-image\" data-id=\"311f6a2\" data-element_type=\"widget\" data-e-type=\"widget\" data-widget_type=\"image.default\">\n\t\t\t\t<div class=\"elementor-widget-container\">\n\t\t\t\t\t\t\t\t\t\t\t\t\t\t\t<img fetchpriority=\"high\" decoding=\"async\" width=\"600\" height=\"900\" src=\"https:\/\/globalwindowstrading.com\/wp-content\/uploads\/2023\/08\/Schuco-CT70_2-1.jpg\" class=\"attachment-medium_large size-medium_large wp-image-17513\" alt=\"\" srcset=\"https:\/\/globalwindowstrading.com\/wp-content\/uploads\/2023\/08\/Schuco-CT70_2-1.jpg 600w, https:\/\/globalwindowstrading.com\/wp-content\/uploads\/2023\/08\/Schuco-CT70_2-1-200x300.jpg 200w, https:\/\/globalwindowstrading.com\/wp-content\/uploads\/2023\/08\/Schuco-CT70_2-1-8x12.jpg 8w\" sizes=\"(max-width: 600px) 100vw, 600px\" \/>\t\t\t\t\t\t\t\t\t\t\t\t\t\t\t<\/div>\n\t\t\t\t<\/div>\n\t\t\t\t\t<\/div>\n\t\t<\/div>\n\t\t\t\t<div class=\"elementor-column elementor-col-50 elementor-top-column elementor-element elementor-element-0fc7349\" data-id=\"0fc7349\" data-element_type=\"column\" data-e-type=\"column\">\n\t\t\t<div class=\"elementor-widget-wrap elementor-element-populated\">\n\t\t\t\t\t\t<div class=\"elementor-element elementor-element-0c5f566 elementor-widget elementor-widget-industrium_heading\" data-id=\"0c5f566\" data-element_type=\"widget\" data-e-type=\"widget\" data-widget_type=\"industrium_heading.default\">\n\t\t\t\t<div class=\"elementor-widget-container\">\n\t\t\t\t\t<div class=\"industrium-heading-widget\"><h2 class=\"industrium-heading\"><span class=\"industrium-heading-content\">Dlaczego warto wybra\u0107 polskie okna PVC?\u00a0\u00a0<\/span><\/h2><\/div>\t\t\t\t<\/div>\n\t\t\t\t<\/div>\n\t\t\t\t<div class=\"elementor-element elementor-element-b7a276a elementor-widget elementor-widget-text-editor\" data-id=\"b7a276a\" data-element_type=\"widget\" data-e-type=\"widget\" data-widget_type=\"text-editor.default\">\n\t\t\t\t<div class=\"elementor-widget-container\">\n\t\t\t\t\t\t\t\t\t<p>Okna PCV, a w\u0142a\u015bciwie okna z PVC, czyli polichlorku winylu, ciesz\u0105 si\u0119 du\u017c\u0105 popularno\u015bci\u0105 ze wzgl\u0119du na swoje doskona\u0142e w\u0142a\u015bciwo\u015bci izolacyjne, trwa\u0142o\u015b\u0107 i konkurencyjne ceny. Ich konstrukcja zapewnia niezwyk\u0142\u0105 wytrzyma\u0142o\u015b\u0107 na dzia\u0142anie czynnik\u00f3w atmosferycznych, takich jak deszcz, wiatr, \u015bnieg i s\u0142o\u0144ce, zapewniaj\u0105c d\u0142ugotrwa\u0142e i bezproblemowe u\u017cytkowanie.<\/p>\t\t\t\t\t\t\t\t<\/div>\n\t\t\t\t<\/div>\n\t\t\t\t<div class=\"elementor-element elementor-element-4fab644 elementor-widget elementor-widget-text-editor\" data-id=\"4fab644\" data-element_type=\"widget\" data-e-type=\"widget\" data-widget_type=\"text-editor.default\">\n\t\t\t\t<div class=\"elementor-widget-container\">\n\t\t\t\t\t\t\t\t\t<p>Oferujemy Wam pomoc w zakupie i transporcie okien do USA, Kanady, Australii lub dowolnego innego kraju. Polscy producenci odpowiadaj\u0105 na potrzeby klient\u00f3w i maj\u0105 w ofercie m.in. okna przesuwne, uchylne, okna rozwierno-uchylne, dachowe i sta\u0142e.<\/p>\t\t\t\t\t\t\t\t<\/div>\n\t\t\t\t<\/div>\n\t\t\t\t\t<\/div>\n\t\t<\/div>\n\t\t\t\t\t<\/div>\n\t\t<\/section>\n\t\t\t\t<section class=\"elementor-section elementor-top-section elementor-element elementor-element-ff088c3 elementor-section-stretched elementor-section-boxed elementor-section-height-default elementor-section-height-default\" data-id=\"ff088c3\" data-element_type=\"section\" data-e-type=\"section\" data-settings=\"{&quot;stretch_section&quot;:&quot;section-stretched&quot;,&quot;background_background&quot;:&quot;classic&quot;}\">\n\t\t\t\t\t\t<div class=\"elementor-container elementor-column-gap-default\">\n\t\t\t\t\t<div class=\"elementor-column elementor-col-100 elementor-top-column elementor-element elementor-element-3d695e0\" data-id=\"3d695e0\" data-element_type=\"column\" data-e-type=\"column\">\n\t\t\t<div class=\"elementor-widget-wrap elementor-element-populated\">\n\t\t\t\t\t\t<div class=\"elementor-element elementor-element-4ea07e3 elementor-widget elementor-widget-spacer\" data-id=\"4ea07e3\" data-element_type=\"widget\" data-e-type=\"widget\" data-widget_type=\"spacer.default\">\n\t\t\t\t<div class=\"elementor-widget-container\">\n\t\t\t\t\t\t\t<div class=\"elementor-spacer\">\n\t\t\t<div class=\"elementor-spacer-inner\"><\/div>\n\t\t<\/div>\n\t\t\t\t\t\t<\/div>\n\t\t\t\t<\/div>\n\t\t\t\t<div class=\"elementor-element elementor-element-00006fd elementor-widget elementor-widget-industrium_heading\" data-id=\"00006fd\" data-element_type=\"widget\" data-e-type=\"widget\" data-widget_type=\"industrium_heading.default\">\n\t\t\t\t<div class=\"elementor-widget-container\">\n\t\t\t\t\t<div class=\"industrium-heading-widget\"><h2 class=\"industrium-heading\"><span class=\"industrium-heading-content\">Je\u015bli zastanawiasz si\u0119 nad skorzystaniem z us\u0142ug GWT podczas zakupu i importu polskich okien PVC do swojego kraju, przyjrzyj si\u0119 systemom okiennym takich marek, jak:<\/span><\/h2><\/div>\t\t\t\t<\/div>\n\t\t\t\t<\/div>\n\t\t\t\t\t<\/div>\n\t\t<\/div>\n\t\t\t\t\t<\/div>\n\t\t<\/section>\n\t\t\t\t<section class=\"elementor-section elementor-top-section elementor-element elementor-element-a8a2c7c elementor-section-boxed elementor-section-height-default elementor-section-height-default\" data-id=\"a8a2c7c\" data-element_type=\"section\" data-e-type=\"section\">\n\t\t\t\t\t\t<div class=\"elementor-container elementor-column-gap-default\">\n\t\t\t\t\t<div class=\"elementor-column elementor-col-33 elementor-top-column elementor-element elementor-element-7e48d3c\" data-id=\"7e48d3c\" data-element_type=\"column\" data-e-type=\"column\">\n\t\t\t<div class=\"elementor-widget-wrap elementor-element-populated\">\n\t\t\t\t\t\t<div class=\"elementor-element elementor-element-36a44ee elementor-widget elementor-widget-image\" data-id=\"36a44ee\" data-element_type=\"widget\" data-e-type=\"widget\" data-widget_type=\"image.default\">\n\t\t\t\t<div class=\"elementor-widget-container\">\n\t\t\t\t\t\t\t\t\t\t\t\t<figure class=\"wp-caption\">\n\t\t\t\t\t\t\t\t\t\t<img decoding=\"async\" width=\"768\" height=\"432\" src=\"https:\/\/globalwindowstrading.com\/wp-content\/uploads\/2023\/08\/Gealan-Linear-768x432.png\" class=\"attachment-medium_large size-medium_large wp-image-17523\" alt=\"\" srcset=\"https:\/\/globalwindowstrading.com\/wp-content\/uploads\/2023\/08\/Gealan-Linear-768x432.png 768w, https:\/\/globalwindowstrading.com\/wp-content\/uploads\/2023\/08\/Gealan-Linear-300x169.png 300w, https:\/\/globalwindowstrading.com\/wp-content\/uploads\/2023\/08\/Gealan-Linear-1024x576.png 1024w, https:\/\/globalwindowstrading.com\/wp-content\/uploads\/2023\/08\/Gealan-Linear-1536x864.png 1536w, https:\/\/globalwindowstrading.com\/wp-content\/uploads\/2023\/08\/Gealan-Linear-2048x1152.png 2048w, https:\/\/globalwindowstrading.com\/wp-content\/uploads\/2023\/08\/Gealan-Linear-18x10.png 18w, https:\/\/globalwindowstrading.com\/wp-content\/uploads\/2023\/08\/Gealan-Linear-600x338.png 600w\" sizes=\"(max-width: 768px) 100vw, 768px\" \/>\t\t\t\t\t\t\t\t\t\t\t<figcaption class=\"widget-image-caption wp-caption-text\"><\/figcaption>\n\t\t\t\t\t\t\t\t\t\t<\/figure>\n\t\t\t\t\t\t\t\t\t<\/div>\n\t\t\t\t<\/div>\n\t\t\t\t<div class=\"elementor-element elementor-element-ad8d7fc elementor-widget elementor-widget-heading\" data-id=\"ad8d7fc\" data-element_type=\"widget\" data-e-type=\"widget\" data-widget_type=\"heading.default\">\n\t\t\t\t<div class=\"elementor-widget-container\">\n\t\t\t\t\t<h2 class=\"elementor-heading-title elementor-size-large\">Gealan<\/h2>\t\t\t\t<\/div>\n\t\t\t\t<\/div>\n\t\t\t\t<div class=\"elementor-element elementor-element-0193953 elementor-widget elementor-widget-image\" data-id=\"0193953\" data-element_type=\"widget\" data-e-type=\"widget\" data-widget_type=\"image.default\">\n\t\t\t\t<div class=\"elementor-widget-container\">\n\t\t\t\t\t\t\t\t\t\t\t\t<figure class=\"wp-caption\">\n\t\t\t\t\t\t\t\t\t\t<img decoding=\"async\" width=\"236\" height=\"300\" src=\"https:\/\/globalwindowstrading.com\/wp-content\/uploads\/2023\/08\/Schuco-LivIng-1-e1693503424254-236x300.jpg\" class=\"attachment-medium size-medium wp-image-17514\" alt=\"\" srcset=\"https:\/\/globalwindowstrading.com\/wp-content\/uploads\/2023\/08\/Schuco-LivIng-1-e1693503424254-236x300.jpg 236w, https:\/\/globalwindowstrading.com\/wp-content\/uploads\/2023\/08\/Schuco-LivIng-1-e1693503424254-9x12.jpg 9w, https:\/\/globalwindowstrading.com\/wp-content\/uploads\/2023\/08\/Schuco-LivIng-1-e1693503424254.jpg 600w\" sizes=\"(max-width: 236px) 100vw, 236px\" \/>\t\t\t\t\t\t\t\t\t\t\t<figcaption class=\"widget-image-caption wp-caption-text\"><\/figcaption>\n\t\t\t\t\t\t\t\t\t\t<\/figure>\n\t\t\t\t\t\t\t\t\t<\/div>\n\t\t\t\t<\/div>\n\t\t\t\t<div class=\"elementor-element elementor-element-0a091d4 elementor-widget elementor-widget-heading\" data-id=\"0a091d4\" data-element_type=\"widget\" data-e-type=\"widget\" data-widget_type=\"heading.default\">\n\t\t\t\t<div class=\"elementor-widget-container\">\n\t\t\t\t\t<h2 class=\"elementor-heading-title elementor-size-large\"><a href=\"http:\/\/Veka\">Schuco<\/a><\/h2>\t\t\t\t<\/div>\n\t\t\t\t<\/div>\n\t\t\t\t\t<\/div>\n\t\t<\/div>\n\t\t\t\t<div class=\"elementor-column elementor-col-33 elementor-top-column elementor-element elementor-element-49fcb28\" data-id=\"49fcb28\" data-element_type=\"column\" data-e-type=\"column\">\n\t\t\t<div class=\"elementor-widget-wrap elementor-element-populated\">\n\t\t\t\t\t\t<div class=\"elementor-element elementor-element-378c37c elementor-widget elementor-widget-image\" data-id=\"378c37c\" data-element_type=\"widget\" data-e-type=\"widget\" data-widget_type=\"image.default\">\n\t\t\t\t<div class=\"elementor-widget-container\">\n\t\t\t\t\t\t\t\t\t\t\t\t\t\t\t<img loading=\"lazy\" decoding=\"async\" width=\"200\" height=\"300\" src=\"https:\/\/globalwindowstrading.com\/wp-content\/uploads\/2023\/08\/Rehau-Synego-2-200x300.jpg\" class=\"attachment-medium size-medium wp-image-17509\" alt=\"\" srcset=\"https:\/\/globalwindowstrading.com\/wp-content\/uploads\/2023\/08\/Rehau-Synego-2-200x300.jpg 200w, https:\/\/globalwindowstrading.com\/wp-content\/uploads\/2023\/08\/Rehau-Synego-2-8x12.jpg 8w, https:\/\/globalwindowstrading.com\/wp-content\/uploads\/2023\/08\/Rehau-Synego-2.jpg 600w\" sizes=\"(max-width: 200px) 100vw, 200px\" \/>\t\t\t\t\t\t\t\t\t\t\t\t\t\t\t<\/div>\n\t\t\t\t<\/div>\n\t\t\t\t<div class=\"elementor-element elementor-element-7fbd060 elementor-widget elementor-widget-heading\" data-id=\"7fbd060\" data-element_type=\"widget\" data-e-type=\"widget\" data-widget_type=\"heading.default\">\n\t\t\t\t<div class=\"elementor-widget-container\">\n\t\t\t\t\t<h2 class=\"elementor-heading-title elementor-size-large\"><a href=\"http:\/\/Veka\">Rehau<\/a><\/h2>\t\t\t\t<\/div>\n\t\t\t\t<\/div>\n\t\t\t\t\t<\/div>\n\t\t<\/div>\n\t\t\t\t<div class=\"elementor-column elementor-col-33 elementor-top-column elementor-element elementor-element-917997b\" data-id=\"917997b\" data-element_type=\"column\" data-e-type=\"column\">\n\t\t\t<div class=\"elementor-widget-wrap elementor-element-populated\">\n\t\t\t\t\t\t<div class=\"elementor-element elementor-element-09f917c elementor-widget elementor-widget-image\" data-id=\"09f917c\" data-element_type=\"widget\" data-e-type=\"widget\" data-widget_type=\"image.default\">\n\t\t\t\t<div class=\"elementor-widget-container\">\n\t\t\t\t\t\t\t\t\t\t\t\t<figure class=\"wp-caption\">\n\t\t\t\t\t\t\t\t\t\t<img loading=\"lazy\" decoding=\"async\" width=\"300\" height=\"169\" src=\"https:\/\/globalwindowstrading.com\/wp-content\/uploads\/2023\/08\/Veak-Softline-82MD-300x169.png\" class=\"attachment-medium size-medium wp-image-17522\" alt=\"\" srcset=\"https:\/\/globalwindowstrading.com\/wp-content\/uploads\/2023\/08\/Veak-Softline-82MD-300x169.png 300w, https:\/\/globalwindowstrading.com\/wp-content\/uploads\/2023\/08\/Veak-Softline-82MD-1024x576.png 1024w, https:\/\/globalwindowstrading.com\/wp-content\/uploads\/2023\/08\/Veak-Softline-82MD-768x432.png 768w, https:\/\/globalwindowstrading.com\/wp-content\/uploads\/2023\/08\/Veak-Softline-82MD-1536x864.png 1536w, https:\/\/globalwindowstrading.com\/wp-content\/uploads\/2023\/08\/Veak-Softline-82MD-2048x1152.png 2048w, https:\/\/globalwindowstrading.com\/wp-content\/uploads\/2023\/08\/Veak-Softline-82MD-18x10.png 18w, https:\/\/globalwindowstrading.com\/wp-content\/uploads\/2023\/08\/Veak-Softline-82MD-600x338.png 600w\" sizes=\"(max-width: 300px) 100vw, 300px\" \/>\t\t\t\t\t\t\t\t\t\t\t<figcaption class=\"widget-image-caption wp-caption-text\"><\/figcaption>\n\t\t\t\t\t\t\t\t\t\t<\/figure>\n\t\t\t\t\t\t\t\t\t<\/div>\n\t\t\t\t<\/div>\n\t\t\t\t<div class=\"elementor-element elementor-element-16a9ab1 elementor-widget elementor-widget-heading\" data-id=\"16a9ab1\" data-element_type=\"widget\" data-e-type=\"widget\" data-widget_type=\"heading.default\">\n\t\t\t\t<div class=\"elementor-widget-container\">\n\t\t\t\t\t<h2 class=\"elementor-heading-title elementor-size-large\">Veka<\/h2>\t\t\t\t<\/div>\n\t\t\t\t<\/div>\n\t\t\t\t<div class=\"elementor-element elementor-element-f04e400 elementor-widget elementor-widget-spacer\" data-id=\"f04e400\" data-element_type=\"widget\" data-e-type=\"widget\" data-widget_type=\"spacer.default\">\n\t\t\t\t<div class=\"elementor-widget-container\">\n\t\t\t\t\t\t\t<div class=\"elementor-spacer\">\n\t\t\t<div class=\"elementor-spacer-inner\"><\/div>\n\t\t<\/div>\n\t\t\t\t\t\t<\/div>\n\t\t\t\t<\/div>\n\t\t\t\t<div class=\"elementor-element elementor-element-721ac8c elementor-widget elementor-widget-image\" data-id=\"721ac8c\" data-element_type=\"widget\" data-e-type=\"widget\" data-widget_type=\"image.default\">\n\t\t\t\t<div class=\"elementor-widget-container\">\n\t\t\t\t\t\t\t\t\t\t\t\t<figure class=\"wp-caption\">\n\t\t\t\t\t\t\t\t\t\t<img loading=\"lazy\" decoding=\"async\" width=\"200\" height=\"300\" src=\"https:\/\/globalwindowstrading.com\/wp-content\/uploads\/2023\/08\/PONZIO-PE78_6-200x300.jpg\" class=\"attachment-medium size-medium wp-image-17541\" alt=\"\" srcset=\"https:\/\/globalwindowstrading.com\/wp-content\/uploads\/2023\/08\/PONZIO-PE78_6-200x300.jpg 200w, https:\/\/globalwindowstrading.com\/wp-content\/uploads\/2023\/08\/PONZIO-PE78_6-8x12.jpg 8w, https:\/\/globalwindowstrading.com\/wp-content\/uploads\/2023\/08\/PONZIO-PE78_6.jpg 600w\" sizes=\"(max-width: 200px) 100vw, 200px\" \/>\t\t\t\t\t\t\t\t\t\t\t<figcaption class=\"widget-image-caption wp-caption-text\"><\/figcaption>\n\t\t\t\t\t\t\t\t\t\t<\/figure>\n\t\t\t\t\t\t\t\t\t<\/div>\n\t\t\t\t<\/div>\n\t\t\t\t<div class=\"elementor-element elementor-element-50323fa elementor-widget elementor-widget-heading\" data-id=\"50323fa\" data-element_type=\"widget\" data-e-type=\"widget\" data-widget_type=\"heading.default\">\n\t\t\t\t<div class=\"elementor-widget-container\">\n\t\t\t\t\t<h2 class=\"elementor-heading-title elementor-size-large\">Aluplast<\/h2>\t\t\t\t<\/div>\n\t\t\t\t<\/div>\n\t\t\t\t\t<\/div>\n\t\t<\/div>\n\t\t\t\t\t<\/div>\n\t\t<\/section>\n\t\t\t\t<\/div>","protected":false},"excerpt":{"rendered":"<p>Window profiles made from PVC (polyvinyl chloride) are very popular due to their excellent insulating properties, durability and competitive prices. Their construction provides extraordinary resistance to weather conditions, such as rain, wind, snow and sun, ensuring long-term and trouble-free use. Our&#8230;<\/p>","protected":false},"author":1,"featured_media":0,"parent":0,"menu_order":0,"comment_status":"closed","ping_status":"closed","template":"","meta":{"footnotes":""},"class_list":["post-16415","page","type-page","status-publish","hentry"],"_links":{"self":[{"href":"https:\/\/globalwindowstrading.com\/pl\/wp-json\/wp\/v2\/pages\/16415","targetHints":{"allow":["GET"]}}],"collection":[{"href":"https:\/\/globalwindowstrading.com\/pl\/wp-json\/wp\/v2\/pages"}],"about":[{"href":"https:\/\/globalwindowstrading.com\/pl\/wp-json\/wp\/v2\/types\/page"}],"author":[{"embeddable":true,"href":"https:\/\/globalwindowstrading.com\/pl\/wp-json\/wp\/v2\/users\/1"}],"replies":[{"embeddable":true,"href":"https:\/\/globalwindowstrading.com\/pl\/wp-json\/wp\/v2\/comments?post=16415"}],"version-history":[{"count":174,"href":"https:\/\/globalwindowstrading.com\/pl\/wp-json\/wp\/v2\/pages\/16415\/revisions"}],"predecessor-version":[{"id":18485,"href":"https:\/\/globalwindowstrading.com\/pl\/wp-json\/wp\/v2\/pages\/16415\/revisions\/18485"}],"wp:attachment":[{"href":"https:\/\/globalwindowstrading.com\/pl\/wp-json\/wp\/v2\/media?parent=16415"}],"curies":[{"name":"wp","href":"https:\/\/api.w.org\/{rel}","templated":true}]}}