{"id":16040,"date":"2023-08-02T23:31:49","date_gmt":"2023-08-02T23:31:49","guid":{"rendered":"http:\/\/globalwindowstrading.local\/?page_id=16040"},"modified":"2023-10-09T08:15:06","modified_gmt":"2023-10-09T08:15:06","slug":"how-we-operate","status":"publish","type":"page","link":"https:\/\/globalwindowstrading.com\/pl\/how-we-operate\/","title":{"rendered":"Wsp\u00f3\u0142praca"},"content":{"rendered":"<div data-elementor-type=\"wp-page\" data-elementor-id=\"16040\" class=\"elementor elementor-16040\">\n\t\t\t\t\t\t<section class=\"elementor-section elementor-top-section elementor-element elementor-element-e305c60 elementor-section-stretched elementor-section-full_width elementor-section-height-default elementor-section-height-default\" data-id=\"e305c60\" data-element_type=\"section\" data-e-type=\"section\" data-settings=\"{&quot;stretch_section&quot;:&quot;section-stretched&quot;}\">\n\t\t\t\t\t\t<div class=\"elementor-container elementor-column-gap-default\">\n\t\t\t\t\t<div class=\"elementor-column elementor-col-100 elementor-top-column elementor-element elementor-element-84aa78d\" data-id=\"84aa78d\" data-element_type=\"column\" data-e-type=\"column\">\n\t\t\t<div class=\"elementor-widget-wrap elementor-element-populated\">\n\t\t\t\t\t\t<div class=\"elementor-element elementor-element-7514382 view_style-3 view_type-1 elementor-widget elementor-widget-industrium_step_carousel\" data-id=\"7514382\" data-element_type=\"widget\" data-e-type=\"widget\" data-widget_type=\"industrium_step_carousel.default\">\n\t\t\t\t<div class=\"elementor-widget-container\">\n\t\t\t\t\t\n        <div class=\"industrium-step-carousel-widget\">\n            <h2 class=\"industrium-heading heading-with-pagination\"><span class=\"industrium-heading-inner\"><span class=\"industrium-heading-content\">Zobacz, jak przebiega wsp\u00f3\u0142praca z Global Windows Trading<\/span><\/span><span class=\"owl-dots owl-dots-desktop owl-dots-7514382\"><\/span><\/h2>\n            <div class=\"step-carousel-wrapper\">\n\n                <div class=\"steps-slider-container\">\n                    <div class=\"steps-slider owl-carousel owl-theme\" data-slider-options=\"{&quot;items&quot;:3,&quot;nav&quot;:true,&quot;dots&quot;:true,&quot;dotsContainer&quot;:&quot;.owl-dots-desktop.owl-dots-7514382&quot;,&quot;dotsContainerMobile&quot;:&quot;.owl-dots-mobile.owl-dots-7514382&quot;,&quot;autoplayHoverPause&quot;:true,&quot;autoplay&quot;:false,&quot;autoplaySpeed&quot;:2500,&quot;autoplayTimeout&quot;:10000,&quot;loop&quot;:true,&quot;speed&quot;:600}\">\n                        <div class=\"step-item slider-item\"><div class=\"step-bg-number\">01<\/div><div class=\"step-number\">krok<\/div><div class=\"step-content\"><h3 class=\"step-title\">Opowiedz nam o swoich oczekiwaniach<\/h3><div class=\"step-description\">Przeanalizujemy Twoje potrzeby i dopytamy o szczeg\u00f3\u0142y, je\u015bli b\u0119dzie to konieczne. Nie chcemy pomin\u0105\u0107 \u017cadnej kwestii, kt\u00f3ra mo\u017ce okaza\u0107 si\u0119 dla Ciebie istotna podczas realizacji zam\u00f3wienia. Skorzystamy zar\u00f3wno z podanych przez Ciebie informacji, jak i naszego wieloletniego do\u015bwiadczenia, aby zaproponowa\u0107 Ci najlepszego sprawdzonego producenta, kt\u00f3ry spe\u0142ni Twoje wymagania.  <\/div><\/div><\/div><div class=\"step-item slider-item\"><div class=\"step-bg-number\">02<\/div><div class=\"step-number\">krok<\/div><div class=\"step-content\"><h3 class=\"step-title\">Odbierz bezp\u0142atn\u0105 wycen\u0119<\/h3><div class=\"step-description\">Gdy poznamy wszystkie Twoje potrzeby, wymagania i informacje o produktach, kt\u00f3rych poszukujesz, b\u0119dziemy mogli przygotowa\u0107 i niezw\u0142ocznie wys\u0142a\u0107 Ci ofert\u0119 z bezp\u0142atn\u0105 wycen\u0105 wybranych przez Ciebie okien, drzwi czy materia\u0142\u00f3w budowlanych. Zachowujemy najwy\u017csze standardy obs\u0142ugi klienta od samego pocz\u0105tku. Gdy zdecydujesz si\u0119 na wsp\u00f3\u0142prac\u0119 z Global Windows Trading, przekonasz si\u0119 r\u00f3wnie\u017c, \u017ce na \u017cadnym etapie realizacji Twojego zam\u00f3wienia nie odpuszczamy dzia\u0142ania zgodnie z warto\u015bciami, kt\u00f3re wyznajemy, prowadz\u0105c nasz\u0105 firm\u0119.<\/div><\/div><\/div><div class=\"step-item slider-item\"><div class=\"step-bg-number\">03<\/div><div class=\"step-number\">krok<\/div><div class=\"step-content\"><h3 class=\"step-title\">Spotkajmy si\u0119, by lepiej si\u0119 pozna\u0107!<\/h3><div class=\"step-description\">Jeste\u015bmy otwarci na Twoje sugestie, pro\u015bby i opinie. Ch\u0119tnie porozmawiamy z Tob\u0105 osobi\u015bcie! Opowiesz nam szczeg\u00f3\u0142owo o tym, czego potrzebujesz do realizacji swoich projekt\u00f3w i inwestycji.\nSpotkajmy si\u0119 na miejscu! Je\u015bli chcesz lepiej nas pozna\u0107, osobi\u015bcie zwiedzi\u0107 fabryk\u0119 i spotka\u0107 si\u0119 z lud\u017ami odpowiedzialnymi za Twoje przysz\u0142e zam\u00f3wienia \u2013 nie mamy nic do ukrycia! Klienci B2B po wybraniu producenta do realizacji swojego zam\u00f3wienia mog\u0105 na \u017cyczenie skorzysta\u0107 z naszego wsparcia w organizacji spotkania w fabryce. Odbierzemy Ci\u0119 z lotniska, po czym wsp\u00f3lnie odwiedzimy siedzib\u0119 producenta. B\u0119dziesz m\u00f3g\u0142 porozmawia\u0107 z osobami, kt\u00f3re s\u0105 bezpo\u015brednio odpowiedzialne za Twoje zlecenie. Dzi\u0119ki temu z \u0142atwo\u015bci\u0105 ustalimy wszystkie warunki wsp\u00f3\u0142pracy oraz wszelkie szczeg\u00f3\u0142y bez \u017cadnych zak\u0142\u00f3ce\u0144, nieporozumie\u0144 i strat czasu, a Ty upewnisz si\u0119, \u017ce powierzasz nadz\u00f3r nad zam\u00f3wieniem i transportem solidnej i zaufanej firmie, jak\u0105 jest Global Windows Trading.\n\n<\/div><\/div><\/div><div class=\"step-item slider-item\"><div class=\"step-bg-number\">04<\/div><div class=\"step-number\">krok<\/div><div class=\"step-content\"><h3 class=\"step-title\">Zadbamy w Twoim imieniu o ka\u017cdy szczeg\u00f3\u0142 zam\u00f3wienia.<\/h3><div class=\"step-description\">Troska o realizacj\u0119 Twojego zam\u00f3wienia b\u0119dzie na naszej g\u0142owie. Zajmiemy si\u0119 szczeg\u00f3\u0142owo zarz\u0105dzaniem i nadzorowaniem wszystkich Twoich zam\u00f3wie\u0144 na ka\u017cdym etapie realizacji. Poinformujemy Ci\u0119 o uko\u0144czeniu najwa\u017cniejszych etap\u00f3w realizacji zam\u00f3wienia.\nPodczas naszej wsp\u00f3\u0142pracy dzia\u0142amy w Twoim imieniu \u2013 reprezentujemy Ciebie i Twoje interesy, nie pozwalaj\u0105c na jakiekolwiek niedoci\u0105gni\u0119cia ze strony producenta czy firmy transportowej. Pozostajemy r\u00f3wnie\u017c do Twojej dyspozycji w godzinach, kt\u00f3re s\u0105 dla Ciebie dogodne \u2013 nie musisz martwi\u0107 si\u0119 o r\u00f3\u017cnice stref czasowych.\nPodczas wsp\u00f3\u0142pracy na naszej g\u0142owie jest r\u00f3wnie\u017c ca\u0142a dokumentacja zwi\u0105zana z zam\u00f3wieniem i importem do miejsca docelowego \u2013 nie musisz si\u0119 zastanawia\u0107, jak nale\u017cy rozwi\u0105za\u0107 kwestie formalne, je\u015bli nigdy wcze\u015bniej tego nie robi\u0142e\u015b.<\/div><\/div><\/div><div class=\"step-item slider-item\"><div class=\"step-bg-number\">05<\/div><div class=\"step-number\">krok<\/div><div class=\"step-content\"><h3 class=\"step-title\">Prze\u0142amujemy granice!<\/h3><div class=\"step-description\">Wysy\u0142amy okna na ca\u0142y \u015awiat! Nie ma dla nas znaczenia, gdzie realizujesz swoj\u0105 inwestycj\u0119 \u2013 je\u015bli tylko docieraj\u0105 tam statki transportowe lub samoloty, wykorzystamy nasze do\u015bwiadczenie i mo\u017cliwo\u015bci, by zorganizowa\u0107 dogodny dla Ciebie transport.\nWiemy, jak zabezpiecza\u0107 okna, drzwi, bramy gara\u017cowe i materia\u0142y budowlane na potrzeby transportu. Mamy w tym ogromne do\u015bwiadczenie. Prowadzimy regularn\u0105 dzia\u0142alno\u015b\u0107 eksportow\u0105, a wi\u0119kszo\u015b\u0107 naszych sta\u0142ych klient\u00f3w zamawia okna z wysy\u0142k\u0105 do Stan\u00f3w Zjednoczonych, Kanady i Australii.  \n<\/div><\/div><\/div><div class=\"step-item slider-item\"><div class=\"step-bg-number\">06<\/div><div class=\"step-number\">krok<\/div><div class=\"step-content\"><h3 class=\"step-title\">Zawsze jasne i czytelne warunki wsp\u00f3\u0142pracy.<\/h3><div class=\"step-description\">Za nasze us\u0142ugi pobieramy prowizj\u0119 \u2013 jej wysoko\u015b\u0107 ustalamy indywidualnie podczas omawiania szczeg\u00f3\u0142\u00f3w realizacji konkretnego zam\u00f3wienia.\nZa co nam p\u0142acisz? Za us\u0142ug\u0119 po\u015brednictwa w zakupie, dba\u0142o\u015b\u0107 o dokumentacj\u0119, magazynowanie, zabezpieczenie towar\u00f3w i ich transport. Nie zarabiamy na zakupionych przez Ciebie produktach \u2013 dzi\u0119ki naszemu wsparciu w negocjacjach i znajomo\u015bci rynku mo\u017cesz zakupi\u0107 je w bardzo korzystnych cenach hurtowych. Zajmujemy si\u0119 wszystkimi formalno\u015bciami potrzebnymi do zgodnego z przepisami eksportu oraz importu.\nDbamy o interesy klient\u00f3w tak, jak o w\u0142asn\u0105 dzia\u0142alno\u015b\u0107. Dzia\u0142amy w oparciu o etyczne zasady wsp\u00f3\u0142pracy \u2013 bo partnerstwo w biznesie rozumiemy jako trosk\u0119 o wzajemne sukcesy.<\/div><\/div><\/div>                    <\/div>                    \n                <\/div>\n                <div class=\"owl-dots owl-dots-mobile owl-dots-7514382\"><\/div>            <\/div>\n        <\/div>\n\n        \t\t\t\t<\/div>\n\t\t\t\t<\/div>\n\t\t\t\t\t<\/div>\n\t\t<\/div>\n\t\t\t\t\t<\/div>\n\t\t<\/section>\n\t\t\t\t<\/div>","protected":false},"excerpt":{"rendered":"","protected":false},"author":1,"featured_media":0,"parent":0,"menu_order":0,"comment_status":"closed","ping_status":"closed","template":"","meta":{"footnotes":""},"class_list":["post-16040","page","type-page","status-publish","hentry"],"_links":{"self":[{"href":"https:\/\/globalwindowstrading.com\/pl\/wp-json\/wp\/v2\/pages\/16040","targetHints":{"allow":["GET"]}}],"collection":[{"href":"https:\/\/globalwindowstrading.com\/pl\/wp-json\/wp\/v2\/pages"}],"about":[{"href":"https:\/\/globalwindowstrading.com\/pl\/wp-json\/wp\/v2\/types\/page"}],"author":[{"embeddable":true,"href":"https:\/\/globalwindowstrading.com\/pl\/wp-json\/wp\/v2\/users\/1"}],"replies":[{"embeddable":true,"href":"https:\/\/globalwindowstrading.com\/pl\/wp-json\/wp\/v2\/comments?post=16040"}],"version-history":[{"count":67,"href":"https:\/\/globalwindowstrading.com\/pl\/wp-json\/wp\/v2\/pages\/16040\/revisions"}],"predecessor-version":[{"id":17842,"href":"https:\/\/globalwindowstrading.com\/pl\/wp-json\/wp\/v2\/pages\/16040\/revisions\/17842"}],"wp:attachment":[{"href":"https:\/\/globalwindowstrading.com\/pl\/wp-json\/wp\/v2\/media?parent=16040"}],"curies":[{"name":"wp","href":"https:\/\/api.w.org\/{rel}","templated":true}]}}